{"id":10643,"date":"2022-06-17T17:49:57","date_gmt":"2022-06-17T20:49:57","guid":{"rendered":"https:\/\/www.filantropiacortessolari.cl\/?page_id=10643"},"modified":"2022-06-30T18:45:42","modified_gmt":"2022-06-30T21:45:42","slug":"blue-climate-summit-tahiti","status":"publish","type":"page","link":"https:\/\/www.filantropiacortessolari.cl\/en\/blue-climate-summit-tahiti\/","title":{"rendered":"Blue Climate Summit (Tahit\u00ed)"},"content":{"rendered":"<style type=\"text\/css\"> \n#cmsms_row_69eebaa1c6e6e6_65813922 .cmsms_row_outer_parent { \n\tpadding-top: 0px; \n} \n\n#cmsms_row_69eebaa1c6e6e6_65813922 .cmsms_row_outer_parent { \n\tpadding-bottom: 50px; \n} \n\n \n#cmsms_row_69eebaa1c6ee56_53064908 .cmsms_row_outer_parent { \n\tpadding-top: 0px; \n} \n\n#cmsms_row_69eebaa1c6ee56_53064908 .cmsms_row_outer_parent { \n\tpadding-bottom: 50px; \n} \n\n<\/style><div id=\"cmsms_row_69eebaa1c6e6e6_65813922\" class=\"cmsms_row cmsms_color_scheme_default\">\n<div class=\"cmsms_row_outer_parent\">\n<div class=\"cmsms_row_outer\">\n<div class=\"cmsms_row_inner\">\n<div class=\"cmsms_row_margin\">\n<div class=\"cmsms_column one_first\">\n<div class=\"cmsms_text\">\n<p><img loading=\"lazy\" decoding=\"async\" class=\"aligncenter size-full wp-image-10644\" src=\"https:\/\/www.filantropiacortessolari.cl\/wp-content\/uploads\/2022\/06\/Blue-climate.jpg\" alt=\"\" width=\"1113\" height=\"347\" srcset=\"https:\/\/www.filantropiacortessolari.cl\/wp-content\/uploads\/2022\/06\/Blue-climate.jpg 1113w, https:\/\/www.filantropiacortessolari.cl\/wp-content\/uploads\/2022\/06\/Blue-climate-300x94.jpg 300w, https:\/\/www.filantropiacortessolari.cl\/wp-content\/uploads\/2022\/06\/Blue-climate-1024x319.jpg 1024w, https:\/\/www.filantropiacortessolari.cl\/wp-content\/uploads\/2022\/06\/Blue-climate-768x239.jpg 768w, https:\/\/www.filantropiacortessolari.cl\/wp-content\/uploads\/2022\/06\/Blue-climate-580x181.jpg 580w, https:\/\/www.filantropiacortessolari.cl\/wp-content\/uploads\/2022\/06\/Blue-climate-820x256.jpg 820w\" sizes=\"auto, (max-width: 1113px) 100vw, 1113px\" \/><\/p>\n<\/div>\n<\/div>\n<\/div>\n<\/div>\n<\/div>\n<\/div>\n<\/div>\n<div id=\"cmsms_row_69eebaa1c6ee56_53064908\" class=\"cmsms_row cmsms_color_scheme_default\">\n<div class=\"cmsms_row_outer_parent\">\n<div class=\"cmsms_row_outer\">\n<div class=\"cmsms_row_inner\">\n<div class=\"cmsms_row_margin\">\n<div class=\"cmsms_column one_first\">\n<div class=\"cmsms_text\">\n<figure id=\"attachment_10959\" aria-describedby=\"caption-attachment-10959\" style=\"width: 300px\" class=\"wp-caption alignleft\"><img loading=\"lazy\" decoding=\"async\" class=\"wp-image-10959 size-medium\" src=\"https:\/\/www.filantropiacortessolari.cl\/wp-content\/uploads\/2022\/06\/DSC_7500-300x200.jpg\" alt=\"Francisca Cort\u00e9s Solari\" width=\"300\" height=\"200\" srcset=\"https:\/\/www.filantropiacortessolari.cl\/wp-content\/uploads\/2022\/06\/DSC_7500-300x200.jpg 300w, https:\/\/www.filantropiacortessolari.cl\/wp-content\/uploads\/2022\/06\/DSC_7500-1024x683.jpg 1024w, https:\/\/www.filantropiacortessolari.cl\/wp-content\/uploads\/2022\/06\/DSC_7500-768x512.jpg 768w, https:\/\/www.filantropiacortessolari.cl\/wp-content\/uploads\/2022\/06\/DSC_7500-1536x1024.jpg 1536w, https:\/\/www.filantropiacortessolari.cl\/wp-content\/uploads\/2022\/06\/DSC_7500-2048x1366.jpg 2048w, https:\/\/www.filantropiacortessolari.cl\/wp-content\/uploads\/2022\/06\/DSC_7500-580x387.jpg 580w, https:\/\/www.filantropiacortessolari.cl\/wp-content\/uploads\/2022\/06\/DSC_7500-820x547.jpg 820w, https:\/\/www.filantropiacortessolari.cl\/wp-content\/uploads\/2022\/06\/DSC_7500-1160x773.jpg 1160w\" sizes=\"auto, (max-width: 300px) 100vw, 300px\" \/><figcaption id=\"caption-attachment-10959\" class=\"wp-caption-text\">Francisca Cort\u00e9s Solari<\/figcaption><\/figure>\n<p>The Blue Climate Summit brought together 250 world leaders, including Dr. Sylvia Earle and Laura Turner.<\/p>\n<p>Francisca Cort\u00e9s Solari, our Executive President, inaugurated this international meeting about cutting-edge technologies for ocean conservation and climate change mitigation in French Polynesia on Saturday.<\/p>\n<p>\u201cWe must act today. This is a problem that has an impact on all of us and whose solution requires a change in individual and then collective consciousness,\u201d said the Chilean philanthropist, the only representative from Latin America.<\/p>\n<p>In a strategic partnership with Filantrop\u00eda Cort\u00e9s Solari, Michel Andr\u00e9 presented LIDO, a technology that monitors the oceans. LIDO is used in our flagship project, The Blue BOAT Initiative, which is a joint effort between the Government of Chile and the MERI Foundation. Michel Andr\u00e9 is the President of The Sense of Silence Foundation and director of the Bioacoustic Applications Laboratory of the Universitat Polit\u00e8cnica de Catalunya, Barcelona Tech.<\/p>\n<p><a href=\"https:\/\/www.blueclimateinitiative.org\/sites\/default\/files\/2022-06\/Blue%20Climate%20Summit%20Outcomes%20Report%20May%202022.pdf\">You can review the full report here (PDF)<\/a><\/p>\n<\/div>\n<\/div>\n<\/div>\n<\/div>\n<\/div>\n<\/div>\n<\/div>\n\n","protected":false},"excerpt":{"rendered":"","protected":false},"author":1,"featured_media":0,"parent":0,"menu_order":0,"comment_status":"closed","ping_status":"closed","template":"","meta":{"footnotes":""},"class_list":["post-10643","page","type-page","status-publish","hentry"],"translation":{"provider":"WPGlobus","version":"3.0.2","language":"en","enabled_languages":["es","en"],"languages":{"es":{"title":true,"content":true,"excerpt":false},"en":{"title":true,"content":true,"excerpt":false}}},"yoast_head":"<!-- This site is optimized with the Yoast SEO plugin v27.4 - https:\/\/yoast.com\/product\/yoast-seo-wordpress\/ -->\n<title>Blue Climate Summit (Tahit\u00ed)<\/title>\n<meta name=\"robots\" content=\"index, follow, max-snippet:-1, max-image-preview:large, max-video-preview:-1\" \/>\n<link rel=\"canonical\" href=\"https:\/\/www.filantropiacortessolari.cl\/blue-climate-summit-tahiti\/\" \/>\n<meta property=\"og:locale\" content=\"en_US\" \/>\n<meta property=\"og:type\" content=\"article\" \/>\n<meta property=\"og:title\" content=\"Blue Climate Summit (Tahit\u00ed)\" \/>\n<meta property=\"og:url\" content=\"https:\/\/www.filantropiacortessolari.cl\/blue-climate-summit-tahiti\/\" \/>\n<meta property=\"og:site_name\" content=\"Filantrop\u00eda Cort\u00e9s Solari\" \/>\n<meta property=\"article:modified_time\" content=\"2022-06-30T21:45:42+00:00\" \/>\n<meta property=\"og:image\" content=\"https:\/\/www.filantropiacortessolari.cl\/wp-content\/uploads\/2022\/06\/Blue-climate.jpg\" \/>\n<meta name=\"twitter:card\" content=\"summary_large_image\" \/>\n<meta name=\"twitter:label1\" content=\"Est. reading time\" \/>\n\t<meta name=\"twitter:data1\" content=\"2 minutes\" \/>\n<script type=\"application\/ld+json\" class=\"yoast-schema-graph\">{\"@context\":\"https:\\\/\\\/schema.org\",\"@graph\":[{\"@type\":\"WebPage\",\"@id\":\"https:\\\/\\\/www.filantropiacortessolari.cl\\\/blue-climate-summit-tahiti\\\/\",\"url\":\"https:\\\/\\\/www.filantropiacortessolari.cl\\\/blue-climate-summit-tahiti\\\/\",\"name\":\"Blue Climate Summit (Tahit\u00ed)\",\"isPartOf\":{\"@id\":\"https:\\\/\\\/www.filantropiacortessolari.cl\\\/#website\"},\"primaryImageOfPage\":{\"@id\":\"https:\\\/\\\/www.filantropiacortessolari.cl\\\/blue-climate-summit-tahiti\\\/#primaryimage\"},\"image\":{\"@id\":\"https:\\\/\\\/www.filantropiacortessolari.cl\\\/blue-climate-summit-tahiti\\\/#primaryimage\"},\"thumbnailUrl\":\"https:\\\/\\\/www.filantropiacortessolari.cl\\\/wp-content\\\/uploads\\\/2022\\\/06\\\/Blue-climate.jpg\",\"datePublished\":\"2022-06-17T20:49:57+00:00\",\"dateModified\":\"2022-06-30T21:45:42+00:00\",\"breadcrumb\":{\"@id\":\"https:\\\/\\\/www.filantropiacortessolari.cl\\\/blue-climate-summit-tahiti\\\/#breadcrumb\"},\"inLanguage\":\"en-US\",\"potentialAction\":[{\"@type\":\"ReadAction\",\"target\":[\"https:\\\/\\\/www.filantropiacortessolari.cl\\\/blue-climate-summit-tahiti\\\/\"]}]},{\"@type\":\"ImageObject\",\"inLanguage\":\"en-US\",\"@id\":\"https:\\\/\\\/www.filantropiacortessolari.cl\\\/blue-climate-summit-tahiti\\\/#primaryimage\",\"url\":\"https:\\\/\\\/www.filantropiacortessolari.cl\\\/wp-content\\\/uploads\\\/2022\\\/06\\\/Blue-climate.jpg\",\"contentUrl\":\"https:\\\/\\\/www.filantropiacortessolari.cl\\\/wp-content\\\/uploads\\\/2022\\\/06\\\/Blue-climate.jpg\"},{\"@type\":\"BreadcrumbList\",\"@id\":\"https:\\\/\\\/www.filantropiacortessolari.cl\\\/blue-climate-summit-tahiti\\\/#breadcrumb\",\"itemListElement\":[{\"@type\":\"ListItem\",\"position\":1,\"name\":\"Portada\",\"item\":\"https:\\\/\\\/www.filantropiacortessolari.cl\\\/\"},{\"@type\":\"ListItem\",\"position\":2,\"name\":\"Blue Climate Summit (Tahit\u00ed)\"}]},{\"@type\":\"WebSite\",\"@id\":\"https:\\\/\\\/www.filantropiacortessolari.cl\\\/#website\",\"url\":\"https:\\\/\\\/www.filantropiacortessolari.cl\\\/\",\"name\":\"Filantrop\u00eda Cort\u00e9s Solari\",\"description\":\"Sitio web Filantrop\u00eda Cort\u00e9s Solari\",\"potentialAction\":[{\"@type\":\"SearchAction\",\"target\":{\"@type\":\"EntryPoint\",\"urlTemplate\":\"https:\\\/\\\/www.filantropiacortessolari.cl\\\/?s={search_term_string}\"},\"query-input\":{\"@type\":\"PropertyValueSpecification\",\"valueRequired\":true,\"valueName\":\"search_term_string\"}}],\"inLanguage\":\"en-US\"}]}<\/script>\n<!-- \/ Yoast SEO plugin. -->","yoast_head_json":{"title":"Blue Climate Summit (Tahit\u00ed)","robots":{"index":"index","follow":"follow","max-snippet":"max-snippet:-1","max-image-preview":"max-image-preview:large","max-video-preview":"max-video-preview:-1"},"canonical":"https:\/\/www.filantropiacortessolari.cl\/blue-climate-summit-tahiti\/","og_locale":"en_US","og_type":"article","og_title":"Blue Climate Summit (Tahit\u00ed)","og_url":"https:\/\/www.filantropiacortessolari.cl\/blue-climate-summit-tahiti\/","og_site_name":"Filantrop\u00eda Cort\u00e9s Solari","article_modified_time":"2022-06-30T21:45:42+00:00","og_image":[{"url":"https:\/\/www.filantropiacortessolari.cl\/wp-content\/uploads\/2022\/06\/Blue-climate.jpg","type":"","width":"","height":""}],"twitter_card":"summary_large_image","twitter_misc":{"Est. reading time":"2 minutes"},"schema":{"@context":"https:\/\/schema.org","@graph":[{"@type":"WebPage","@id":"https:\/\/www.filantropiacortessolari.cl\/blue-climate-summit-tahiti\/","url":"https:\/\/www.filantropiacortessolari.cl\/blue-climate-summit-tahiti\/","name":"Blue Climate Summit (Tahit\u00ed)","isPartOf":{"@id":"https:\/\/www.filantropiacortessolari.cl\/#website"},"primaryImageOfPage":{"@id":"https:\/\/www.filantropiacortessolari.cl\/blue-climate-summit-tahiti\/#primaryimage"},"image":{"@id":"https:\/\/www.filantropiacortessolari.cl\/blue-climate-summit-tahiti\/#primaryimage"},"thumbnailUrl":"https:\/\/www.filantropiacortessolari.cl\/wp-content\/uploads\/2022\/06\/Blue-climate.jpg","datePublished":"2022-06-17T20:49:57+00:00","dateModified":"2022-06-30T21:45:42+00:00","breadcrumb":{"@id":"https:\/\/www.filantropiacortessolari.cl\/blue-climate-summit-tahiti\/#breadcrumb"},"inLanguage":"en-US","potentialAction":[{"@type":"ReadAction","target":["https:\/\/www.filantropiacortessolari.cl\/blue-climate-summit-tahiti\/"]}]},{"@type":"ImageObject","inLanguage":"en-US","@id":"https:\/\/www.filantropiacortessolari.cl\/blue-climate-summit-tahiti\/#primaryimage","url":"https:\/\/www.filantropiacortessolari.cl\/wp-content\/uploads\/2022\/06\/Blue-climate.jpg","contentUrl":"https:\/\/www.filantropiacortessolari.cl\/wp-content\/uploads\/2022\/06\/Blue-climate.jpg"},{"@type":"BreadcrumbList","@id":"https:\/\/www.filantropiacortessolari.cl\/blue-climate-summit-tahiti\/#breadcrumb","itemListElement":[{"@type":"ListItem","position":1,"name":"Portada","item":"https:\/\/www.filantropiacortessolari.cl\/"},{"@type":"ListItem","position":2,"name":"Blue Climate Summit (Tahit\u00ed)"}]},{"@type":"WebSite","@id":"https:\/\/www.filantropiacortessolari.cl\/#website","url":"https:\/\/www.filantropiacortessolari.cl\/","name":"Filantrop\u00eda Cort\u00e9s Solari","description":"Sitio web Filantrop\u00eda Cort\u00e9s Solari","potentialAction":[{"@type":"SearchAction","target":{"@type":"EntryPoint","urlTemplate":"https:\/\/www.filantropiacortessolari.cl\/?s={search_term_string}"},"query-input":{"@type":"PropertyValueSpecification","valueRequired":true,"valueName":"search_term_string"}}],"inLanguage":"en-US"}]}},"_links":{"self":[{"href":"https:\/\/www.filantropiacortessolari.cl\/en\/wp-json\/wp\/v2\/pages\/10643","targetHints":{"allow":["GET"]}}],"collection":[{"href":"https:\/\/www.filantropiacortessolari.cl\/en\/wp-json\/wp\/v2\/pages"}],"about":[{"href":"https:\/\/www.filantropiacortessolari.cl\/en\/wp-json\/wp\/v2\/types\/page"}],"author":[{"embeddable":true,"href":"https:\/\/www.filantropiacortessolari.cl\/en\/wp-json\/wp\/v2\/users\/1"}],"replies":[{"embeddable":true,"href":"https:\/\/www.filantropiacortessolari.cl\/en\/wp-json\/wp\/v2\/comments?post=10643"}],"version-history":[{"count":7,"href":"https:\/\/www.filantropiacortessolari.cl\/en\/wp-json\/wp\/v2\/pages\/10643\/revisions"}],"predecessor-version":[{"id":10962,"href":"https:\/\/www.filantropiacortessolari.cl\/en\/wp-json\/wp\/v2\/pages\/10643\/revisions\/10962"}],"wp:attachment":[{"href":"https:\/\/www.filantropiacortessolari.cl\/en\/wp-json\/wp\/v2\/media?parent=10643"}],"curies":[{"name":"wp","href":"https:\/\/api.w.org\/{rel}","templated":true}]}}