{"id":10648,"date":"2022-06-17T17:59:57","date_gmt":"2022-06-17T20:59:57","guid":{"rendered":"https:\/\/www.filantropiacortessolari.cl\/?page_id=10648"},"modified":"2022-06-20T16:37:39","modified_gmt":"2022-06-20T19:37:39","slug":"un-global-compact-leaders-summit","status":"publish","type":"page","link":"https:\/\/www.filantropiacortessolari.cl\/en\/un-global-compact-leaders-summit\/","title":{"rendered":"UN Global Compact Leaders Summit"},"content":{"rendered":"<style type=\"text\/css\"> \n#cmsms_row_69d1030dc44418_73499990 .cmsms_row_outer_parent { \n\tpadding-top: 0px; \n} \n\n#cmsms_row_69d1030dc44418_73499990 .cmsms_row_outer_parent { \n\tpadding-bottom: 50px; \n} \n\n \n#cmsms_row_69d1030dc45dc1_58475453 .cmsms_row_outer_parent { \n\tpadding-top: 0px; \n} \n\n#cmsms_row_69d1030dc45dc1_58475453 .cmsms_row_outer_parent { \n\tpadding-bottom: 50px; \n} \n\n \n#cmsms_row_69d1030dc460d7_04822309 .cmsms_row_outer_parent { \n\tpadding-bottom: 50px; \n} \n\n<\/style><div id=\"cmsms_row_69d1030dc44418_73499990\" class=\"cmsms_row cmsms_color_scheme_default\">\n<div class=\"cmsms_row_outer_parent\">\n<div class=\"cmsms_row_outer\">\n<div class=\"cmsms_row_inner\">\n<div class=\"cmsms_row_margin\">\n<div class=\"cmsms_column one_first\">\n<div class=\"cmsms_text\">\n<p><img loading=\"lazy\" decoding=\"async\" class=\"aligncenter size-full wp-image-10645\" src=\"https:\/\/www.filantropiacortessolari.cl\/wp-content\/uploads\/2022\/06\/Unglobal.jpg\" alt=\"\" width=\"1113\" height=\"347\" srcset=\"https:\/\/www.filantropiacortessolari.cl\/wp-content\/uploads\/2022\/06\/Unglobal.jpg 1113w, https:\/\/www.filantropiacortessolari.cl\/wp-content\/uploads\/2022\/06\/Unglobal-300x94.jpg 300w, https:\/\/www.filantropiacortessolari.cl\/wp-content\/uploads\/2022\/06\/Unglobal-1024x319.jpg 1024w, https:\/\/www.filantropiacortessolari.cl\/wp-content\/uploads\/2022\/06\/Unglobal-768x239.jpg 768w, https:\/\/www.filantropiacortessolari.cl\/wp-content\/uploads\/2022\/06\/Unglobal-580x181.jpg 580w, https:\/\/www.filantropiacortessolari.cl\/wp-content\/uploads\/2022\/06\/Unglobal-820x256.jpg 820w\" sizes=\"auto, (max-width: 1113px) 100vw, 1113px\" \/><\/p>\n<\/div>\n<\/div>\n<\/div>\n<\/div>\n<\/div>\n<\/div>\n<\/div>\n<div id=\"cmsms_row_69d1030dc45865_07447459\" class=\"cmsms_row cmsms_color_scheme_default\">\n<div class=\"cmsms_row_outer_parent\">\n<div class=\"cmsms_row_outer\">\n<div class=\"cmsms_row_inner\">\n<div class=\"cmsms_row_margin\">\n<div class=\"cmsms_column one_first\">\n<div class=\"cmsms_text\">\n<p>On June 1 and 2, Francisca Cort\u00e9s Solari, Executive President of Cort\u00e9s Solari Philanthropy, joined other Latin American leaders at the Leaders Summit Latin America Plenary Session.<\/p>\n<p>The business event convened leaders and UN stakeholders, such as governments, businesses, and civil society, and our Executive President was present on Wednesday, June 1.<\/p>\n<p>According to the United Nations Environment Program (UNEP), about 60% of the world\u2019s terrestrial life, and various freshwater and marine species are found in Latin America and the Caribbean.<\/p>\n<p>The Summit discussed the importance of their conservation and how the different institutions are approaching their work.<\/p>\n<p>Protecting Latin America&#8217;s biodiversity is key to achieving global climate goals. Companies have become aware of this and are developing relevant actions and projects in different countries.<\/p>\n<\/div>\n<\/div>\n<\/div>\n<\/div>\n<\/div>\n<\/div>\n<\/div>\n<div id=\"cmsms_row_69d1030dc45dc1_58475453\" class=\"cmsms_row cmsms_color_scheme_default\">\n<div class=\"cmsms_row_outer_parent\">\n<div class=\"cmsms_row_outer\">\n<div class=\"cmsms_row_inner\">\n<div class=\"cmsms_row_margin\">\n<div class=\"cmsms_column one_first\">\n<div class=\"cmsms_text\">\n<h2 style=\"text-align: center;\">Relive the UN Global Compact Leaders Summit<\/h2>\n<\/div>\n<\/div>\n<\/div>\n<\/div>\n<\/div>\n<\/div>\n<\/div>\n<div id=\"cmsms_row_69d1030dc460d7_04822309\" class=\"cmsms_row cmsms_color_scheme_default\">\n<div class=\"cmsms_row_outer_parent\">\n<div class=\"cmsms_row_outer\">\n<div class=\"cmsms_row_inner\">\n<div class=\"cmsms_row_margin\">\n<div class=\"cmsms_column one_first\">\n<div class=\"cmsms_text\">\n<iframe loading=\"lazy\" title=\"YouTube video player\" src=\"https:\/\/www.youtube.com\/embed\/knpfWGkyJ60\" width=\"100%\" height=\"450\" frameborder=\"0\" allowfullscreen=\"allowfullscreen\"><\/iframe>\n<\/div>\n<\/div>\n<\/div>\n<\/div>\n<\/div>\n<\/div>\n<\/div>\n\n","protected":false},"excerpt":{"rendered":"","protected":false},"author":1,"featured_media":0,"parent":0,"menu_order":0,"comment_status":"closed","ping_status":"closed","template":"","meta":{"footnotes":""},"class_list":["post-10648","page","type-page","status-publish","hentry"],"translation":{"provider":"WPGlobus","version":"3.0.2","language":"en","enabled_languages":["es","en"],"languages":{"es":{"title":true,"content":true,"excerpt":false},"en":{"title":true,"content":true,"excerpt":false}}},"yoast_head":"<!-- This site is optimized with the Yoast SEO plugin v27.1.1 - https:\/\/yoast.com\/product\/yoast-seo-wordpress\/ -->\n<title>UN Global Compact Leaders Summit<\/title>\n<meta name=\"robots\" content=\"index, follow, max-snippet:-1, max-image-preview:large, max-video-preview:-1\" \/>\n<link rel=\"canonical\" href=\"https:\/\/www.filantropiacortessolari.cl\/un-global-compact-leaders-summit\/\" \/>\n<meta property=\"og:locale\" content=\"en_US\" \/>\n<meta property=\"og:type\" content=\"article\" \/>\n<meta property=\"og:title\" content=\"UN Global Compact Leaders Summit\" \/>\n<meta property=\"og:url\" content=\"https:\/\/www.filantropiacortessolari.cl\/un-global-compact-leaders-summit\/\" \/>\n<meta property=\"og:site_name\" content=\"Filantrop\u00eda Cort\u00e9s Solari\" \/>\n<meta property=\"article:modified_time\" content=\"2022-06-20T19:37:39+00:00\" \/>\n<meta property=\"og:image\" content=\"https:\/\/www.filantropiacortessolari.cl\/wp-content\/uploads\/2022\/06\/Unglobal.jpg\" \/>\n<meta name=\"twitter:card\" content=\"summary_large_image\" \/>\n<meta name=\"twitter:label1\" content=\"Est. reading time\" \/>\n\t<meta name=\"twitter:data1\" content=\"1 minute\" \/>\n<script type=\"application\/ld+json\" class=\"yoast-schema-graph\">{\"@context\":\"https:\/\/schema.org\",\"@graph\":[{\"@type\":\"WebPage\",\"@id\":\"https:\/\/www.filantropiacortessolari.cl\/un-global-compact-leaders-summit\/\",\"url\":\"https:\/\/www.filantropiacortessolari.cl\/un-global-compact-leaders-summit\/\",\"name\":\"UN Global Compact Leaders Summit\",\"isPartOf\":{\"@id\":\"https:\/\/www.filantropiacortessolari.cl\/#website\"},\"primaryImageOfPage\":{\"@id\":\"https:\/\/www.filantropiacortessolari.cl\/un-global-compact-leaders-summit\/#primaryimage\"},\"image\":{\"@id\":\"https:\/\/www.filantropiacortessolari.cl\/un-global-compact-leaders-summit\/#primaryimage\"},\"thumbnailUrl\":\"https:\/\/www.filantropiacortessolari.cl\/wp-content\/uploads\/2022\/06\/Unglobal.jpg\",\"datePublished\":\"2022-06-17T20:59:57+00:00\",\"dateModified\":\"2022-06-20T19:37:39+00:00\",\"breadcrumb\":{\"@id\":\"https:\/\/www.filantropiacortessolari.cl\/un-global-compact-leaders-summit\/#breadcrumb\"},\"inLanguage\":\"en-US\",\"potentialAction\":[{\"@type\":\"ReadAction\",\"target\":[\"https:\/\/www.filantropiacortessolari.cl\/un-global-compact-leaders-summit\/\"]}]},{\"@type\":\"ImageObject\",\"inLanguage\":\"en-US\",\"@id\":\"https:\/\/www.filantropiacortessolari.cl\/un-global-compact-leaders-summit\/#primaryimage\",\"url\":\"https:\/\/www.filantropiacortessolari.cl\/wp-content\/uploads\/2022\/06\/Unglobal.jpg\",\"contentUrl\":\"https:\/\/www.filantropiacortessolari.cl\/wp-content\/uploads\/2022\/06\/Unglobal.jpg\"},{\"@type\":\"BreadcrumbList\",\"@id\":\"https:\/\/www.filantropiacortessolari.cl\/un-global-compact-leaders-summit\/#breadcrumb\",\"itemListElement\":[{\"@type\":\"ListItem\",\"position\":1,\"name\":\"Portada\",\"item\":\"https:\/\/www.filantropiacortessolari.cl\/\"},{\"@type\":\"ListItem\",\"position\":2,\"name\":\"UN Global Compact Leaders Summit\"}]},{\"@type\":\"WebSite\",\"@id\":\"https:\/\/www.filantropiacortessolari.cl\/#website\",\"url\":\"https:\/\/www.filantropiacortessolari.cl\/\",\"name\":\"Filantrop\u00eda Cort\u00e9s Solari\",\"description\":\"Sitio web Filantrop\u00eda Cort\u00e9s Solari\",\"potentialAction\":[{\"@type\":\"SearchAction\",\"target\":{\"@type\":\"EntryPoint\",\"urlTemplate\":\"https:\/\/www.filantropiacortessolari.cl\/?s={search_term_string}\"},\"query-input\":{\"@type\":\"PropertyValueSpecification\",\"valueRequired\":true,\"valueName\":\"search_term_string\"}}],\"inLanguage\":\"en-US\"}]}<\/script>\n<!-- \/ Yoast SEO plugin. -->","yoast_head_json":{"title":"UN Global Compact Leaders Summit","robots":{"index":"index","follow":"follow","max-snippet":"max-snippet:-1","max-image-preview":"max-image-preview:large","max-video-preview":"max-video-preview:-1"},"canonical":"https:\/\/www.filantropiacortessolari.cl\/un-global-compact-leaders-summit\/","og_locale":"en_US","og_type":"article","og_title":"UN Global Compact Leaders Summit","og_url":"https:\/\/www.filantropiacortessolari.cl\/un-global-compact-leaders-summit\/","og_site_name":"Filantrop\u00eda Cort\u00e9s Solari","article_modified_time":"2022-06-20T19:37:39+00:00","og_image":[{"url":"https:\/\/www.filantropiacortessolari.cl\/wp-content\/uploads\/2022\/06\/Unglobal.jpg","type":"","width":"","height":""}],"twitter_card":"summary_large_image","twitter_misc":{"Est. reading time":"1 minute"},"schema":{"@context":"https:\/\/schema.org","@graph":[{"@type":"WebPage","@id":"https:\/\/www.filantropiacortessolari.cl\/un-global-compact-leaders-summit\/","url":"https:\/\/www.filantropiacortessolari.cl\/un-global-compact-leaders-summit\/","name":"UN Global Compact Leaders Summit","isPartOf":{"@id":"https:\/\/www.filantropiacortessolari.cl\/#website"},"primaryImageOfPage":{"@id":"https:\/\/www.filantropiacortessolari.cl\/un-global-compact-leaders-summit\/#primaryimage"},"image":{"@id":"https:\/\/www.filantropiacortessolari.cl\/un-global-compact-leaders-summit\/#primaryimage"},"thumbnailUrl":"https:\/\/www.filantropiacortessolari.cl\/wp-content\/uploads\/2022\/06\/Unglobal.jpg","datePublished":"2022-06-17T20:59:57+00:00","dateModified":"2022-06-20T19:37:39+00:00","breadcrumb":{"@id":"https:\/\/www.filantropiacortessolari.cl\/un-global-compact-leaders-summit\/#breadcrumb"},"inLanguage":"en-US","potentialAction":[{"@type":"ReadAction","target":["https:\/\/www.filantropiacortessolari.cl\/un-global-compact-leaders-summit\/"]}]},{"@type":"ImageObject","inLanguage":"en-US","@id":"https:\/\/www.filantropiacortessolari.cl\/un-global-compact-leaders-summit\/#primaryimage","url":"https:\/\/www.filantropiacortessolari.cl\/wp-content\/uploads\/2022\/06\/Unglobal.jpg","contentUrl":"https:\/\/www.filantropiacortessolari.cl\/wp-content\/uploads\/2022\/06\/Unglobal.jpg"},{"@type":"BreadcrumbList","@id":"https:\/\/www.filantropiacortessolari.cl\/un-global-compact-leaders-summit\/#breadcrumb","itemListElement":[{"@type":"ListItem","position":1,"name":"Portada","item":"https:\/\/www.filantropiacortessolari.cl\/"},{"@type":"ListItem","position":2,"name":"UN Global Compact Leaders Summit"}]},{"@type":"WebSite","@id":"https:\/\/www.filantropiacortessolari.cl\/#website","url":"https:\/\/www.filantropiacortessolari.cl\/","name":"Filantrop\u00eda Cort\u00e9s Solari","description":"Sitio web Filantrop\u00eda Cort\u00e9s Solari","potentialAction":[{"@type":"SearchAction","target":{"@type":"EntryPoint","urlTemplate":"https:\/\/www.filantropiacortessolari.cl\/?s={search_term_string}"},"query-input":{"@type":"PropertyValueSpecification","valueRequired":true,"valueName":"search_term_string"}}],"inLanguage":"en-US"}]}},"_links":{"self":[{"href":"https:\/\/www.filantropiacortessolari.cl\/en\/wp-json\/wp\/v2\/pages\/10648","targetHints":{"allow":["GET"]}}],"collection":[{"href":"https:\/\/www.filantropiacortessolari.cl\/en\/wp-json\/wp\/v2\/pages"}],"about":[{"href":"https:\/\/www.filantropiacortessolari.cl\/en\/wp-json\/wp\/v2\/types\/page"}],"author":[{"embeddable":true,"href":"https:\/\/www.filantropiacortessolari.cl\/en\/wp-json\/wp\/v2\/users\/1"}],"replies":[{"embeddable":true,"href":"https:\/\/www.filantropiacortessolari.cl\/en\/wp-json\/wp\/v2\/comments?post=10648"}],"version-history":[{"count":7,"href":"https:\/\/www.filantropiacortessolari.cl\/en\/wp-json\/wp\/v2\/pages\/10648\/revisions"}],"predecessor-version":[{"id":10699,"href":"https:\/\/www.filantropiacortessolari.cl\/en\/wp-json\/wp\/v2\/pages\/10648\/revisions\/10699"}],"wp:attachment":[{"href":"https:\/\/www.filantropiacortessolari.cl\/en\/wp-json\/wp\/v2\/media?parent=10648"}],"curies":[{"name":"wp","href":"https:\/\/api.w.org\/{rel}","templated":true}]}}