{"id":11273,"date":"2022-12-19T18:25:16","date_gmt":"2022-12-19T21:25:16","guid":{"rendered":"https:\/\/www.filantropiacortessolari.cl\/?page_id=11273"},"modified":"2022-12-28T13:37:17","modified_gmt":"2022-12-28T16:37:17","slug":"coedu-2022","status":"publish","type":"page","link":"https:\/\/www.filantropiacortessolari.cl\/en\/coedu-2022\/","title":{"rendered":"COEDU (2022)"},"content":{"rendered":"<style type=\"text\/css\"> \n#cmsms_row_69eebaa15128b8_56291791 .cmsms_row_outer_parent { \n\tpadding-top: 0px; \n} \n\n#cmsms_row_69eebaa15128b8_56291791 .cmsms_row_outer_parent { \n\tpadding-bottom: 50px; \n} \n\n \n#cmsms_row_69eebaa15132c7_09119034 .cmsms_row_outer_parent { \n\tpadding-bottom: 50px; \n} \n\n \n#cmsms_row_69eebaa15138a8_05589848 .cmsms_row_outer_parent { \n\tpadding-top: 0px; \n} \n\n#cmsms_row_69eebaa15138a8_05589848 .cmsms_row_outer_parent { \n\tpadding-bottom: 50px; \n} \n\n<\/style><div id=\"cmsms_row_69eebaa15128b8_56291791\" class=\"cmsms_row cmsms_color_scheme_default\">\n<div class=\"cmsms_row_outer_parent\">\n<div class=\"cmsms_row_outer\">\n<div class=\"cmsms_row_inner\">\n<div class=\"cmsms_row_margin\">\n<div class=\"cmsms_column one_first\">\n<div class=\"cmsms_text\">\n<p><img loading=\"lazy\" decoding=\"async\" class=\"alignleft size-large wp-image-11275\" src=\"https:\/\/www.filantropiacortessolari.cl\/wp-content\/uploads\/2022\/12\/banner-caserta-coedu_Mesa-de-trabajo-1-copia-2-2-1024x576.png\" alt=\"\" width=\"1024\" height=\"576\" srcset=\"https:\/\/www.filantropiacortessolari.cl\/wp-content\/uploads\/2022\/12\/banner-caserta-coedu_Mesa-de-trabajo-1-copia-2-2-1024x576.png 1024w, https:\/\/www.filantropiacortessolari.cl\/wp-content\/uploads\/2022\/12\/banner-caserta-coedu_Mesa-de-trabajo-1-copia-2-2-300x169.png 300w, https:\/\/www.filantropiacortessolari.cl\/wp-content\/uploads\/2022\/12\/banner-caserta-coedu_Mesa-de-trabajo-1-copia-2-2-768x432.png 768w, https:\/\/www.filantropiacortessolari.cl\/wp-content\/uploads\/2022\/12\/banner-caserta-coedu_Mesa-de-trabajo-1-copia-2-2-1536x864.png 1536w, https:\/\/www.filantropiacortessolari.cl\/wp-content\/uploads\/2022\/12\/banner-caserta-coedu_Mesa-de-trabajo-1-copia-2-2-2048x1152.png 2048w, https:\/\/www.filantropiacortessolari.cl\/wp-content\/uploads\/2022\/12\/banner-caserta-coedu_Mesa-de-trabajo-1-copia-2-2-580x326.png 580w, https:\/\/www.filantropiacortessolari.cl\/wp-content\/uploads\/2022\/12\/banner-caserta-coedu_Mesa-de-trabajo-1-copia-2-2-820x461.png 820w, https:\/\/www.filantropiacortessolari.cl\/wp-content\/uploads\/2022\/12\/banner-caserta-coedu_Mesa-de-trabajo-1-copia-2-2-1160x653.png 1160w\" sizes=\"auto, (max-width: 1024px) 100vw, 1024px\" \/><\/p>\n<\/div>\n<\/div>\n<\/div>\n<\/div>\n<\/div>\n<\/div>\n<\/div>\n<div id=\"cmsms_row_69eebaa15132c7_09119034\" class=\"cmsms_row cmsms_color_scheme_default\">\n<div class=\"cmsms_row_outer_parent\">\n<div class=\"cmsms_row_outer\">\n<div class=\"cmsms_row_inner\">\n<div class=\"cmsms_row_margin\">\n<div class=\"cmsms_column one_first\">\n<div class=\"cmsms_text\">\n<h2 style=\"text-align: center;\">COEDU22 (2022)<\/h2>\n<p>La Segunda Conferencia Regional sobre Educaci\u00f3n hacia el Siglo XXII, COEDU22 es organizada por Fundaci\u00f3n Caserta, patrocinada por el Ministerio de Educaci\u00f3n de Chile, Chile Regional Office DRCLAS, Harvard University y Aprendo en casa, y cuyo anfitri\u00f3n es el Ministerio de Educaci\u00f3n de Uruguay.<\/p>\n<p>Esta conferencia, en formato itinerante, tiene por objetivo plasmar la necesidad de establecer un cambio de paradigma en materia de educaci\u00f3n, presentando los hallazgos de las mesas t\u00e9cnicas llevadas a cabo en el marco del Observatorio Regional de Educaci\u00f3n llevado adelante por Fundaci\u00f3n Caserta en 2022, en colaboraci\u00f3n con m\u00faltiples expertos de la Regi\u00f3n, muchos de los cuales nos honrar\u00e1n hoy con su presencia.<\/p>\n<p>Dicho observatorio, fue un enorme desaf\u00edo, ya que implic\u00f3 establecer diversas mesas t\u00e9cnicas en torno a Educaci\u00f3n Integral para el Desarrollo Sostenible, Educaci\u00f3n Socio emocional, Educaci\u00f3n Intercultural y Educaci\u00f3n ambiental.<\/p>\n<p>Dichos hallazgos, ser\u00e1n expuestos en esta Conferencia con el fin de generar un espacio de di\u00e1logo entre expertos para reflexionar sobre la educaci\u00f3n en el camino hacia el nuevo siglo.<\/p>\n<\/div>\n<\/div>\n<\/div>\n<\/div>\n<\/div>\n<\/div>\n<\/div>\n<div id=\"cmsms_row_69eebaa15138a8_05589848\" class=\"cmsms_row cmsms_color_scheme_default\">\n<div class=\"cmsms_row_outer_parent\">\n<div class=\"cmsms_row_outer\">\n<div class=\"cmsms_row_inner\">\n<div class=\"cmsms_row_margin\">\n<div class=\"cmsms_column one_first\">\n<div class=\"cmsms_tabs tabs_mode_tour tabs_pos_left\">\n<ul class=\"cmsms_tabs_list\">\n<li id=\"cmsms_tabs_list_item_69eebaa1514a54_95358050\" class=\"cmsms_tabs_list_item current_tab\">\n<a href=\"#\">\n<span>Bienvenida<\/span>\n<\/a>\n<\/li><li id=\"cmsms_tabs_list_item_69eebaa1514c96_11925055\" class=\"cmsms_tabs_list_item\">\n<a href=\"#\">\n<span>Exposici\u00f3n Magistral Francisca Cort\u00e9s Solari<\/span>\n<\/a>\n<\/li><li id=\"cmsms_tabs_list_item_69eebaa1514e32_43862663\" class=\"cmsms_tabs_list_item\">\n<a href=\"#\">\n<span>Panel 1 Educaci\u00f3n Integral<\/span>\n<\/a>\n<\/li><li id=\"cmsms_tabs_list_item_69eebaa1514fa3_65344040\" class=\"cmsms_tabs_list_item\">\n<a href=\"#\">\n<span>Exposici\u00f3n Magistral Kay Merserth<\/span>\n<\/a>\n<\/li><li id=\"cmsms_tabs_list_item_69eebaa1515114_17685589\" class=\"cmsms_tabs_list_item\">\n<a href=\"#\">\n<span>Panel 2 Educaci\u00f3n Socioemocional<\/span>\n<\/a>\n<\/li><li id=\"cmsms_tabs_list_item_69eebaa1515284_86549041\" class=\"cmsms_tabs_list_item\">\n<a href=\"#\">\n<span>Exposici\u00f3n Magistral Willow Baker<\/span>\n<\/a>\n<\/li><li id=\"cmsms_tabs_list_item_69eebaa15153d9_45910517\" class=\"cmsms_tabs_list_item\">\n<a href=\"#\">\n<span>Panel 3 Educaci\u00f3n Intercultural<\/span>\n<\/a>\n<\/li><li id=\"cmsms_tabs_list_item_69eebaa1515538_47916212\" class=\"cmsms_tabs_list_item\">\n<a href=\"#\">\n<span>Panel 4 Educaci\u00f3n Ambiental<\/span>\n<\/a>\n<\/li><\/ul>\n<div class=\"cmsms_tabs_wrap\">\n<div id=\"cmsms_tab_69eebaa1514a54_95358050\" class=\"cmsms_tab active_tab\">\n<div class=\"cmsms_tab_inner\">\n<h2>Bienvenida<\/h2>\n<iframe loading=\"lazy\" title=\"YouTube video player\" src=\"https:\/\/www.youtube.com\/embed\/Z2lC1DC9710\" width=\"100%\" height=\"415\" frameborder=\"0\" allowfullscreen=\"allowfullscreen\"><\/iframe>\n<p>&nbsp;<\/p>\n<\/div>\n<\/div><div id=\"cmsms_tab_69eebaa1514c96_11925055\" class=\"cmsms_tab\">\n<div class=\"cmsms_tab_inner\">\n<h2>Exposici\u00f3n Magistral Francisca Cort\u00e9s Solari<\/h2>\n<iframe loading=\"lazy\" title=\"YouTube video player\" src=\"https:\/\/www.youtube.com\/embed\/sV_t4VmixlE\" width=\"100%\" height=\"415\" frameborder=\"0\" allowfullscreen=\"allowfullscreen\"><\/iframe>\n<\/div>\n<\/div><div id=\"cmsms_tab_69eebaa1514e32_43862663\" class=\"cmsms_tab\">\n<div class=\"cmsms_tab_inner\">\n<h2>Panel 1 Educaci\u00f3n Integral<\/h2>\n<iframe loading=\"lazy\" title=\"YouTube video player\" src=\"https:\/\/www.youtube.com\/embed\/iOJ7HrxHZ94\" width=\"100%\" height=\"415\" frameborder=\"0\" allowfullscreen=\"allowfullscreen\"><\/iframe>\n<\/div>\n<\/div><div id=\"cmsms_tab_69eebaa1514fa3_65344040\" class=\"cmsms_tab\">\n<div class=\"cmsms_tab_inner\">\n<h2>Exposici\u00f3n Magistral Kay Merserth<\/h2>\n<iframe loading=\"lazy\" title=\"YouTube video player\" src=\"https:\/\/www.youtube.com\/embed\/y8mcfI3lZU0\" width=\"100%\" height=\"415\" frameborder=\"0\" allowfullscreen=\"allowfullscreen\"><\/iframe>\n<p>&nbsp;<\/p>\n<\/div>\n<\/div><div id=\"cmsms_tab_69eebaa1515114_17685589\" class=\"cmsms_tab\">\n<div class=\"cmsms_tab_inner\">\n<h2>Panel 2 Educaci\u00f3n Socioemocional<\/h2>\n<iframe loading=\"lazy\" title=\"YouTube video player\" src=\"https:\/\/www.youtube.com\/embed\/pJoHfEhnP64\" width=\"100%\" height=\"415\" frameborder=\"0\" allowfullscreen=\"allowfullscreen\"><\/iframe>\n<p>&nbsp;<\/p>\n<\/div>\n<\/div><div id=\"cmsms_tab_69eebaa1515284_86549041\" class=\"cmsms_tab\">\n<div class=\"cmsms_tab_inner\">\n<h2>Exposici\u00f3n Magistral Willow Baker<\/h2>\n<iframe loading=\"lazy\" title=\"YouTube video player\" src=\"https:\/\/www.youtube.com\/embed\/iAh0tdCL_no\" width=\"100%\" height=\"415\" frameborder=\"0\" allowfullscreen=\"allowfullscreen\"><\/iframe>\n<\/div>\n<\/div><div id=\"cmsms_tab_69eebaa15153d9_45910517\" class=\"cmsms_tab\">\n<div class=\"cmsms_tab_inner\">\n<h2>Panel 3 Educaci\u00f3n Intercultural<\/h2>\n<iframe loading=\"lazy\" title=\"YouTube video player\" src=\"https:\/\/www.youtube.com\/embed\/0Qa0zCpiZFM\" width=\"100%\" height=\"415\" frameborder=\"0\" allowfullscreen=\"allowfullscreen\"><\/iframe>\n<\/div>\n<\/div><div id=\"cmsms_tab_69eebaa1515538_47916212\" class=\"cmsms_tab\">\n<div class=\"cmsms_tab_inner\">\n<h2>Panel 4 Educaci\u00f3n Ambiental<\/h2>\n<iframe loading=\"lazy\" title=\"YouTube video player\" src=\"https:\/\/www.youtube.com\/embed\/sRY4Gn807zk\" width=\"100%\" height=\"415\" frameborder=\"0\" allowfullscreen=\"allowfullscreen\"><\/iframe>\n<\/div>\n<\/div><\/div>\n<\/div>\n<\/div>\n<\/div>\n<\/div>\n<\/div>\n<\/div>\n<\/div>\n\n","protected":false},"excerpt":{"rendered":"","protected":false},"author":1,"featured_media":0,"parent":0,"menu_order":0,"comment_status":"closed","ping_status":"closed","template":"","meta":{"footnotes":""},"class_list":["post-11273","page","type-page","status-publish","hentry"],"translation":{"provider":"WPGlobus","version":"3.0.2","language":"en","enabled_languages":["es","en"],"languages":{"es":{"title":true,"content":true,"excerpt":false},"en":{"title":false,"content":false,"excerpt":false}}},"yoast_head":"<!-- This site is optimized with the Yoast SEO plugin v27.4 - https:\/\/yoast.com\/product\/yoast-seo-wordpress\/ -->\n<title>COEDU (2022)<\/title>\n<meta name=\"robots\" content=\"index, follow, max-snippet:-1, max-image-preview:large, max-video-preview:-1\" \/>\n<link rel=\"canonical\" href=\"https:\/\/www.filantropiacortessolari.cl\/coedu-2022\/\" \/>\n<meta property=\"og:locale\" content=\"en_US\" \/>\n<meta property=\"og:type\" content=\"article\" \/>\n<meta property=\"og:title\" content=\"COEDU (2022)\" \/>\n<meta property=\"og:url\" content=\"https:\/\/www.filantropiacortessolari.cl\/coedu-2022\/\" \/>\n<meta property=\"og:site_name\" content=\"Filantrop\u00eda Cort\u00e9s Solari\" \/>\n<meta property=\"article:modified_time\" content=\"2022-12-28T16:37:17+00:00\" \/>\n<meta property=\"og:image\" content=\"https:\/\/www.filantropiacortessolari.cl\/wp-content\/uploads\/2022\/12\/banner-caserta-coedu_Mesa-de-trabajo-1-copia-2-2-1024x576.png\" \/>\n<meta name=\"twitter:card\" content=\"summary_large_image\" \/>\n<meta name=\"twitter:label1\" content=\"Est. reading time\" \/>\n\t<meta name=\"twitter:data1\" content=\"2 minutes\" \/>\n<script type=\"application\/ld+json\" class=\"yoast-schema-graph\">{\"@context\":\"https:\\\/\\\/schema.org\",\"@graph\":[{\"@type\":\"WebPage\",\"@id\":\"https:\\\/\\\/www.filantropiacortessolari.cl\\\/coedu-2022\\\/\",\"url\":\"https:\\\/\\\/www.filantropiacortessolari.cl\\\/coedu-2022\\\/\",\"name\":\"COEDU (2022)\",\"isPartOf\":{\"@id\":\"https:\\\/\\\/www.filantropiacortessolari.cl\\\/#website\"},\"primaryImageOfPage\":{\"@id\":\"https:\\\/\\\/www.filantropiacortessolari.cl\\\/coedu-2022\\\/#primaryimage\"},\"image\":{\"@id\":\"https:\\\/\\\/www.filantropiacortessolari.cl\\\/coedu-2022\\\/#primaryimage\"},\"thumbnailUrl\":\"https:\\\/\\\/www.filantropiacortessolari.cl\\\/wp-content\\\/uploads\\\/2022\\\/12\\\/banner-caserta-coedu_Mesa-de-trabajo-1-copia-2-2-1024x576.png\",\"datePublished\":\"2022-12-19T21:25:16+00:00\",\"dateModified\":\"2022-12-28T16:37:17+00:00\",\"breadcrumb\":{\"@id\":\"https:\\\/\\\/www.filantropiacortessolari.cl\\\/coedu-2022\\\/#breadcrumb\"},\"inLanguage\":\"en-US\",\"potentialAction\":[{\"@type\":\"ReadAction\",\"target\":[\"https:\\\/\\\/www.filantropiacortessolari.cl\\\/coedu-2022\\\/\"]}]},{\"@type\":\"ImageObject\",\"inLanguage\":\"en-US\",\"@id\":\"https:\\\/\\\/www.filantropiacortessolari.cl\\\/coedu-2022\\\/#primaryimage\",\"url\":\"https:\\\/\\\/www.filantropiacortessolari.cl\\\/wp-content\\\/uploads\\\/2022\\\/12\\\/banner-caserta-coedu_Mesa-de-trabajo-1-copia-2-2-1024x576.png\",\"contentUrl\":\"https:\\\/\\\/www.filantropiacortessolari.cl\\\/wp-content\\\/uploads\\\/2022\\\/12\\\/banner-caserta-coedu_Mesa-de-trabajo-1-copia-2-2-1024x576.png\"},{\"@type\":\"BreadcrumbList\",\"@id\":\"https:\\\/\\\/www.filantropiacortessolari.cl\\\/coedu-2022\\\/#breadcrumb\",\"itemListElement\":[{\"@type\":\"ListItem\",\"position\":1,\"name\":\"Portada\",\"item\":\"https:\\\/\\\/www.filantropiacortessolari.cl\\\/\"},{\"@type\":\"ListItem\",\"position\":2,\"name\":\"COEDU (2022)\"}]},{\"@type\":\"WebSite\",\"@id\":\"https:\\\/\\\/www.filantropiacortessolari.cl\\\/#website\",\"url\":\"https:\\\/\\\/www.filantropiacortessolari.cl\\\/\",\"name\":\"Filantrop\u00eda Cort\u00e9s Solari\",\"description\":\"Sitio web Filantrop\u00eda Cort\u00e9s Solari\",\"potentialAction\":[{\"@type\":\"SearchAction\",\"target\":{\"@type\":\"EntryPoint\",\"urlTemplate\":\"https:\\\/\\\/www.filantropiacortessolari.cl\\\/?s={search_term_string}\"},\"query-input\":{\"@type\":\"PropertyValueSpecification\",\"valueRequired\":true,\"valueName\":\"search_term_string\"}}],\"inLanguage\":\"en-US\"}]}<\/script>\n<!-- \/ Yoast SEO plugin. -->","yoast_head_json":{"title":"COEDU (2022)","robots":{"index":"index","follow":"follow","max-snippet":"max-snippet:-1","max-image-preview":"max-image-preview:large","max-video-preview":"max-video-preview:-1"},"canonical":"https:\/\/www.filantropiacortessolari.cl\/coedu-2022\/","og_locale":"en_US","og_type":"article","og_title":"COEDU (2022)","og_url":"https:\/\/www.filantropiacortessolari.cl\/coedu-2022\/","og_site_name":"Filantrop\u00eda Cort\u00e9s Solari","article_modified_time":"2022-12-28T16:37:17+00:00","og_image":[{"url":"https:\/\/www.filantropiacortessolari.cl\/wp-content\/uploads\/2022\/12\/banner-caserta-coedu_Mesa-de-trabajo-1-copia-2-2-1024x576.png","type":"","width":"","height":""}],"twitter_card":"summary_large_image","twitter_misc":{"Est. reading time":"2 minutes"},"schema":{"@context":"https:\/\/schema.org","@graph":[{"@type":"WebPage","@id":"https:\/\/www.filantropiacortessolari.cl\/coedu-2022\/","url":"https:\/\/www.filantropiacortessolari.cl\/coedu-2022\/","name":"COEDU (2022)","isPartOf":{"@id":"https:\/\/www.filantropiacortessolari.cl\/#website"},"primaryImageOfPage":{"@id":"https:\/\/www.filantropiacortessolari.cl\/coedu-2022\/#primaryimage"},"image":{"@id":"https:\/\/www.filantropiacortessolari.cl\/coedu-2022\/#primaryimage"},"thumbnailUrl":"https:\/\/www.filantropiacortessolari.cl\/wp-content\/uploads\/2022\/12\/banner-caserta-coedu_Mesa-de-trabajo-1-copia-2-2-1024x576.png","datePublished":"2022-12-19T21:25:16+00:00","dateModified":"2022-12-28T16:37:17+00:00","breadcrumb":{"@id":"https:\/\/www.filantropiacortessolari.cl\/coedu-2022\/#breadcrumb"},"inLanguage":"en-US","potentialAction":[{"@type":"ReadAction","target":["https:\/\/www.filantropiacortessolari.cl\/coedu-2022\/"]}]},{"@type":"ImageObject","inLanguage":"en-US","@id":"https:\/\/www.filantropiacortessolari.cl\/coedu-2022\/#primaryimage","url":"https:\/\/www.filantropiacortessolari.cl\/wp-content\/uploads\/2022\/12\/banner-caserta-coedu_Mesa-de-trabajo-1-copia-2-2-1024x576.png","contentUrl":"https:\/\/www.filantropiacortessolari.cl\/wp-content\/uploads\/2022\/12\/banner-caserta-coedu_Mesa-de-trabajo-1-copia-2-2-1024x576.png"},{"@type":"BreadcrumbList","@id":"https:\/\/www.filantropiacortessolari.cl\/coedu-2022\/#breadcrumb","itemListElement":[{"@type":"ListItem","position":1,"name":"Portada","item":"https:\/\/www.filantropiacortessolari.cl\/"},{"@type":"ListItem","position":2,"name":"COEDU (2022)"}]},{"@type":"WebSite","@id":"https:\/\/www.filantropiacortessolari.cl\/#website","url":"https:\/\/www.filantropiacortessolari.cl\/","name":"Filantrop\u00eda Cort\u00e9s Solari","description":"Sitio web Filantrop\u00eda Cort\u00e9s Solari","potentialAction":[{"@type":"SearchAction","target":{"@type":"EntryPoint","urlTemplate":"https:\/\/www.filantropiacortessolari.cl\/?s={search_term_string}"},"query-input":{"@type":"PropertyValueSpecification","valueRequired":true,"valueName":"search_term_string"}}],"inLanguage":"en-US"}]}},"_links":{"self":[{"href":"https:\/\/www.filantropiacortessolari.cl\/en\/wp-json\/wp\/v2\/pages\/11273","targetHints":{"allow":["GET"]}}],"collection":[{"href":"https:\/\/www.filantropiacortessolari.cl\/en\/wp-json\/wp\/v2\/pages"}],"about":[{"href":"https:\/\/www.filantropiacortessolari.cl\/en\/wp-json\/wp\/v2\/types\/page"}],"author":[{"embeddable":true,"href":"https:\/\/www.filantropiacortessolari.cl\/en\/wp-json\/wp\/v2\/users\/1"}],"replies":[{"embeddable":true,"href":"https:\/\/www.filantropiacortessolari.cl\/en\/wp-json\/wp\/v2\/comments?post=11273"}],"version-history":[{"count":5,"href":"https:\/\/www.filantropiacortessolari.cl\/en\/wp-json\/wp\/v2\/pages\/11273\/revisions"}],"predecessor-version":[{"id":11304,"href":"https:\/\/www.filantropiacortessolari.cl\/en\/wp-json\/wp\/v2\/pages\/11273\/revisions\/11304"}],"wp:attachment":[{"href":"https:\/\/www.filantropiacortessolari.cl\/en\/wp-json\/wp\/v2\/media?parent=11273"}],"curies":[{"name":"wp","href":"https:\/\/api.w.org\/{rel}","templated":true}]}}