{"id":11510,"date":"2023-09-06T13:07:47","date_gmt":"2023-09-06T16:07:47","guid":{"rendered":"https:\/\/www.filantropiacortessolari.cl\/?page_id=11510"},"modified":"2023-09-18T11:06:47","modified_gmt":"2023-09-18T14:06:47","slug":"desafios-y-avances-de-la-filantropia-ambiental-como-actor-clave-para-el-logro-de-los-ods","status":"publish","type":"page","link":"https:\/\/www.filantropiacortessolari.cl\/en\/desafios-y-avances-de-la-filantropia-ambiental-como-actor-clave-para-el-logro-de-los-ods\/","title":{"rendered":"CHALLENGES AND PROGRESS OF ENVIRONMENTAL PHILANTHROPY AS A KEY PLAYER FOR THE SDGS ACHIEVEMENT"},"content":{"rendered":"<style type=\"text\/css\"> \n#cmsms_row_69eebae05d91c5_95873234 .cmsms_row_outer_parent { \n\tpadding-top: 0px; \n} \n\n#cmsms_row_69eebae05d91c5_95873234 .cmsms_row_outer_parent { \n\tpadding-bottom: 50px; \n} \n\n \n#cmsms_row_69eebae05d9715_88147338 .cmsms_row_outer_parent { \n\tpadding-top: 0px; \n} \n\n#cmsms_row_69eebae05d9715_88147338 .cmsms_row_outer_parent { \n\tpadding-bottom: 50px; \n} \n\n \n#cmsms_row_69eebae05d9e01_23749922 .cmsms_row_outer_parent { \n\tpadding-top: 0px; \n} \n\n#cmsms_row_69eebae05d9e01_23749922 .cmsms_row_outer_parent { \n\tpadding-bottom: 50px; \n} \n\n \n#cmsms_row_69eebae05da179_46163712 .cmsms_row_outer_parent { \n\tpadding-top: 0px; \n} \n\n#cmsms_row_69eebae05da179_46163712 .cmsms_row_outer_parent { \n\tpadding-bottom: 50px; \n} \n\n \n#cmsms_row_69eebae05da9e9_06701702 .cmsms_row_outer_parent { \n\tpadding-top: 0px; \n} \n\n#cmsms_row_69eebae05da9e9_06701702 .cmsms_row_outer_parent { \n\tpadding-bottom: 50px; \n} \n\n \n#cmsms_row_69eebae05db307_58485027 .cmsms_row_outer_parent { \n\tpadding-top: 0px; \n} \n\n#cmsms_row_69eebae05db307_58485027 .cmsms_row_outer_parent { \n\tpadding-bottom: 50px; \n} \n\n<\/style><div id=\"cmsms_row_69eebae05d91c5_95873234\" class=\"cmsms_row cmsms_color_scheme_default\">\n<div class=\"cmsms_row_outer_parent\">\n<div class=\"cmsms_row_outer\">\n<div class=\"cmsms_row_inner\">\n<div class=\"cmsms_row_margin\">\n<div class=\"cmsms_column one_first\">\n<div class=\"cmsms_text\">\n<p><img loading=\"lazy\" decoding=\"async\" class=\"size-large wp-image-11512 aligncenter\" src=\"https:\/\/www.filantropiacortessolari.cl\/wp-content\/uploads\/2023\/09\/Youtube-1024x576.png\" alt=\"\" width=\"1024\" height=\"576\" srcset=\"https:\/\/www.filantropiacortessolari.cl\/wp-content\/uploads\/2023\/09\/Youtube-1024x576.png 1024w, https:\/\/www.filantropiacortessolari.cl\/wp-content\/uploads\/2023\/09\/Youtube-300x169.png 300w, https:\/\/www.filantropiacortessolari.cl\/wp-content\/uploads\/2023\/09\/Youtube-768x432.png 768w, https:\/\/www.filantropiacortessolari.cl\/wp-content\/uploads\/2023\/09\/Youtube-1536x864.png 1536w, https:\/\/www.filantropiacortessolari.cl\/wp-content\/uploads\/2023\/09\/Youtube-580x326.png 580w, https:\/\/www.filantropiacortessolari.cl\/wp-content\/uploads\/2023\/09\/Youtube-820x461.png 820w, https:\/\/www.filantropiacortessolari.cl\/wp-content\/uploads\/2023\/09\/Youtube-1160x653.png 1160w, https:\/\/www.filantropiacortessolari.cl\/wp-content\/uploads\/2023\/09\/Youtube.png 1920w\" sizes=\"auto, (max-width: 1024px) 100vw, 1024px\" \/><\/p>\n<\/div>\n<\/div>\n<\/div>\n<\/div>\n<\/div>\n<\/div>\n<\/div>\n<div id=\"cmsms_row_69eebae05d9715_88147338\" class=\"cmsms_row cmsms_color_scheme_default\">\n<div class=\"cmsms_row_outer_parent\">\n<div class=\"cmsms_row_outer\">\n<div class=\"cmsms_row_inner\">\n<div class=\"cmsms_row_margin\">\n<div class=\"cmsms_column one_first\">\n<div class=\"cmsms_text\">\n<p>Within the frame of the SDGs Summit that will take place on September 18th and 19th in New York City, Philanthropy Cort\u00e9s Solari, together with the IUCN and the Velux Foundation, organize the Conference <strong>&#8220;CHALLENGES AND PROGRESS OF ENVIRONMENTAL PHILANTHROPY AS A KEY PLAYER FOR THE SDGS ACHIEVEMENT&#8221;<\/strong>, as one of the initiatives that will take place at the United Nations Central Office in New York, on September 17th.<\/p>\n<p>This event seeks to promote a reflection on the role of philanthropy in achieving the SDGs related to the oceans, and specifically its strengths and weaknesses in order to enhance the work developed by the public sector, the private sector and civil society in The matter.<\/p>\n<p>Although the ocean is vital to our human survival, OECD studies indicate that SDG 14 has only managed to capture just 4% of philanthropic resources, compared to SDG 1 (Poverty) or SDG 17 (Cooperation). , which both capture more than 15% of the world&#8217;s philanthropic resources.<\/p>\n<p>This reflects both the urgency to make SDG 14 visible in the philanthropic world, as well as the need to continue pushing the development of innovative financial instruments for the sustainable economy of the oceans, such as blue bonds, debt-for-ocean swaps, the development of risk management tools (such as parametric insurance for coral reefs in Central America) or the creation of impact investment funds.<\/p>\n<p>Philanthropic actions can be decisive, as private actions of public utility, capable of mobilizing philanthropic resources as philanthropic assets that can have an impact on this SDG, directly or indirectly.<\/p>\n<p>In this context, the Challenges and progress of Environmental Philanthropy event as a key player for the SDGS achievement, seeks to reflect the role of Philanthropy and Philanthropists in their ability to support the SDGs, directly or indirectly, specifically SDG 14, analyzing the strengths and weaknesses of the sector in this area.<\/p>\n<h2 style=\"text-align: center;\">Relive here<\/h2>\n<p align=\"center\"><iframe loading=\"lazy\" title=\"YouTube video player\" src=\"https:\/\/www.youtube.com\/embed\/uE5r3vKAw94?si=Shiwk2fRFtvtkIBL\" width=\"560\" height=\"315\" frameborder=\"0\" allowfullscreen=\"allowfullscreen\"><\/iframe>\n<\/div>\n<\/div>\n<\/div>\n<\/div>\n<\/div>\n<\/div>\n<\/div>\n<div id=\"cmsms_row_69eebae05d9e01_23749922\" class=\"cmsms_row cmsms_color_scheme_default\">\n<div class=\"cmsms_row_outer_parent\">\n<div class=\"cmsms_row_outer\">\n<div class=\"cmsms_row_inner\">\n<div class=\"cmsms_row_margin\">\n<div class=\"cmsms_column one_first\">\n<div class=\"cmsms_text\">\n<h2 style=\"text-align: center;\">Participants<\/h2>\n<\/div>\n<\/div>\n<\/div>\n<\/div>\n<\/div>\n<\/div>\n<\/div>\n<div id=\"cmsms_row_69eebae05da179_46163712\" class=\"cmsms_row cmsms_color_scheme_default\">\n<div class=\"cmsms_row_outer_parent\">\n<div class=\"cmsms_row_outer\">\n<div class=\"cmsms_row_inner\">\n<div class=\"cmsms_row_margin\">\n<div class=\"cmsms_column one_third\">\n<div class=\"cmsms_text\">\n<p><img loading=\"lazy\" decoding=\"async\" class=\"aligncenter size-medium wp-image-11520\" src=\"https:\/\/www.filantropiacortessolari.cl\/wp-content\/uploads\/2023\/09\/Francisca-Corte\u0301s-Solari-300x300.png\" alt=\"\" width=\"300\" height=\"300\" srcset=\"https:\/\/www.filantropiacortessolari.cl\/wp-content\/uploads\/2023\/09\/Francisca-Corte\u0301s-Solari-300x300.png 300w, https:\/\/www.filantropiacortessolari.cl\/wp-content\/uploads\/2023\/09\/Francisca-Corte\u0301s-Solari-150x150.png 150w, https:\/\/www.filantropiacortessolari.cl\/wp-content\/uploads\/2023\/09\/Francisca-Corte\u0301s-Solari-55x55.png 55w, https:\/\/www.filantropiacortessolari.cl\/wp-content\/uploads\/2023\/09\/Francisca-Corte\u0301s-Solari-250x250.png 250w, https:\/\/www.filantropiacortessolari.cl\/wp-content\/uploads\/2023\/09\/Francisca-Corte\u0301s-Solari.png 500w\" sizes=\"auto, (max-width: 300px) 100vw, 300px\" \/><\/p>\n<p style=\"text-align: center;\">Francisca Corte\u0301s Solari<\/p>\n<p style=\"text-align: center;\">Executive President of Philanthropy Cort\u00e9s Solari<\/p>\n<\/div>\n<\/div>\n<div class=\"cmsms_column one_third\">\n<div class=\"cmsms_text\">\n<p><img loading=\"lazy\" decoding=\"async\" class=\"aligncenter size-medium wp-image-11521\" src=\"https:\/\/www.filantropiacortessolari.cl\/wp-content\/uploads\/2023\/09\/Peter-Thomson-300x300.png\" alt=\"\" width=\"300\" height=\"300\" srcset=\"https:\/\/www.filantropiacortessolari.cl\/wp-content\/uploads\/2023\/09\/Peter-Thomson-300x300.png 300w, https:\/\/www.filantropiacortessolari.cl\/wp-content\/uploads\/2023\/09\/Peter-Thomson-150x150.png 150w, https:\/\/www.filantropiacortessolari.cl\/wp-content\/uploads\/2023\/09\/Peter-Thomson-55x55.png 55w, https:\/\/www.filantropiacortessolari.cl\/wp-content\/uploads\/2023\/09\/Peter-Thomson-250x250.png 250w, https:\/\/www.filantropiacortessolari.cl\/wp-content\/uploads\/2023\/09\/Peter-Thomson.png 500w\" sizes=\"auto, (max-width: 300px) 100vw, 300px\" \/><\/p>\n<p style=\"text-align: center;\">Peter Thomson<\/p>\n<p style=\"text-align: center;\">UN Special Envoy for the Ocean<\/p>\n<\/div>\n<\/div>\n<div class=\"cmsms_column one_third\">\n<div class=\"cmsms_text\">\n<p><img loading=\"lazy\" decoding=\"async\" class=\"aligncenter size-medium wp-image-11522\" src=\"https:\/\/www.filantropiacortessolari.cl\/wp-content\/uploads\/2023\/09\/Razan-Khalifa-Al-Mubarak-300x300.png\" alt=\"\" width=\"300\" height=\"300\" srcset=\"https:\/\/www.filantropiacortessolari.cl\/wp-content\/uploads\/2023\/09\/Razan-Khalifa-Al-Mubarak-300x300.png 300w, https:\/\/www.filantropiacortessolari.cl\/wp-content\/uploads\/2023\/09\/Razan-Khalifa-Al-Mubarak-150x150.png 150w, https:\/\/www.filantropiacortessolari.cl\/wp-content\/uploads\/2023\/09\/Razan-Khalifa-Al-Mubarak-55x55.png 55w, https:\/\/www.filantropiacortessolari.cl\/wp-content\/uploads\/2023\/09\/Razan-Khalifa-Al-Mubarak-250x250.png 250w, https:\/\/www.filantropiacortessolari.cl\/wp-content\/uploads\/2023\/09\/Razan-Khalifa-Al-Mubarak.png 500w\" sizes=\"auto, (max-width: 300px) 100vw, 300px\" \/><\/p>\n<p style=\"text-align: center;\">Razan Khalifa Al Mubarak<\/p>\n<p style=\"text-align: center;\">President of IUCN<\/p>\n<\/div>\n<\/div>\n<\/div>\n<\/div>\n<\/div>\n<\/div>\n<\/div>\n<div id=\"cmsms_row_69eebae05da9e9_06701702\" class=\"cmsms_row cmsms_color_scheme_default\">\n<div class=\"cmsms_row_outer_parent\">\n<div class=\"cmsms_row_outer\">\n<div class=\"cmsms_row_inner\">\n<div class=\"cmsms_row_margin\">\n<div class=\"cmsms_column one_third\">\n<div class=\"cmsms_text\">\n<p><img loading=\"lazy\" decoding=\"async\" class=\"aligncenter size-medium wp-image-11519\" src=\"https:\/\/www.filantropiacortessolari.cl\/wp-content\/uploads\/2023\/09\/Charlotte-Mogensen-300x300.png\" alt=\"\" width=\"300\" height=\"300\" srcset=\"https:\/\/www.filantropiacortessolari.cl\/wp-content\/uploads\/2023\/09\/Charlotte-Mogensen-300x300.png 300w, https:\/\/www.filantropiacortessolari.cl\/wp-content\/uploads\/2023\/09\/Charlotte-Mogensen-150x150.png 150w, https:\/\/www.filantropiacortessolari.cl\/wp-content\/uploads\/2023\/09\/Charlotte-Mogensen-55x55.png 55w, https:\/\/www.filantropiacortessolari.cl\/wp-content\/uploads\/2023\/09\/Charlotte-Mogensen-250x250.png 250w, https:\/\/www.filantropiacortessolari.cl\/wp-content\/uploads\/2023\/09\/Charlotte-Mogensen.png 500w\" sizes=\"auto, (max-width: 300px) 100vw, 300px\" \/><\/p>\n<p style=\"text-align: center;\">Charlotte Mogensen<\/p>\n<p style=\"text-align: center;\">Velux Foundation<\/p>\n<\/div>\n<\/div>\n<div class=\"cmsms_column one_third\">\n<div class=\"cmsms_text\">\n<p><img loading=\"lazy\" decoding=\"async\" class=\"aligncenter size-medium wp-image-11518\" src=\"https:\/\/www.filantropiacortessolari.cl\/wp-content\/uploads\/2023\/09\/Abdalah-Mokssit-300x300.png\" alt=\"\" width=\"300\" height=\"300\" srcset=\"https:\/\/www.filantropiacortessolari.cl\/wp-content\/uploads\/2023\/09\/Abdalah-Mokssit-300x300.png 300w, https:\/\/www.filantropiacortessolari.cl\/wp-content\/uploads\/2023\/09\/Abdalah-Mokssit-150x150.png 150w, https:\/\/www.filantropiacortessolari.cl\/wp-content\/uploads\/2023\/09\/Abdalah-Mokssit-55x55.png 55w, https:\/\/www.filantropiacortessolari.cl\/wp-content\/uploads\/2023\/09\/Abdalah-Mokssit-250x250.png 250w, https:\/\/www.filantropiacortessolari.cl\/wp-content\/uploads\/2023\/09\/Abdalah-Mokssit.png 500w\" sizes=\"auto, (max-width: 300px) 100vw, 300px\" \/><\/p>\n<p style=\"text-align: center;\">Abdalah Mokssit<\/p>\n<p style=\"text-align: center;\">Secretary of the Intergovernmental Panel on Climate Change (IPCC)<\/p>\n<\/div>\n<\/div>\n<div class=\"cmsms_column one_third\">\n<div class=\"cmsms_text\">\n<p><img loading=\"lazy\" decoding=\"async\" class=\"aligncenter size-medium wp-image-11539\" src=\"https:\/\/www.filantropiacortessolari.cl\/wp-content\/uploads\/2023\/09\/Cristian-samper-300x300.png\" alt=\"\" width=\"300\" height=\"300\" srcset=\"https:\/\/www.filantropiacortessolari.cl\/wp-content\/uploads\/2023\/09\/Cristian-samper-300x300.png 300w, https:\/\/www.filantropiacortessolari.cl\/wp-content\/uploads\/2023\/09\/Cristian-samper-150x150.png 150w, https:\/\/www.filantropiacortessolari.cl\/wp-content\/uploads\/2023\/09\/Cristian-samper-55x55.png 55w, https:\/\/www.filantropiacortessolari.cl\/wp-content\/uploads\/2023\/09\/Cristian-samper-250x250.png 250w, https:\/\/www.filantropiacortessolari.cl\/wp-content\/uploads\/2023\/09\/Cristian-samper.png 500w\" sizes=\"auto, (max-width: 300px) 100vw, 300px\" \/><\/p>\n<p style=\"text-align: center;\">Cristian Samper<\/p>\n<p style=\"text-align: center;\">CEO of Bezos Earth Foundation<\/p>\n<\/div>\n<div class=\"cmsms_text\">\n<p><\/p>\n<\/div>\n<\/div>\n<\/div>\n<\/div>\n<\/div>\n<\/div>\n<\/div>\n<div id=\"cmsms_row_69eebae05db307_58485027\" class=\"cmsms_row cmsms_color_scheme_default\">\n<div class=\"cmsms_row_outer_parent\">\n<div class=\"cmsms_row_outer\">\n<div class=\"cmsms_row_inner\">\n<div class=\"cmsms_row_margin\">\n<div class=\"cmsms_column one_third\">\n<div class=\"cmsms_text\">\n<p><img loading=\"lazy\" decoding=\"async\" class=\"aligncenter size-medium wp-image-11540\" src=\"https:\/\/www.filantropiacortessolari.cl\/wp-content\/uploads\/2023\/09\/David-cooper-300x300.png\" alt=\"\" width=\"300\" height=\"300\" srcset=\"https:\/\/www.filantropiacortessolari.cl\/wp-content\/uploads\/2023\/09\/David-cooper-300x300.png 300w, https:\/\/www.filantropiacortessolari.cl\/wp-content\/uploads\/2023\/09\/David-cooper-150x150.png 150w, https:\/\/www.filantropiacortessolari.cl\/wp-content\/uploads\/2023\/09\/David-cooper-55x55.png 55w, https:\/\/www.filantropiacortessolari.cl\/wp-content\/uploads\/2023\/09\/David-cooper-250x250.png 250w, https:\/\/www.filantropiacortessolari.cl\/wp-content\/uploads\/2023\/09\/David-cooper.png 500w\" sizes=\"auto, (max-width: 300px) 100vw, 300px\" \/><\/p>\n<p style=\"text-align: center;\">David Cooper<\/p>\n<p style=\"text-align: center;\">Executive Secretary of the Convention on Biological Diversity<\/p>\n<\/div>\n<\/div>\n<div class=\"cmsms_column one_third\">\n<div class=\"cmsms_text\">\n<p><img loading=\"lazy\" decoding=\"async\" class=\"aligncenter size-medium wp-image-11541\" src=\"https:\/\/www.filantropiacortessolari.cl\/wp-content\/uploads\/2023\/09\/Inger-Andersen-300x300.png\" alt=\"\" width=\"300\" height=\"300\" srcset=\"https:\/\/www.filantropiacortessolari.cl\/wp-content\/uploads\/2023\/09\/Inger-Andersen-300x300.png 300w, https:\/\/www.filantropiacortessolari.cl\/wp-content\/uploads\/2023\/09\/Inger-Andersen-150x150.png 150w, https:\/\/www.filantropiacortessolari.cl\/wp-content\/uploads\/2023\/09\/Inger-Andersen-55x55.png 55w, https:\/\/www.filantropiacortessolari.cl\/wp-content\/uploads\/2023\/09\/Inger-Andersen-250x250.png 250w, https:\/\/www.filantropiacortessolari.cl\/wp-content\/uploads\/2023\/09\/Inger-Andersen.png 500w\" sizes=\"auto, (max-width: 300px) 100vw, 300px\" \/><\/p>\n<p style=\"text-align: center;\">Inger Andersen<\/p>\n<p style=\"text-align: center;\">UN Attached secretary general<\/p>\n<\/div>\n<\/div>\n<div class=\"cmsms_column one_third\">\n<div class=\"cmsms_text\">\n<p><\/p>\n<\/div>\n<\/div>\n<\/div>\n<\/div>\n<\/div>\n<\/div>\n<\/div>\n\n","protected":false},"excerpt":{"rendered":"","protected":false},"author":1,"featured_media":0,"parent":0,"menu_order":0,"comment_status":"closed","ping_status":"closed","template":"","meta":{"footnotes":""},"class_list":["post-11510","page","type-page","status-publish","hentry"],"translation":{"provider":"WPGlobus","version":"3.0.2","language":"en","enabled_languages":["es","en"],"languages":{"es":{"title":true,"content":true,"excerpt":false},"en":{"title":true,"content":true,"excerpt":false}}},"yoast_head":"<!-- This site is optimized with the Yoast SEO plugin v27.4 - https:\/\/yoast.com\/product\/yoast-seo-wordpress\/ -->\n<title>CHALLENGES AND PROGRESS OF ENVIRONMENTAL PHILANTHROPY AS A KEY PLAYER FOR THE SDGS ACHIEVEMENT<\/title>\n<meta name=\"robots\" content=\"index, follow, max-snippet:-1, max-image-preview:large, max-video-preview:-1\" \/>\n<link rel=\"canonical\" href=\"https:\/\/www.filantropiacortessolari.cl\/desafios-y-avances-de-la-filantropia-ambiental-como-actor-clave-para-el-logro-de-los-ods\/\" \/>\n<meta property=\"og:locale\" content=\"en_US\" \/>\n<meta property=\"og:type\" content=\"article\" \/>\n<meta property=\"og:title\" content=\"CHALLENGES AND PROGRESS OF ENVIRONMENTAL PHILANTHROPY AS A KEY PLAYER FOR THE SDGS ACHIEVEMENT\" \/>\n<meta property=\"og:url\" content=\"https:\/\/www.filantropiacortessolari.cl\/desafios-y-avances-de-la-filantropia-ambiental-como-actor-clave-para-el-logro-de-los-ods\/\" \/>\n<meta property=\"og:site_name\" content=\"Filantrop\u00eda Cort\u00e9s Solari\" \/>\n<meta property=\"article:modified_time\" content=\"2023-09-18T14:06:47+00:00\" \/>\n<meta property=\"og:image\" content=\"https:\/\/www.filantropiacortessolari.cl\/wp-content\/uploads\/2023\/09\/Youtube-1024x576.png\" \/>\n<meta name=\"twitter:card\" content=\"summary_large_image\" \/>\n<meta name=\"twitter:label1\" content=\"Est. reading time\" \/>\n\t<meta name=\"twitter:data1\" content=\"5 minutes\" \/>\n<script type=\"application\/ld+json\" class=\"yoast-schema-graph\">{\"@context\":\"https:\\\/\\\/schema.org\",\"@graph\":[{\"@type\":\"WebPage\",\"@id\":\"https:\\\/\\\/www.filantropiacortessolari.cl\\\/desafios-y-avances-de-la-filantropia-ambiental-como-actor-clave-para-el-logro-de-los-ods\\\/\",\"url\":\"https:\\\/\\\/www.filantropiacortessolari.cl\\\/desafios-y-avances-de-la-filantropia-ambiental-como-actor-clave-para-el-logro-de-los-ods\\\/\",\"name\":\"CHALLENGES AND PROGRESS OF ENVIRONMENTAL PHILANTHROPY AS A KEY PLAYER FOR THE SDGS ACHIEVEMENT\",\"isPartOf\":{\"@id\":\"https:\\\/\\\/www.filantropiacortessolari.cl\\\/#website\"},\"primaryImageOfPage\":{\"@id\":\"https:\\\/\\\/www.filantropiacortessolari.cl\\\/desafios-y-avances-de-la-filantropia-ambiental-como-actor-clave-para-el-logro-de-los-ods\\\/#primaryimage\"},\"image\":{\"@id\":\"https:\\\/\\\/www.filantropiacortessolari.cl\\\/desafios-y-avances-de-la-filantropia-ambiental-como-actor-clave-para-el-logro-de-los-ods\\\/#primaryimage\"},\"thumbnailUrl\":\"https:\\\/\\\/www.filantropiacortessolari.cl\\\/wp-content\\\/uploads\\\/2023\\\/09\\\/Youtube-1024x576.png\",\"datePublished\":\"2023-09-06T16:07:47+00:00\",\"dateModified\":\"2023-09-18T14:06:47+00:00\",\"breadcrumb\":{\"@id\":\"https:\\\/\\\/www.filantropiacortessolari.cl\\\/desafios-y-avances-de-la-filantropia-ambiental-como-actor-clave-para-el-logro-de-los-ods\\\/#breadcrumb\"},\"inLanguage\":\"en-US\",\"potentialAction\":[{\"@type\":\"ReadAction\",\"target\":[\"https:\\\/\\\/www.filantropiacortessolari.cl\\\/desafios-y-avances-de-la-filantropia-ambiental-como-actor-clave-para-el-logro-de-los-ods\\\/\"]}]},{\"@type\":\"ImageObject\",\"inLanguage\":\"en-US\",\"@id\":\"https:\\\/\\\/www.filantropiacortessolari.cl\\\/desafios-y-avances-de-la-filantropia-ambiental-como-actor-clave-para-el-logro-de-los-ods\\\/#primaryimage\",\"url\":\"https:\\\/\\\/www.filantropiacortessolari.cl\\\/wp-content\\\/uploads\\\/2023\\\/09\\\/Youtube-1024x576.png\",\"contentUrl\":\"https:\\\/\\\/www.filantropiacortessolari.cl\\\/wp-content\\\/uploads\\\/2023\\\/09\\\/Youtube-1024x576.png\"},{\"@type\":\"BreadcrumbList\",\"@id\":\"https:\\\/\\\/www.filantropiacortessolari.cl\\\/desafios-y-avances-de-la-filantropia-ambiental-como-actor-clave-para-el-logro-de-los-ods\\\/#breadcrumb\",\"itemListElement\":[{\"@type\":\"ListItem\",\"position\":1,\"name\":\"Portada\",\"item\":\"https:\\\/\\\/www.filantropiacortessolari.cl\\\/\"},{\"@type\":\"ListItem\",\"position\":2,\"name\":\"Desaf\u00edos y Avances de la Filantrop\u00eda Ambiental como Actor Clave para el Logro de los ODS\"}]},{\"@type\":\"WebSite\",\"@id\":\"https:\\\/\\\/www.filantropiacortessolari.cl\\\/#website\",\"url\":\"https:\\\/\\\/www.filantropiacortessolari.cl\\\/\",\"name\":\"Filantrop\u00eda Cort\u00e9s Solari\",\"description\":\"Sitio web Filantrop\u00eda Cort\u00e9s Solari\",\"potentialAction\":[{\"@type\":\"SearchAction\",\"target\":{\"@type\":\"EntryPoint\",\"urlTemplate\":\"https:\\\/\\\/www.filantropiacortessolari.cl\\\/?s={search_term_string}\"},\"query-input\":{\"@type\":\"PropertyValueSpecification\",\"valueRequired\":true,\"valueName\":\"search_term_string\"}}],\"inLanguage\":\"en-US\"}]}<\/script>\n<!-- \/ Yoast SEO plugin. -->","yoast_head_json":{"title":"CHALLENGES AND PROGRESS OF ENVIRONMENTAL PHILANTHROPY AS A KEY PLAYER FOR THE SDGS ACHIEVEMENT","robots":{"index":"index","follow":"follow","max-snippet":"max-snippet:-1","max-image-preview":"max-image-preview:large","max-video-preview":"max-video-preview:-1"},"canonical":"https:\/\/www.filantropiacortessolari.cl\/desafios-y-avances-de-la-filantropia-ambiental-como-actor-clave-para-el-logro-de-los-ods\/","og_locale":"en_US","og_type":"article","og_title":"CHALLENGES AND PROGRESS OF ENVIRONMENTAL PHILANTHROPY AS A KEY PLAYER FOR THE SDGS ACHIEVEMENT","og_url":"https:\/\/www.filantropiacortessolari.cl\/desafios-y-avances-de-la-filantropia-ambiental-como-actor-clave-para-el-logro-de-los-ods\/","og_site_name":"Filantrop\u00eda Cort\u00e9s Solari","article_modified_time":"2023-09-18T14:06:47+00:00","og_image":[{"url":"https:\/\/www.filantropiacortessolari.cl\/wp-content\/uploads\/2023\/09\/Youtube-1024x576.png","type":"","width":"","height":""}],"twitter_card":"summary_large_image","twitter_misc":{"Est. reading time":"5 minutes"},"schema":{"@context":"https:\/\/schema.org","@graph":[{"@type":"WebPage","@id":"https:\/\/www.filantropiacortessolari.cl\/desafios-y-avances-de-la-filantropia-ambiental-como-actor-clave-para-el-logro-de-los-ods\/","url":"https:\/\/www.filantropiacortessolari.cl\/desafios-y-avances-de-la-filantropia-ambiental-como-actor-clave-para-el-logro-de-los-ods\/","name":"CHALLENGES AND PROGRESS OF ENVIRONMENTAL PHILANTHROPY AS A KEY PLAYER FOR THE SDGS ACHIEVEMENT","isPartOf":{"@id":"https:\/\/www.filantropiacortessolari.cl\/#website"},"primaryImageOfPage":{"@id":"https:\/\/www.filantropiacortessolari.cl\/desafios-y-avances-de-la-filantropia-ambiental-como-actor-clave-para-el-logro-de-los-ods\/#primaryimage"},"image":{"@id":"https:\/\/www.filantropiacortessolari.cl\/desafios-y-avances-de-la-filantropia-ambiental-como-actor-clave-para-el-logro-de-los-ods\/#primaryimage"},"thumbnailUrl":"https:\/\/www.filantropiacortessolari.cl\/wp-content\/uploads\/2023\/09\/Youtube-1024x576.png","datePublished":"2023-09-06T16:07:47+00:00","dateModified":"2023-09-18T14:06:47+00:00","breadcrumb":{"@id":"https:\/\/www.filantropiacortessolari.cl\/desafios-y-avances-de-la-filantropia-ambiental-como-actor-clave-para-el-logro-de-los-ods\/#breadcrumb"},"inLanguage":"en-US","potentialAction":[{"@type":"ReadAction","target":["https:\/\/www.filantropiacortessolari.cl\/desafios-y-avances-de-la-filantropia-ambiental-como-actor-clave-para-el-logro-de-los-ods\/"]}]},{"@type":"ImageObject","inLanguage":"en-US","@id":"https:\/\/www.filantropiacortessolari.cl\/desafios-y-avances-de-la-filantropia-ambiental-como-actor-clave-para-el-logro-de-los-ods\/#primaryimage","url":"https:\/\/www.filantropiacortessolari.cl\/wp-content\/uploads\/2023\/09\/Youtube-1024x576.png","contentUrl":"https:\/\/www.filantropiacortessolari.cl\/wp-content\/uploads\/2023\/09\/Youtube-1024x576.png"},{"@type":"BreadcrumbList","@id":"https:\/\/www.filantropiacortessolari.cl\/desafios-y-avances-de-la-filantropia-ambiental-como-actor-clave-para-el-logro-de-los-ods\/#breadcrumb","itemListElement":[{"@type":"ListItem","position":1,"name":"Portada","item":"https:\/\/www.filantropiacortessolari.cl\/"},{"@type":"ListItem","position":2,"name":"Desaf\u00edos y Avances de la Filantrop\u00eda Ambiental como Actor Clave para el Logro de los ODS"}]},{"@type":"WebSite","@id":"https:\/\/www.filantropiacortessolari.cl\/#website","url":"https:\/\/www.filantropiacortessolari.cl\/","name":"Filantrop\u00eda Cort\u00e9s Solari","description":"Sitio web Filantrop\u00eda Cort\u00e9s Solari","potentialAction":[{"@type":"SearchAction","target":{"@type":"EntryPoint","urlTemplate":"https:\/\/www.filantropiacortessolari.cl\/?s={search_term_string}"},"query-input":{"@type":"PropertyValueSpecification","valueRequired":true,"valueName":"search_term_string"}}],"inLanguage":"en-US"}]}},"_links":{"self":[{"href":"https:\/\/www.filantropiacortessolari.cl\/en\/wp-json\/wp\/v2\/pages\/11510","targetHints":{"allow":["GET"]}}],"collection":[{"href":"https:\/\/www.filantropiacortessolari.cl\/en\/wp-json\/wp\/v2\/pages"}],"about":[{"href":"https:\/\/www.filantropiacortessolari.cl\/en\/wp-json\/wp\/v2\/types\/page"}],"author":[{"embeddable":true,"href":"https:\/\/www.filantropiacortessolari.cl\/en\/wp-json\/wp\/v2\/users\/1"}],"replies":[{"embeddable":true,"href":"https:\/\/www.filantropiacortessolari.cl\/en\/wp-json\/wp\/v2\/comments?post=11510"}],"version-history":[{"count":29,"href":"https:\/\/www.filantropiacortessolari.cl\/en\/wp-json\/wp\/v2\/pages\/11510\/revisions"}],"predecessor-version":[{"id":11523,"href":"https:\/\/www.filantropiacortessolari.cl\/en\/wp-json\/wp\/v2\/pages\/11510\/revisions\/11523"}],"wp:attachment":[{"href":"https:\/\/www.filantropiacortessolari.cl\/en\/wp-json\/wp\/v2\/media?parent=11510"}],"curies":[{"name":"wp","href":"https:\/\/api.w.org\/{rel}","templated":true}]}}