{"id":215,"date":"2019-08-08T12:04:23","date_gmt":"2019-08-08T15:04:23","guid":{"rendered":"http:\/\/intranet.filantropiacortessolari.cl\/?page_id=215"},"modified":"2022-06-17T16:07:40","modified_gmt":"2022-06-17T19:07:40","slug":"nuestra-historia","status":"publish","type":"page","link":"https:\/\/www.filantropiacortessolari.cl\/en\/nuestra-historia\/","title":{"rendered":"Our History"},"content":{"rendered":"<style type=\"text\/css\"> \n#cmsms_row_69f0c219461176_43245901 .cmsms_row_outer_parent { \n\tpadding-top: 0px; \n} \n\n#cmsms_row_69f0c219461176_43245901 .cmsms_row_outer_parent { \n\tpadding-bottom: 15px; \n} \n\n#cmsms_row_69f0c219461176_43245901 .cmsms_row_inner.cmsms_row_fullwidth { \n\tpadding-left:0%; \n} \n#cmsms_row_69f0c219461176_43245901 .cmsms_row_inner.cmsms_row_fullwidth { \n\tpadding-right:0%; \n} \n \n#cmsms_row_69f0c219464ab4_14510628 .cmsms_row_outer_parent { \n\tpadding-top: 0px; \n} \n\n#cmsms_row_69f0c219464ab4_14510628 .cmsms_row_outer_parent { \n\tpadding-bottom: 0px; \n} \n\n \n#cmsms_row_69f0c219465447_80553456 .cmsms_row_outer_parent { \n\tpadding-top: 0px; \n} \n\n#cmsms_row_69f0c219465447_80553456 .cmsms_row_outer_parent { \n\tpadding-bottom: 0px; \n} \n\n \n#cmsms_row_69f0c2194678e3_03554171 .cmsms_row_outer_parent { \n\tpadding-top: 0px; \n} \n\n#cmsms_row_69f0c2194678e3_03554171 .cmsms_row_outer_parent { \n\tpadding-bottom: 50px; \n} \n\n \n#cmsms_icon_box_69f0c2194689f3_07672353 { \n\tborder-width:1px; \n\tcolor:#836d56;\n\tbackground-color:#2d2d38;\n\tborder-color:#836d56;\n} \n\n#cmsms_icon_box_69f0c2194689f3_07672353:before, \n#cmsms_icon_box_69f0c2194689f3_07672353 .icon_box_heading:before { \n\tfont-size:40px; \n\tline-height:40px; \n\twidth:40px; \n\theight:40px; \n\tborder-width:0px; \n\t-webkit-border-radius:50%; \n\tborder-radius:50%; \n\tcolor:#836d56;\n\tbackground-color:#2d2d38;\n\tborder-color:#836d56;\n} \n\n#cmsms_icon_box_69f0c2194689f3_07672353.cmsms_icon_heading_left, \n#cmsms_icon_box_69f0c2194689f3_07672353.cmsms_icon_top, \n#cmsms_icon_box_69f0c2194689f3_07672353.cmsms_icon_box_left_top { \n\tpadding:30px 20px; } \n\n#cmsms_icon_box_69f0c2194689f3_07672353.cmsms_icon_top:before { \n\ttop:30px;} \n\n#cmsms_icon_box_69f0c2194689f3_07672353 a:not(.cmsms_button), \n#cmsms_icon_box_69f0c2194689f3_07672353 a:not(.cmsms_button):hover, \n#cmsms_icon_box_69f0c2194689f3_07672353 h1, \n#cmsms_icon_box_69f0c2194689f3_07672353 h2, \n#cmsms_icon_box_69f0c2194689f3_07672353 h3, \n#cmsms_icon_box_69f0c2194689f3_07672353 h4, \n#cmsms_icon_box_69f0c2194689f3_07672353 h5, \n#cmsms_icon_box_69f0c2194689f3_07672353 h6 { \n\tcolor:#836d56;} \n\n#cmsms_icon_box_69f0c2194689f3_07672353 a:not(.cmsms_button) { \n\n\ttext-decoration:underline;} \n\n#cmsms_icon_box_69f0c2194689f3_07672353 a:not(.cmsms_button):hover { \n\n\ttext-decoration:none;} \n\n#cmsms_icon_box_69f0c2194689f3_07672353.cmsms_icon_box_left, \n#cmsms_icon_box_69f0c2194689f3_07672353.cmsms_icon_box_left_top { \n\tpadding-left:50px; \n\tmargin-left:20px; \n\t} \n\n#cmsms_icon_box_69f0c2194689f3_07672353.cmsms_icon_box_left:before, \n#cmsms_icon_box_69f0c2194689f3_07672353.cmsms_icon_box_left_top:before { \n\tleft:-20px; \n\t} \n\n#cmsms_icon_box_69f0c2194689f3_07672353.cmsms_icon_box_left_top { \n\tpadding-top:20px; \n\tmargin-top:20px; \n\t} \n\n#cmsms_icon_box_69f0c2194689f3_07672353.cmsms_icon_box_left_top:before { \n\tmargin-top:-20px; \n\t} \n\n#cmsms_icon_box_69f0c2194689f3_07672353:before { \n\tbackground-image:url(https:\/\/www.filantropiacortessolari.cl\/wp-content\/uploads\/2019\/08\/caserta.png); \n} \n \n#cmsms_row_69f0c21946fab4_96600679 .cmsms_row_outer_parent { \n\tpadding-top: 0px; \n} \n\n#cmsms_row_69f0c21946fab4_96600679 .cmsms_row_outer_parent { \n\tpadding-bottom: 50px; \n} \n\n \n#cmsms_icon_box_69f0c2194702c4_12042782 { \n\tborder-width:1px; \n\tcolor:#836d56;\n\tbackground-color:#2d2d38;\n\tborder-color:#836d56;\n} \n\n#cmsms_icon_box_69f0c2194702c4_12042782:before, \n#cmsms_icon_box_69f0c2194702c4_12042782 .icon_box_heading:before { \n\tfont-size:40px; \n\tline-height:40px; \n\twidth:40px; \n\theight:40px; \n\tborder-width:0px; \n\t-webkit-border-radius:50%; \n\tborder-radius:50%; \n\tcolor:#836d56;\n\tbackground-color:#2d2d38;\n\tborder-color:#836d56;\n} \n\n#cmsms_icon_box_69f0c2194702c4_12042782.cmsms_icon_heading_left, \n#cmsms_icon_box_69f0c2194702c4_12042782.cmsms_icon_top, \n#cmsms_icon_box_69f0c2194702c4_12042782.cmsms_icon_box_left_top { \n\tpadding:30px 20px; } \n\n#cmsms_icon_box_69f0c2194702c4_12042782.cmsms_icon_top:before { \n\ttop:30px;} \n\n#cmsms_icon_box_69f0c2194702c4_12042782 a:not(.cmsms_button), \n#cmsms_icon_box_69f0c2194702c4_12042782 a:not(.cmsms_button):hover, \n#cmsms_icon_box_69f0c2194702c4_12042782 h1, \n#cmsms_icon_box_69f0c2194702c4_12042782 h2, \n#cmsms_icon_box_69f0c2194702c4_12042782 h3, \n#cmsms_icon_box_69f0c2194702c4_12042782 h4, \n#cmsms_icon_box_69f0c2194702c4_12042782 h5, \n#cmsms_icon_box_69f0c2194702c4_12042782 h6 { \n\tcolor:#836d56;} \n\n#cmsms_icon_box_69f0c2194702c4_12042782 a:not(.cmsms_button) { \n\n\ttext-decoration:underline;} \n\n#cmsms_icon_box_69f0c2194702c4_12042782 a:not(.cmsms_button):hover { \n\n\ttext-decoration:none;} \n\n#cmsms_icon_box_69f0c2194702c4_12042782.cmsms_icon_box_left, \n#cmsms_icon_box_69f0c2194702c4_12042782.cmsms_icon_box_left_top { \n\tpadding-left:50px; \n\tmargin-left:20px; \n\t} \n\n#cmsms_icon_box_69f0c2194702c4_12042782.cmsms_icon_box_left:before, \n#cmsms_icon_box_69f0c2194702c4_12042782.cmsms_icon_box_left_top:before { \n\tleft:-20px; \n\t} \n\n#cmsms_icon_box_69f0c2194702c4_12042782.cmsms_icon_box_left_top { \n\tpadding-top:20px; \n\tmargin-top:20px; \n\t} \n\n#cmsms_icon_box_69f0c2194702c4_12042782.cmsms_icon_box_left_top:before { \n\tmargin-top:-20px; \n\t} \n\n#cmsms_icon_box_69f0c2194702c4_12042782:before { \n\tbackground-image:url(https:\/\/www.filantropiacortessolari.cl\/wp-content\/uploads\/2019\/08\/meri-2.png); \n} \n \n#cmsms_row_69f0c219475cd1_00644288 .cmsms_row_outer_parent { \n\tpadding-top: 0px; \n} \n\n#cmsms_row_69f0c219475cd1_00644288 .cmsms_row_outer_parent { \n\tpadding-bottom: 50px; \n} \n\n \n#cmsms_row_69f0c2194762a9_73586985 .cmsms_row_outer_parent { \n\tpadding-top: 0px; \n} \n\n#cmsms_row_69f0c2194762a9_73586985 .cmsms_row_outer_parent { \n\tpadding-bottom: 50px; \n} \n\n<\/style><div id=\"cmsms_row_69f0c219461176_43245901\" class=\"cmsms_row cmsms_color_scheme_default\">\n<div class=\"cmsms_row_outer_parent\">\n<div class=\"cmsms_row_outer\">\n<div class=\"cmsms_row_inner cmsms_row_fullwidth\">\n<div class=\"cmsms_row_margin\">\n<div class=\"cmsms_column one_first\">\n<div class=\"aligncenter\">\n<div class=\"cmsms_img  cmsms_image_c\">\n<img decoding=\"async\" src=\"https:\/\/www.filantropiacortessolari.cl\/wp-content\/uploads\/2020\/04\/historia.jpg\" \/>\n<\/div>\n<\/div>\n<\/div>\n<\/div>\n<\/div>\n<\/div>\n<\/div>\n<\/div>\n<div id=\"cmsms_row_69f0c219464ab4_14510628\" class=\"cmsms_row cmsms_color_scheme_default\">\n<div class=\"cmsms_row_outer_parent\">\n<div class=\"cmsms_row_outer\">\n<div class=\"cmsms_row_inner\">\n<div class=\"cmsms_row_margin\">\n<div class=\"cmsms_column one_first\">\n<div class=\"cmsms_text\">\n<h1>OUR HISTORY<\/h1>\n<\/div>\n<\/div>\n<\/div>\n<\/div>\n<\/div>\n<\/div>\n<\/div>\n<div id=\"cmsms_row_69f0c219465447_80553456\" class=\"cmsms_row cmsms_color_scheme_default\">\n<div class=\"cmsms_row_outer_parent\">\n<div class=\"cmsms_row_outer\">\n<div class=\"cmsms_row_inner\">\n<div class=\"cmsms_row_margin\">\n<div class=\"cmsms_column one_third\">\n<div class=\"aligncenter\">\n<div class=\"cmsms_img  cmsms_image_c\">\n<img decoding=\"async\" src=\"https:\/\/www.filantropiacortessolari.cl\/wp-content\/uploads\/2020\/04\/rio.jpg\" \/>\n<\/div>\n<\/div>\n<\/div>\n<div class=\"cmsms_column two_third\">\n<div class=\"cmsms_text\">\n<p>From the beginning, almost twenty years ago, Filantrop\u00eda Cort\u00e9s Solari, chaired by its founder, Francisca Cort\u00e9s Solari, has been characterized by its <strong>innovative approach, aimed at creating social value in the service of our country<\/strong>.<\/p>\n<p>The project, promoted by sisters Liliana, Mar\u00eda Luisa and Teresa Solari Falabella, focused from the beginning on the development of outdoor educational programs for vulnerable children and youth.<\/p>\n<p>These programs sought to have a positive impact on the quality of education in the classroom.<\/p>\n<p>This is how <strong>Caserta Foundation<\/strong> was created in 2003.<\/p>\n<\/div>\n<\/div>\n<\/div>\n<\/div>\n<\/div>\n<\/div>\n<\/div>\n<div id=\"cmsms_row_69f0c2194678e3_03554171\" class=\"cmsms_row cmsms_color_scheme_default\">\n<div class=\"cmsms_row_outer_parent\">\n<div class=\"cmsms_row_outer\">\n<div class=\"cmsms_row_inner\">\n<div class=\"cmsms_row_margin\">\n<div class=\"cmsms_column one_first\">\n\n<div id=\"cmsms_icon_box_69f0c2194689f3_07672353\" class=\"cmsms_icon_box cmsms_icon_box_left_top box_icon_type_image \">\n<div class=\"icon_box_inner\">\n<h2 class=\"icon_box_heading\">CASERTA FOUNDATION<\/h2>\n<div class=\"icon_box_text\">\n<div id='gallery-1' class='gallery galleryid-215 gallery-columns-3 gallery-size-square-thumb'><figure class='gallery-item'>\n\t\t\t<div class='gallery-icon landscape'>\n\t\t\t\t<img loading=\"lazy\" decoding=\"async\" width=\"250\" height=\"250\" src=\"https:\/\/www.filantropiacortessolari.cl\/wp-content\/uploads\/2020\/04\/FIL_web-fcs_quienes-somos_historia-01-250x250.png\" class=\"attachment-square-thumb size-square-thumb\" alt=\"\" srcset=\"https:\/\/www.filantropiacortessolari.cl\/wp-content\/uploads\/2020\/04\/FIL_web-fcs_quienes-somos_historia-01-250x250.png 250w, https:\/\/www.filantropiacortessolari.cl\/wp-content\/uploads\/2020\/04\/FIL_web-fcs_quienes-somos_historia-01-150x150.png 150w, https:\/\/www.filantropiacortessolari.cl\/wp-content\/uploads\/2020\/04\/FIL_web-fcs_quienes-somos_historia-01-55x55.png 55w, https:\/\/www.filantropiacortessolari.cl\/wp-content\/uploads\/2020\/04\/FIL_web-fcs_quienes-somos_historia-01.png 280w\" sizes=\"auto, (max-width: 250px) 100vw, 250px\" \/>\n\t\t\t<\/div><\/figure><figure class='gallery-item'>\n\t\t\t<div class='gallery-icon landscape'>\n\t\t\t\t<img loading=\"lazy\" decoding=\"async\" width=\"250\" height=\"250\" src=\"https:\/\/www.filantropiacortessolari.cl\/wp-content\/uploads\/2020\/04\/FIL_web-fcs_quienes-somos_historia-02-250x250.png\" class=\"attachment-square-thumb size-square-thumb\" alt=\"\" srcset=\"https:\/\/www.filantropiacortessolari.cl\/wp-content\/uploads\/2020\/04\/FIL_web-fcs_quienes-somos_historia-02-250x250.png 250w, https:\/\/www.filantropiacortessolari.cl\/wp-content\/uploads\/2020\/04\/FIL_web-fcs_quienes-somos_historia-02-150x150.png 150w, https:\/\/www.filantropiacortessolari.cl\/wp-content\/uploads\/2020\/04\/FIL_web-fcs_quienes-somos_historia-02-55x55.png 55w, https:\/\/www.filantropiacortessolari.cl\/wp-content\/uploads\/2020\/04\/FIL_web-fcs_quienes-somos_historia-02.png 280w\" sizes=\"auto, (max-width: 250px) 100vw, 250px\" \/>\n\t\t\t<\/div><\/figure><figure class='gallery-item'>\n\t\t\t<div class='gallery-icon landscape'>\n\t\t\t\t<img loading=\"lazy\" decoding=\"async\" width=\"250\" height=\"250\" src=\"https:\/\/www.filantropiacortessolari.cl\/wp-content\/uploads\/2020\/04\/FIL_web-fcs_quienes-somos_historia-03-250x250.png\" class=\"attachment-square-thumb size-square-thumb\" alt=\"\" srcset=\"https:\/\/www.filantropiacortessolari.cl\/wp-content\/uploads\/2020\/04\/FIL_web-fcs_quienes-somos_historia-03-250x250.png 250w, https:\/\/www.filantropiacortessolari.cl\/wp-content\/uploads\/2020\/04\/FIL_web-fcs_quienes-somos_historia-03-150x150.png 150w, https:\/\/www.filantropiacortessolari.cl\/wp-content\/uploads\/2020\/04\/FIL_web-fcs_quienes-somos_historia-03-55x55.png 55w, https:\/\/www.filantropiacortessolari.cl\/wp-content\/uploads\/2020\/04\/FIL_web-fcs_quienes-somos_historia-03.png 280w\" sizes=\"auto, (max-width: 250px) 100vw, 250px\" \/>\n\t\t\t<\/div><\/figure>\n\t\t<\/div>\n<p>In the following decade, Caserta grew and increased its coverage and impact, which resulted in the need for a space capable of hosting the various outdoor educational programs.<\/p>\n<p>This led to the creation of the Likandes Educational Park. Located in San Jos\u00e9 de Maipo, a territory for Effective Conservation, today the park is called <a href=\"https:\/\/www.caserta.cl\/likandes\/\">Likandes Elemental Reserve<\/a> and it houses the following:<\/p>\n<ul>\n<li>Outdoor Experiential Education Programs, that are in dialogue with the General Education Law, under <a href=\"https:\/\/www.caserta.cl\/\">Caserta Foundation<\/a>;<\/li>\n<li>Scientific Development and Environmental Education Programs, in the service of conservation, under <a href=\"https:\/\/www.fundacionmeri.cl\/\">MERI Foundation<\/a>.<\/li>\n<\/ul>\n<\/div>\n<\/div>\n<\/div>\n<\/div>\n<\/div>\n<\/div>\n<\/div>\n<\/div>\n<\/div>\n<div id=\"cmsms_row_69f0c21946fab4_96600679\" class=\"cmsms_row cmsms_color_scheme_default\">\n<div class=\"cmsms_row_outer_parent\">\n<div class=\"cmsms_row_outer\">\n<div class=\"cmsms_row_inner\">\n<div class=\"cmsms_row_margin\">\n<div class=\"cmsms_column one_first\">\n\n<div id=\"cmsms_icon_box_69f0c2194702c4_12042782\" class=\"cmsms_icon_box cmsms_icon_box_left_top box_icon_type_image \">\n<div class=\"icon_box_inner\">\n<h2 class=\"icon_box_heading\">MERI FOUNDATION<\/h2>\n<div class=\"icon_box_text\">\n<div id='gallery-2' class='gallery galleryid-215 gallery-columns-3 gallery-size-square-thumb'><figure class='gallery-item'>\n\t\t\t<div class='gallery-icon landscape'>\n\t\t\t\t<img loading=\"lazy\" decoding=\"async\" width=\"250\" height=\"250\" src=\"https:\/\/www.filantropiacortessolari.cl\/wp-content\/uploads\/2020\/04\/FIL_web-fcs_quienes-somos_historia-05-250x250.png\" class=\"attachment-square-thumb size-square-thumb\" alt=\"\" srcset=\"https:\/\/www.filantropiacortessolari.cl\/wp-content\/uploads\/2020\/04\/FIL_web-fcs_quienes-somos_historia-05-250x250.png 250w, https:\/\/www.filantropiacortessolari.cl\/wp-content\/uploads\/2020\/04\/FIL_web-fcs_quienes-somos_historia-05-150x150.png 150w, https:\/\/www.filantropiacortessolari.cl\/wp-content\/uploads\/2020\/04\/FIL_web-fcs_quienes-somos_historia-05-55x55.png 55w, https:\/\/www.filantropiacortessolari.cl\/wp-content\/uploads\/2020\/04\/FIL_web-fcs_quienes-somos_historia-05.png 280w\" sizes=\"auto, (max-width: 250px) 100vw, 250px\" \/>\n\t\t\t<\/div><\/figure><figure class='gallery-item'>\n\t\t\t<div class='gallery-icon landscape'>\n\t\t\t\t<img loading=\"lazy\" decoding=\"async\" width=\"250\" height=\"250\" src=\"https:\/\/www.filantropiacortessolari.cl\/wp-content\/uploads\/2020\/04\/FIL_web-fcs_quienes-somos_historia-06-250x250.png\" class=\"attachment-square-thumb size-square-thumb\" alt=\"\" srcset=\"https:\/\/www.filantropiacortessolari.cl\/wp-content\/uploads\/2020\/04\/FIL_web-fcs_quienes-somos_historia-06-250x250.png 250w, https:\/\/www.filantropiacortessolari.cl\/wp-content\/uploads\/2020\/04\/FIL_web-fcs_quienes-somos_historia-06-150x150.png 150w, https:\/\/www.filantropiacortessolari.cl\/wp-content\/uploads\/2020\/04\/FIL_web-fcs_quienes-somos_historia-06-55x55.png 55w, https:\/\/www.filantropiacortessolari.cl\/wp-content\/uploads\/2020\/04\/FIL_web-fcs_quienes-somos_historia-06.png 280w\" sizes=\"auto, (max-width: 250px) 100vw, 250px\" \/>\n\t\t\t<\/div><\/figure><figure class='gallery-item'>\n\t\t\t<div class='gallery-icon landscape'>\n\t\t\t\t<img loading=\"lazy\" decoding=\"async\" width=\"250\" height=\"250\" src=\"https:\/\/www.filantropiacortessolari.cl\/wp-content\/uploads\/2020\/04\/FIL_web-fcs_quienes-somos_historia-04-250x250.png\" class=\"attachment-square-thumb size-square-thumb\" alt=\"\" srcset=\"https:\/\/www.filantropiacortessolari.cl\/wp-content\/uploads\/2020\/04\/FIL_web-fcs_quienes-somos_historia-04-250x250.png 250w, https:\/\/www.filantropiacortessolari.cl\/wp-content\/uploads\/2020\/04\/FIL_web-fcs_quienes-somos_historia-04-150x150.png 150w, https:\/\/www.filantropiacortessolari.cl\/wp-content\/uploads\/2020\/04\/FIL_web-fcs_quienes-somos_historia-04-55x55.png 55w, https:\/\/www.filantropiacortessolari.cl\/wp-content\/uploads\/2020\/04\/FIL_web-fcs_quienes-somos_historia-04.png 280w\" sizes=\"auto, (max-width: 250px) 100vw, 250px\" \/>\n\t\t\t<\/div><\/figure>\n\t\t<\/div>\n<p>In keeping with the educational approach as the central driver of the philanthropic project, MERI Foundation was created in 2012 to promote and carry out scientific research and environmental education, in the service of conservation.<\/p>\n<p>MERI\u2019s main mission is to care for the ecosystems present in the Elemental Reserves of FCS, which are located in San Pedro de Atacama (Puribeter Elemental Reserve), San Jos\u00e9 de Maipo (Likandes Elemental Reserve) and Northern Patagonia (Melimoyu Elemental Reserve).<\/p>\n<h3>For this, MERI has two lines of work.<\/h3>\n<p>The first line of work is Scientific Research, which focuses on five areas:<\/p>\n<ul>\n<li>Freshwater<\/li>\n<li>Oceans<\/li>\n<li>Biodiversity<\/li>\n<li>Sustainable Agriculture<\/li>\n<li>Atmosphere<\/li>\n<\/ul>\n<p>The second line of work is Environmental Education, which seeks not only to raise community awareness of environmental challenges, but also to transfer scientific knowledge.<\/p>\n<p>It is important to note that these Environmental Education programs are designed under a strategic partnership with Caserta Foundation, in order to maintain the foundation\u2019s methodology in terms of comprehensive education.<\/p>\n<p>MERI Foundation is aware that it is not enough to promote scientific development; it is also essential to raise community awareness of the sustainable management of terrestrial, freshwater, and marine ecosystems and the natural and cultural legacy of our ecosystem.<\/p>\n<\/div>\n<\/div>\n<\/div>\n<\/div>\n<\/div>\n<\/div>\n<\/div>\n<\/div>\n<\/div>\n<div id=\"cmsms_row_69f0c219475cd1_00644288\" class=\"cmsms_row cmsms_color_scheme_default\">\n<div class=\"cmsms_row_outer_parent\">\n<div class=\"cmsms_row_outer\">\n<div class=\"cmsms_row_inner\">\n<div class=\"cmsms_row_margin\">\n<div class=\"cmsms_column one_first\">\n<div class=\"cmsms_text\">\n<p>FCS seeks to promote a series of values and principles such as integrity, solidarity, perseverance, respect, and love for Chile.<\/p>\n<p>All of these values are reflected in the actions of our foundations and reserves. They seek to rescue, promote, and disseminate our cultural heritage, and also to preserve and make known the ecosystemic diversity of our country, in accordance with the future challenges facing Chile. All of this is done through the transversal lines of action that are education, scientific development, culture, and conservation.<\/p>\n<\/div>\n<\/div>\n<\/div>\n<\/div>\n<\/div>\n<\/div>\n<\/div>\n<div id=\"cmsms_row_69f0c2194762a9_73586985\" class=\"cmsms_row cmsms_color_scheme_default\">\n<div class=\"cmsms_row_outer_parent\">\n<div class=\"cmsms_row_outer\">\n<div class=\"cmsms_row_inner\">\n<div class=\"cmsms_row_margin\">\n<div class=\"cmsms_column one_first\">\n<div class=\"aligncenter\">\n<div class=\"cmsms_img  cmsms_image_c\">\n<img decoding=\"async\" src=\"https:\/\/www.filantropiacortessolari.cl\/wp-content\/uploads\/2020\/04\/FIL_web-fcs_quienes-somos_historia-mapa.png\" \/>\n<\/div>\n<\/div>\n<\/div>\n<\/div>\n<\/div>\n<\/div>\n<\/div>\n<\/div>\n\n","protected":false},"excerpt":{"rendered":"","protected":false},"author":1,"featured_media":0,"parent":0,"menu_order":0,"comment_status":"closed","ping_status":"closed","template":"","meta":{"footnotes":""},"class_list":["post-215","page","type-page","status-publish","hentry"],"translation":{"provider":"WPGlobus","version":"3.0.2","language":"en","enabled_languages":["es","en"],"languages":{"es":{"title":true,"content":true,"excerpt":false},"en":{"title":true,"content":true,"excerpt":false}}},"yoast_head":"<!-- This site is optimized with the Yoast SEO plugin v27.4 - https:\/\/yoast.com\/product\/yoast-seo-wordpress\/ -->\n<title>Our History<\/title>\n<meta name=\"robots\" content=\"index, follow, max-snippet:-1, max-image-preview:large, max-video-preview:-1\" \/>\n<link rel=\"canonical\" href=\"https:\/\/www.filantropiacortessolari.cl\/nuestra-historia\/\" \/>\n<meta property=\"og:locale\" content=\"en_US\" \/>\n<meta property=\"og:type\" content=\"article\" \/>\n<meta property=\"og:title\" content=\"Our History\" \/>\n<meta property=\"og:url\" content=\"https:\/\/www.filantropiacortessolari.cl\/nuestra-historia\/\" \/>\n<meta property=\"og:site_name\" content=\"Filantrop\u00eda Cort\u00e9s Solari\" \/>\n<meta property=\"article:modified_time\" content=\"2022-06-17T19:07:40+00:00\" \/>\n<meta name=\"twitter:card\" content=\"summary_large_image\" \/>\n<meta name=\"twitter:label1\" content=\"Est. reading time\" \/>\n\t<meta name=\"twitter:data1\" content=\"3 minutes\" \/>\n<script type=\"application\/ld+json\" class=\"yoast-schema-graph\">{\"@context\":\"https:\\\/\\\/schema.org\",\"@graph\":[{\"@type\":\"WebPage\",\"@id\":\"https:\\\/\\\/www.filantropiacortessolari.cl\\\/nuestra-historia\\\/\",\"url\":\"https:\\\/\\\/www.filantropiacortessolari.cl\\\/nuestra-historia\\\/\",\"name\":\"Our History\",\"isPartOf\":{\"@id\":\"https:\\\/\\\/www.filantropiacortessolari.cl\\\/#website\"},\"datePublished\":\"2019-08-08T15:04:23+00:00\",\"dateModified\":\"2022-06-17T19:07:40+00:00\",\"breadcrumb\":{\"@id\":\"https:\\\/\\\/www.filantropiacortessolari.cl\\\/nuestra-historia\\\/#breadcrumb\"},\"inLanguage\":\"en-US\",\"potentialAction\":[{\"@type\":\"ReadAction\",\"target\":[\"https:\\\/\\\/www.filantropiacortessolari.cl\\\/nuestra-historia\\\/\"]}]},{\"@type\":\"BreadcrumbList\",\"@id\":\"https:\\\/\\\/www.filantropiacortessolari.cl\\\/nuestra-historia\\\/#breadcrumb\",\"itemListElement\":[{\"@type\":\"ListItem\",\"position\":1,\"name\":\"Portada\",\"item\":\"https:\\\/\\\/www.filantropiacortessolari.cl\\\/\"},{\"@type\":\"ListItem\",\"position\":2,\"name\":\"Nuestra Historia\"}]},{\"@type\":\"WebSite\",\"@id\":\"https:\\\/\\\/www.filantropiacortessolari.cl\\\/#website\",\"url\":\"https:\\\/\\\/www.filantropiacortessolari.cl\\\/\",\"name\":\"Filantrop\u00eda Cort\u00e9s Solari\",\"description\":\"Sitio web Filantrop\u00eda Cort\u00e9s Solari\",\"potentialAction\":[{\"@type\":\"SearchAction\",\"target\":{\"@type\":\"EntryPoint\",\"urlTemplate\":\"https:\\\/\\\/www.filantropiacortessolari.cl\\\/?s={search_term_string}\"},\"query-input\":{\"@type\":\"PropertyValueSpecification\",\"valueRequired\":true,\"valueName\":\"search_term_string\"}}],\"inLanguage\":\"en-US\"}]}<\/script>\n<!-- \/ Yoast SEO plugin. -->","yoast_head_json":{"title":"Our History","robots":{"index":"index","follow":"follow","max-snippet":"max-snippet:-1","max-image-preview":"max-image-preview:large","max-video-preview":"max-video-preview:-1"},"canonical":"https:\/\/www.filantropiacortessolari.cl\/nuestra-historia\/","og_locale":"en_US","og_type":"article","og_title":"Our History","og_url":"https:\/\/www.filantropiacortessolari.cl\/nuestra-historia\/","og_site_name":"Filantrop\u00eda Cort\u00e9s Solari","article_modified_time":"2022-06-17T19:07:40+00:00","twitter_card":"summary_large_image","twitter_misc":{"Est. reading time":"3 minutes"},"schema":{"@context":"https:\/\/schema.org","@graph":[{"@type":"WebPage","@id":"https:\/\/www.filantropiacortessolari.cl\/nuestra-historia\/","url":"https:\/\/www.filantropiacortessolari.cl\/nuestra-historia\/","name":"Our History","isPartOf":{"@id":"https:\/\/www.filantropiacortessolari.cl\/#website"},"datePublished":"2019-08-08T15:04:23+00:00","dateModified":"2022-06-17T19:07:40+00:00","breadcrumb":{"@id":"https:\/\/www.filantropiacortessolari.cl\/nuestra-historia\/#breadcrumb"},"inLanguage":"en-US","potentialAction":[{"@type":"ReadAction","target":["https:\/\/www.filantropiacortessolari.cl\/nuestra-historia\/"]}]},{"@type":"BreadcrumbList","@id":"https:\/\/www.filantropiacortessolari.cl\/nuestra-historia\/#breadcrumb","itemListElement":[{"@type":"ListItem","position":1,"name":"Portada","item":"https:\/\/www.filantropiacortessolari.cl\/"},{"@type":"ListItem","position":2,"name":"Nuestra Historia"}]},{"@type":"WebSite","@id":"https:\/\/www.filantropiacortessolari.cl\/#website","url":"https:\/\/www.filantropiacortessolari.cl\/","name":"Filantrop\u00eda Cort\u00e9s Solari","description":"Sitio web Filantrop\u00eda Cort\u00e9s Solari","potentialAction":[{"@type":"SearchAction","target":{"@type":"EntryPoint","urlTemplate":"https:\/\/www.filantropiacortessolari.cl\/?s={search_term_string}"},"query-input":{"@type":"PropertyValueSpecification","valueRequired":true,"valueName":"search_term_string"}}],"inLanguage":"en-US"}]}},"_links":{"self":[{"href":"https:\/\/www.filantropiacortessolari.cl\/en\/wp-json\/wp\/v2\/pages\/215","targetHints":{"allow":["GET"]}}],"collection":[{"href":"https:\/\/www.filantropiacortessolari.cl\/en\/wp-json\/wp\/v2\/pages"}],"about":[{"href":"https:\/\/www.filantropiacortessolari.cl\/en\/wp-json\/wp\/v2\/types\/page"}],"author":[{"embeddable":true,"href":"https:\/\/www.filantropiacortessolari.cl\/en\/wp-json\/wp\/v2\/users\/1"}],"replies":[{"embeddable":true,"href":"https:\/\/www.filantropiacortessolari.cl\/en\/wp-json\/wp\/v2\/comments?post=215"}],"version-history":[{"count":94,"href":"https:\/\/www.filantropiacortessolari.cl\/en\/wp-json\/wp\/v2\/pages\/215\/revisions"}],"predecessor-version":[{"id":10634,"href":"https:\/\/www.filantropiacortessolari.cl\/en\/wp-json\/wp\/v2\/pages\/215\/revisions\/10634"}],"wp:attachment":[{"href":"https:\/\/www.filantropiacortessolari.cl\/en\/wp-json\/wp\/v2\/media?parent=215"}],"curies":[{"name":"wp","href":"https:\/\/api.w.org\/{rel}","templated":true}]}}