{"id":227,"date":"2019-08-08T14:47:18","date_gmt":"2019-08-08T17:47:18","guid":{"rendered":"http:\/\/intranet.filantropiacortessolari.cl\/?page_id=227"},"modified":"2023-11-24T14:40:05","modified_gmt":"2023-11-24T17:40:05","slug":"quienes-somos","status":"publish","type":"page","link":"https:\/\/www.filantropiacortessolari.cl\/en\/quienes-somos\/","title":{"rendered":"About us"},"content":{"rendered":"<style type=\"text\/css\"> \n#cmsms_row_6a076795681e12_17322191 .cmsms_row_outer_parent { \n\tpadding-top: 0px; \n} \n\n#cmsms_row_6a076795681e12_17322191 .cmsms_row_outer_parent { \n\tpadding-bottom: 50px; \n} \n\n#cmsms_row_6a076795681e12_17322191 .cmsms_row_inner.cmsms_row_fullwidth { \n\tpadding-left:0%; \n} \n#cmsms_row_6a076795681e12_17322191 .cmsms_row_inner.cmsms_row_fullwidth { \n\tpadding-right:0%; \n} \n \n#cmsms_row_6a076795685603_64452203 .cmsms_row_outer_parent { \n\tpadding-bottom: 0px; \n} \n\n \n#cmsms_row_6a076795686368_05382332 .cmsms_row_outer_parent { \n\tpadding-top: 30px; \n} \n\n#cmsms_row_6a076795686368_05382332 .cmsms_row_outer_parent { \n\tpadding-bottom: 50px; \n} \n\n<\/style><div id=\"cmsms_row_6a076795681e12_17322191\" class=\"cmsms_row cmsms_color_scheme_default\">\n<div class=\"cmsms_row_outer_parent\">\n<div class=\"cmsms_row_outer\">\n<div class=\"cmsms_row_inner cmsms_row_fullwidth\">\n<div class=\"cmsms_row_margin\">\n<div class=\"cmsms_column one_first\">\n<div class=\"aligncenter\">\n<div class=\"cmsms_img  cmsms_image_c\">\n<img decoding=\"async\" src=\"https:\/\/www.filantropiacortessolari.cl\/wp-content\/uploads\/2020\/03\/nosotros.jpg\" \/>\n<\/div>\n<\/div>\n<\/div>\n<\/div>\n<\/div>\n<\/div>\n<\/div>\n<\/div>\n<div id=\"cmsms_row_6a076795685603_64452203\" class=\"cmsms_row cmsms_color_scheme_default\">\n<div class=\"cmsms_row_outer_parent\">\n<div class=\"cmsms_row_outer\">\n<div class=\"cmsms_row_inner\">\n<div class=\"cmsms_row_margin\">\n<div class=\"cmsms_column one_first\">\n<div class=\"cmsms_text\">\n<h1>WHO WE ARE<\/h1>\n<p>Filantrop\u00eda Cort\u00e9s Solari (FCS) is a philanthropic institution whose mandate is to promote the Comprehensive and Sustainable Development of Chile, in accordance with the Sustainable Development Goals (SDG) promoted by the United Nations (UN) to give continuity to the global development agenda focused on the UN Millennium Development Goals (MDGs).<\/p>\n<p>FCS is the result of the efforts of the Cort\u00e9s Solari family, which is known for being an agent of change that understands the need to create and promote social, cultural, scientific, and environmental value in our country.<\/p>\n<\/div>\n<\/div>\n<\/div>\n<\/div>\n<\/div>\n<\/div>\n<\/div>\n<div id=\"cmsms_row_6a076795686368_05382332\" class=\"cmsms_row cmsms_color_scheme_default\">\n<div class=\"cmsms_row_outer_parent\">\n<div class=\"cmsms_row_outer\">\n<div class=\"cmsms_row_inner\">\n<div class=\"cmsms_row_margin\">\n<div class=\"cmsms_column one_first\">\n<div class=\"cmsms_text\">\n<div id='gallery-1' class='gallery galleryid-227 gallery-columns-3 gallery-size-square-thumb'><figure class='gallery-item'>\n\t\t\t<div class='gallery-icon landscape'>\n\t\t\t\t<img loading=\"lazy\" decoding=\"async\" width=\"250\" height=\"250\" src=\"https:\/\/www.filantropiacortessolari.cl\/wp-content\/uploads\/2020\/04\/NOSOTROS-01-250x250.png\" class=\"attachment-square-thumb size-square-thumb\" alt=\"\" srcset=\"https:\/\/www.filantropiacortessolari.cl\/wp-content\/uploads\/2020\/04\/NOSOTROS-01-250x250.png 250w, https:\/\/www.filantropiacortessolari.cl\/wp-content\/uploads\/2020\/04\/NOSOTROS-01-300x300.png 300w, https:\/\/www.filantropiacortessolari.cl\/wp-content\/uploads\/2020\/04\/NOSOTROS-01-150x150.png 150w, https:\/\/www.filantropiacortessolari.cl\/wp-content\/uploads\/2020\/04\/NOSOTROS-01-55x55.png 55w, https:\/\/www.filantropiacortessolari.cl\/wp-content\/uploads\/2020\/04\/NOSOTROS-01.png 307w\" sizes=\"auto, (max-width: 250px) 100vw, 250px\" \/>\n\t\t\t<\/div><\/figure><figure class='gallery-item'>\n\t\t\t<div class='gallery-icon landscape'>\n\t\t\t\t<img loading=\"lazy\" decoding=\"async\" width=\"250\" height=\"250\" src=\"https:\/\/www.filantropiacortessolari.cl\/wp-content\/uploads\/2020\/04\/NOSOTROS-02-250x250.png\" class=\"attachment-square-thumb size-square-thumb\" alt=\"\" srcset=\"https:\/\/www.filantropiacortessolari.cl\/wp-content\/uploads\/2020\/04\/NOSOTROS-02-250x250.png 250w, https:\/\/www.filantropiacortessolari.cl\/wp-content\/uploads\/2020\/04\/NOSOTROS-02-300x300.png 300w, https:\/\/www.filantropiacortessolari.cl\/wp-content\/uploads\/2020\/04\/NOSOTROS-02-150x150.png 150w, https:\/\/www.filantropiacortessolari.cl\/wp-content\/uploads\/2020\/04\/NOSOTROS-02-55x55.png 55w, https:\/\/www.filantropiacortessolari.cl\/wp-content\/uploads\/2020\/04\/NOSOTROS-02.png 307w\" sizes=\"auto, (max-width: 250px) 100vw, 250px\" \/>\n\t\t\t<\/div><\/figure><figure class='gallery-item'>\n\t\t\t<div class='gallery-icon landscape'>\n\t\t\t\t<img loading=\"lazy\" decoding=\"async\" width=\"250\" height=\"250\" src=\"https:\/\/www.filantropiacortessolari.cl\/wp-content\/uploads\/2020\/04\/NOSOTROS-03-250x250.png\" class=\"attachment-square-thumb size-square-thumb\" alt=\"\" srcset=\"https:\/\/www.filantropiacortessolari.cl\/wp-content\/uploads\/2020\/04\/NOSOTROS-03-250x250.png 250w, https:\/\/www.filantropiacortessolari.cl\/wp-content\/uploads\/2020\/04\/NOSOTROS-03-300x300.png 300w, https:\/\/www.filantropiacortessolari.cl\/wp-content\/uploads\/2020\/04\/NOSOTROS-03-150x150.png 150w, https:\/\/www.filantropiacortessolari.cl\/wp-content\/uploads\/2020\/04\/NOSOTROS-03-55x55.png 55w, https:\/\/www.filantropiacortessolari.cl\/wp-content\/uploads\/2020\/04\/NOSOTROS-03.png 307w\" sizes=\"auto, (max-width: 250px) 100vw, 250px\" \/>\n\t\t\t<\/div><\/figure><figure class='gallery-item'>\n\t\t\t<div class='gallery-icon landscape'>\n\t\t\t\t<img loading=\"lazy\" decoding=\"async\" width=\"250\" height=\"250\" src=\"https:\/\/www.filantropiacortessolari.cl\/wp-content\/uploads\/2020\/04\/NOSOTROS-04-250x250.png\" class=\"attachment-square-thumb size-square-thumb\" alt=\"\" srcset=\"https:\/\/www.filantropiacortessolari.cl\/wp-content\/uploads\/2020\/04\/NOSOTROS-04-250x250.png 250w, https:\/\/www.filantropiacortessolari.cl\/wp-content\/uploads\/2020\/04\/NOSOTROS-04-300x300.png 300w, https:\/\/www.filantropiacortessolari.cl\/wp-content\/uploads\/2020\/04\/NOSOTROS-04-150x150.png 150w, https:\/\/www.filantropiacortessolari.cl\/wp-content\/uploads\/2020\/04\/NOSOTROS-04-55x55.png 55w, https:\/\/www.filantropiacortessolari.cl\/wp-content\/uploads\/2020\/04\/NOSOTROS-04.png 307w\" sizes=\"auto, (max-width: 250px) 100vw, 250px\" \/>\n\t\t\t<\/div><\/figure><figure class='gallery-item'>\n\t\t\t<div class='gallery-icon landscape'>\n\t\t\t\t<img loading=\"lazy\" decoding=\"async\" width=\"250\" height=\"250\" src=\"https:\/\/www.filantropiacortessolari.cl\/wp-content\/uploads\/2020\/04\/NOSOTROS-05-250x250.png\" class=\"attachment-square-thumb size-square-thumb\" alt=\"\" srcset=\"https:\/\/www.filantropiacortessolari.cl\/wp-content\/uploads\/2020\/04\/NOSOTROS-05-250x250.png 250w, https:\/\/www.filantropiacortessolari.cl\/wp-content\/uploads\/2020\/04\/NOSOTROS-05-300x300.png 300w, https:\/\/www.filantropiacortessolari.cl\/wp-content\/uploads\/2020\/04\/NOSOTROS-05-150x150.png 150w, https:\/\/www.filantropiacortessolari.cl\/wp-content\/uploads\/2020\/04\/NOSOTROS-05-55x55.png 55w, https:\/\/www.filantropiacortessolari.cl\/wp-content\/uploads\/2020\/04\/NOSOTROS-05.png 307w\" sizes=\"auto, (max-width: 250px) 100vw, 250px\" \/>\n\t\t\t<\/div><\/figure><figure class='gallery-item'>\n\t\t\t<div class='gallery-icon landscape'>\n\t\t\t\t<img loading=\"lazy\" decoding=\"async\" width=\"250\" height=\"250\" src=\"https:\/\/www.filantropiacortessolari.cl\/wp-content\/uploads\/2020\/04\/NOSOTROS-06-250x250.png\" class=\"attachment-square-thumb size-square-thumb\" alt=\"\" srcset=\"https:\/\/www.filantropiacortessolari.cl\/wp-content\/uploads\/2020\/04\/NOSOTROS-06-250x250.png 250w, https:\/\/www.filantropiacortessolari.cl\/wp-content\/uploads\/2020\/04\/NOSOTROS-06-300x300.png 300w, https:\/\/www.filantropiacortessolari.cl\/wp-content\/uploads\/2020\/04\/NOSOTROS-06-150x150.png 150w, https:\/\/www.filantropiacortessolari.cl\/wp-content\/uploads\/2020\/04\/NOSOTROS-06-55x55.png 55w, https:\/\/www.filantropiacortessolari.cl\/wp-content\/uploads\/2020\/04\/NOSOTROS-06.png 307w\" sizes=\"auto, (max-width: 250px) 100vw, 250px\" \/>\n\t\t\t<\/div><\/figure><figure class='gallery-item'>\n\t\t\t<div class='gallery-icon landscape'>\n\t\t\t\t<img loading=\"lazy\" decoding=\"async\" width=\"250\" height=\"250\" src=\"https:\/\/www.filantropiacortessolari.cl\/wp-content\/uploads\/2020\/04\/NOSOTROS-07-250x250.png\" class=\"attachment-square-thumb size-square-thumb\" alt=\"\" srcset=\"https:\/\/www.filantropiacortessolari.cl\/wp-content\/uploads\/2020\/04\/NOSOTROS-07-250x250.png 250w, https:\/\/www.filantropiacortessolari.cl\/wp-content\/uploads\/2020\/04\/NOSOTROS-07-300x300.png 300w, https:\/\/www.filantropiacortessolari.cl\/wp-content\/uploads\/2020\/04\/NOSOTROS-07-150x150.png 150w, https:\/\/www.filantropiacortessolari.cl\/wp-content\/uploads\/2020\/04\/NOSOTROS-07-55x55.png 55w, https:\/\/www.filantropiacortessolari.cl\/wp-content\/uploads\/2020\/04\/NOSOTROS-07.png 307w\" sizes=\"auto, (max-width: 250px) 100vw, 250px\" \/>\n\t\t\t<\/div><\/figure><figure class='gallery-item'>\n\t\t\t<div class='gallery-icon landscape'>\n\t\t\t\t<img loading=\"lazy\" decoding=\"async\" width=\"250\" height=\"250\" src=\"https:\/\/www.filantropiacortessolari.cl\/wp-content\/uploads\/2020\/04\/NOSOTROS-08-250x250.png\" class=\"attachment-square-thumb size-square-thumb\" alt=\"\" srcset=\"https:\/\/www.filantropiacortessolari.cl\/wp-content\/uploads\/2020\/04\/NOSOTROS-08-250x250.png 250w, https:\/\/www.filantropiacortessolari.cl\/wp-content\/uploads\/2020\/04\/NOSOTROS-08-300x300.png 300w, https:\/\/www.filantropiacortessolari.cl\/wp-content\/uploads\/2020\/04\/NOSOTROS-08-150x150.png 150w, https:\/\/www.filantropiacortessolari.cl\/wp-content\/uploads\/2020\/04\/NOSOTROS-08-55x55.png 55w, https:\/\/www.filantropiacortessolari.cl\/wp-content\/uploads\/2020\/04\/NOSOTROS-08.png 307w\" sizes=\"auto, (max-width: 250px) 100vw, 250px\" \/>\n\t\t\t<\/div><\/figure><figure class='gallery-item'>\n\t\t\t<div class='gallery-icon landscape'>\n\t\t\t\t<img loading=\"lazy\" decoding=\"async\" width=\"250\" height=\"250\" src=\"https:\/\/www.filantropiacortessolari.cl\/wp-content\/uploads\/2020\/04\/NOSOTROS-09-250x250.png\" class=\"attachment-square-thumb size-square-thumb\" alt=\"\" srcset=\"https:\/\/www.filantropiacortessolari.cl\/wp-content\/uploads\/2020\/04\/NOSOTROS-09-250x250.png 250w, https:\/\/www.filantropiacortessolari.cl\/wp-content\/uploads\/2020\/04\/NOSOTROS-09-300x300.png 300w, https:\/\/www.filantropiacortessolari.cl\/wp-content\/uploads\/2020\/04\/NOSOTROS-09-150x150.png 150w, https:\/\/www.filantropiacortessolari.cl\/wp-content\/uploads\/2020\/04\/NOSOTROS-09-55x55.png 55w, https:\/\/www.filantropiacortessolari.cl\/wp-content\/uploads\/2020\/04\/NOSOTROS-09.png 307w\" sizes=\"auto, (max-width: 250px) 100vw, 250px\" \/>\n\t\t\t<\/div><\/figure>\n\t\t<\/div>\n<\/div>\n<\/div>\n<\/div>\n<\/div>\n<\/div>\n<\/div>\n<\/div>\n\n","protected":false},"excerpt":{"rendered":"","protected":false},"author":1,"featured_media":0,"parent":0,"menu_order":0,"comment_status":"closed","ping_status":"closed","template":"","meta":{"footnotes":""},"class_list":["post-227","page","type-page","status-publish","hentry"],"translation":{"provider":"WPGlobus","version":"3.0.2","language":"en","enabled_languages":["es","en"],"languages":{"es":{"title":true,"content":true,"excerpt":false},"en":{"title":true,"content":true,"excerpt":false}}},"yoast_head":"<!-- This site is optimized with the Yoast SEO plugin v27.5 - https:\/\/yoast.com\/product\/yoast-seo-wordpress\/ -->\n<title>About us<\/title>\n<meta name=\"robots\" content=\"index, follow, max-snippet:-1, max-image-preview:large, max-video-preview:-1\" \/>\n<link rel=\"canonical\" href=\"https:\/\/www.filantropiacortessolari.cl\/quienes-somos\/\" \/>\n<meta property=\"og:locale\" content=\"en_US\" \/>\n<meta property=\"og:type\" content=\"article\" \/>\n<meta property=\"og:title\" content=\"About us\" \/>\n<meta property=\"og:url\" content=\"https:\/\/www.filantropiacortessolari.cl\/quienes-somos\/\" \/>\n<meta property=\"og:site_name\" content=\"Filantrop\u00eda Cort\u00e9s Solari\" \/>\n<meta property=\"article:modified_time\" content=\"2023-11-24T17:40:05+00:00\" \/>\n<meta property=\"og:image\" content=\"https:\/\/www.filantropiacortessolari.cl\/wp-content\/uploads\/2020\/03\/pilar-reserva.png\" \/>\n<meta name=\"twitter:card\" content=\"summary_large_image\" \/>\n<meta name=\"twitter:label1\" content=\"Est. reading time\" \/>\n\t<meta name=\"twitter:data1\" content=\"3 minutes\" \/>\n<script type=\"application\/ld+json\" class=\"yoast-schema-graph\">{\"@context\":\"https:\\\/\\\/schema.org\",\"@graph\":[{\"@type\":\"WebPage\",\"@id\":\"https:\\\/\\\/www.filantropiacortessolari.cl\\\/quienes-somos\\\/\",\"url\":\"https:\\\/\\\/www.filantropiacortessolari.cl\\\/quienes-somos\\\/\",\"name\":\"About us\",\"isPartOf\":{\"@id\":\"https:\\\/\\\/www.filantropiacortessolari.cl\\\/#website\"},\"primaryImageOfPage\":{\"@id\":\"https:\\\/\\\/www.filantropiacortessolari.cl\\\/quienes-somos\\\/#primaryimage\"},\"image\":{\"@id\":\"https:\\\/\\\/www.filantropiacortessolari.cl\\\/quienes-somos\\\/#primaryimage\"},\"thumbnailUrl\":\"https:\\\/\\\/www.filantropiacortessolari.cl\\\/wp-content\\\/uploads\\\/2020\\\/03\\\/pilar-reserva.png\",\"datePublished\":\"2019-08-08T17:47:18+00:00\",\"dateModified\":\"2023-11-24T17:40:05+00:00\",\"breadcrumb\":{\"@id\":\"https:\\\/\\\/www.filantropiacortessolari.cl\\\/quienes-somos\\\/#breadcrumb\"},\"inLanguage\":\"en-US\",\"potentialAction\":[{\"@type\":\"ReadAction\",\"target\":[\"https:\\\/\\\/www.filantropiacortessolari.cl\\\/quienes-somos\\\/\"]}]},{\"@type\":\"ImageObject\",\"inLanguage\":\"en-US\",\"@id\":\"https:\\\/\\\/www.filantropiacortessolari.cl\\\/quienes-somos\\\/#primaryimage\",\"url\":\"https:\\\/\\\/www.filantropiacortessolari.cl\\\/wp-content\\\/uploads\\\/2020\\\/03\\\/pilar-reserva.png\",\"contentUrl\":\"https:\\\/\\\/www.filantropiacortessolari.cl\\\/wp-content\\\/uploads\\\/2020\\\/03\\\/pilar-reserva.png\"},{\"@type\":\"BreadcrumbList\",\"@id\":\"https:\\\/\\\/www.filantropiacortessolari.cl\\\/quienes-somos\\\/#breadcrumb\",\"itemListElement\":[{\"@type\":\"ListItem\",\"position\":1,\"name\":\"Portada\",\"item\":\"https:\\\/\\\/www.filantropiacortessolari.cl\\\/\"},{\"@type\":\"ListItem\",\"position\":2,\"name\":\"Quienes Somos\"}]},{\"@type\":\"WebSite\",\"@id\":\"https:\\\/\\\/www.filantropiacortessolari.cl\\\/#website\",\"url\":\"https:\\\/\\\/www.filantropiacortessolari.cl\\\/\",\"name\":\"Filantrop\u00eda Cort\u00e9s Solari\",\"description\":\"Sitio web Filantrop\u00eda Cort\u00e9s Solari\",\"potentialAction\":[{\"@type\":\"SearchAction\",\"target\":{\"@type\":\"EntryPoint\",\"urlTemplate\":\"https:\\\/\\\/www.filantropiacortessolari.cl\\\/?s={search_term_string}\"},\"query-input\":{\"@type\":\"PropertyValueSpecification\",\"valueRequired\":true,\"valueName\":\"search_term_string\"}}],\"inLanguage\":\"en-US\"}]}<\/script>\n<!-- \/ Yoast SEO plugin. -->","yoast_head_json":{"title":"About us","robots":{"index":"index","follow":"follow","max-snippet":"max-snippet:-1","max-image-preview":"max-image-preview:large","max-video-preview":"max-video-preview:-1"},"canonical":"https:\/\/www.filantropiacortessolari.cl\/quienes-somos\/","og_locale":"en_US","og_type":"article","og_title":"About us","og_url":"https:\/\/www.filantropiacortessolari.cl\/quienes-somos\/","og_site_name":"Filantrop\u00eda Cort\u00e9s Solari","article_modified_time":"2023-11-24T17:40:05+00:00","og_image":[{"url":"https:\/\/www.filantropiacortessolari.cl\/wp-content\/uploads\/2020\/03\/pilar-reserva.png","type":"","width":"","height":""}],"twitter_card":"summary_large_image","twitter_misc":{"Est. reading time":"3 minutes"},"schema":{"@context":"https:\/\/schema.org","@graph":[{"@type":"WebPage","@id":"https:\/\/www.filantropiacortessolari.cl\/quienes-somos\/","url":"https:\/\/www.filantropiacortessolari.cl\/quienes-somos\/","name":"About us","isPartOf":{"@id":"https:\/\/www.filantropiacortessolari.cl\/#website"},"primaryImageOfPage":{"@id":"https:\/\/www.filantropiacortessolari.cl\/quienes-somos\/#primaryimage"},"image":{"@id":"https:\/\/www.filantropiacortessolari.cl\/quienes-somos\/#primaryimage"},"thumbnailUrl":"https:\/\/www.filantropiacortessolari.cl\/wp-content\/uploads\/2020\/03\/pilar-reserva.png","datePublished":"2019-08-08T17:47:18+00:00","dateModified":"2023-11-24T17:40:05+00:00","breadcrumb":{"@id":"https:\/\/www.filantropiacortessolari.cl\/quienes-somos\/#breadcrumb"},"inLanguage":"en-US","potentialAction":[{"@type":"ReadAction","target":["https:\/\/www.filantropiacortessolari.cl\/quienes-somos\/"]}]},{"@type":"ImageObject","inLanguage":"en-US","@id":"https:\/\/www.filantropiacortessolari.cl\/quienes-somos\/#primaryimage","url":"https:\/\/www.filantropiacortessolari.cl\/wp-content\/uploads\/2020\/03\/pilar-reserva.png","contentUrl":"https:\/\/www.filantropiacortessolari.cl\/wp-content\/uploads\/2020\/03\/pilar-reserva.png"},{"@type":"BreadcrumbList","@id":"https:\/\/www.filantropiacortessolari.cl\/quienes-somos\/#breadcrumb","itemListElement":[{"@type":"ListItem","position":1,"name":"Portada","item":"https:\/\/www.filantropiacortessolari.cl\/"},{"@type":"ListItem","position":2,"name":"Quienes Somos"}]},{"@type":"WebSite","@id":"https:\/\/www.filantropiacortessolari.cl\/#website","url":"https:\/\/www.filantropiacortessolari.cl\/","name":"Filantrop\u00eda Cort\u00e9s Solari","description":"Sitio web Filantrop\u00eda Cort\u00e9s Solari","potentialAction":[{"@type":"SearchAction","target":{"@type":"EntryPoint","urlTemplate":"https:\/\/www.filantropiacortessolari.cl\/?s={search_term_string}"},"query-input":{"@type":"PropertyValueSpecification","valueRequired":true,"valueName":"search_term_string"}}],"inLanguage":"en-US"}]}},"_links":{"self":[{"href":"https:\/\/www.filantropiacortessolari.cl\/en\/wp-json\/wp\/v2\/pages\/227","targetHints":{"allow":["GET"]}}],"collection":[{"href":"https:\/\/www.filantropiacortessolari.cl\/en\/wp-json\/wp\/v2\/pages"}],"about":[{"href":"https:\/\/www.filantropiacortessolari.cl\/en\/wp-json\/wp\/v2\/types\/page"}],"author":[{"embeddable":true,"href":"https:\/\/www.filantropiacortessolari.cl\/en\/wp-json\/wp\/v2\/users\/1"}],"replies":[{"embeddable":true,"href":"https:\/\/www.filantropiacortessolari.cl\/en\/wp-json\/wp\/v2\/comments?post=227"}],"version-history":[{"count":60,"href":"https:\/\/www.filantropiacortessolari.cl\/en\/wp-json\/wp\/v2\/pages\/227\/revisions"}],"predecessor-version":[{"id":11655,"href":"https:\/\/www.filantropiacortessolari.cl\/en\/wp-json\/wp\/v2\/pages\/227\/revisions\/11655"}],"wp:attachment":[{"href":"https:\/\/www.filantropiacortessolari.cl\/en\/wp-json\/wp\/v2\/media?parent=227"}],"curies":[{"name":"wp","href":"https:\/\/api.w.org\/{rel}","templated":true}]}}