{"id":778,"date":"2019-08-19T21:12:13","date_gmt":"2019-08-20T00:12:13","guid":{"rendered":"http:\/\/intranet.filantropiacortessolari.cl\/?page_id=778"},"modified":"2022-06-18T17:18:40","modified_gmt":"2022-06-18T20:18:40","slug":"memorias","status":"publish","type":"page","link":"https:\/\/www.filantropiacortessolari.cl\/en\/memorias\/","title":{"rendered":"ANNUAL REPORTS"},"content":{"rendered":"<style type=\"text\/css\"> \n#cmsms_row_69f14224a14650_67631332 .cmsms_row_outer_parent { \n\tpadding-bottom: 50px; \n} \n\n \n#cmsms_row_69f14224a153c7_04365087 .cmsms_row_outer_parent { \n\tpadding-top: 0px; \n} \n\n#cmsms_row_69f14224a153c7_04365087 .cmsms_row_outer_parent { \n\tpadding-bottom: 50px; \n} \n\n \n#cmsms_row_69f14224a158b8_80238019 .cmsms_row_outer_parent { \n\tpadding-top: 0px; \n} \n\n#cmsms_row_69f14224a158b8_80238019 .cmsms_row_outer_parent { \n\tpadding-bottom: 50px; \n} \n\n \n#cmsms_row_69f14224a1b228_15619282 .cmsms_row_outer_parent { \n\tpadding-top: 0px; \n} \n\n#cmsms_row_69f14224a1b228_15619282 .cmsms_row_outer_parent { \n\tpadding-bottom: 50px; \n} \n\n \n#cmsms_row_69f14224a1b664_90635536 .cmsms_row_outer_parent { \n\tpadding-top: 0px; \n} \n\n#cmsms_row_69f14224a1b664_90635536 .cmsms_row_outer_parent { \n\tpadding-bottom: 50px; \n} \n\n \n#cmsms_row_69f14224a20d01_81598055 .cmsms_row_outer_parent { \n\tpadding-top: 0px; \n} \n\n#cmsms_row_69f14224a20d01_81598055 .cmsms_row_outer_parent { \n\tpadding-bottom: 50px; \n} \n\n \n#cmsms_row_69f14224a210f8_14521749 .cmsms_row_outer_parent { \n\tpadding-top: 0px; \n} \n\n#cmsms_row_69f14224a210f8_14521749 .cmsms_row_outer_parent { \n\tpadding-bottom: 50px; \n} \n\n \n#cmsms_row_69f14224a268e7_67235868 .cmsms_row_outer_parent { \n\tpadding-top: 0px; \n} \n\n#cmsms_row_69f14224a268e7_67235868 .cmsms_row_outer_parent { \n\tpadding-bottom: 50px; \n} \n\n \n#cmsms_row_69f14224a26eb0_10921733 .cmsms_row_outer_parent { \n\tpadding-top: 0px; \n} \n\n#cmsms_row_69f14224a26eb0_10921733 .cmsms_row_outer_parent { \n\tpadding-bottom: 50px; \n} \n\n<\/style><div id=\"cmsms_row_69f14224a14650_67631332\" class=\"cmsms_row cmsms_color_scheme_default\">\n<div class=\"cmsms_row_outer_parent\">\n<div class=\"cmsms_row_outer\">\n<div class=\"cmsms_row_inner\">\n<div class=\"cmsms_row_margin\">\n<div class=\"cmsms_column one_first\">\n<div class=\"cmsms_text\">\n<h1>ANNUAL REPORTS<\/h1>\n<\/div>\n<\/div>\n<\/div>\n<\/div>\n<\/div>\n<\/div>\n<\/div>\n<div id=\"cmsms_row_69f14224a153c7_04365087\" class=\"cmsms_row cmsms_color_scheme_default\">\n<div class=\"cmsms_row_outer_parent\">\n<div class=\"cmsms_row_outer\">\n<div class=\"cmsms_row_inner\">\n<div class=\"cmsms_row_margin\">\n<div class=\"cmsms_column one_first\">\n<div class=\"cmsms_text\">\n<h2><em>FILANTROP\u00cdA CORT\u00c9S SOLARI<\/em><\/h2>\n<\/div>\n<\/div>\n<\/div>\n<\/div>\n<\/div>\n<\/div>\n<\/div>\n<div id=\"cmsms_row_69f14224a158b8_80238019\" class=\"cmsms_row cmsms_color_scheme_default\">\n<div class=\"cmsms_row_outer_parent\">\n<div class=\"cmsms_row_outer\">\n<div class=\"cmsms_row_inner\">\n<div class=\"cmsms_row_margin\">\n<div class=\"cmsms_column one_third\">\n<div class=\"aligncenter\">\n<div class=\"cmsms_img  cmsms_image_c\">\n<a href=\"https:\/\/fundacionmeri.cl\/wp-content\/uploads\/2022\/03\/mem-en-2020-2021-1.pdf\" target=\"_blank\"><img decoding=\"async\" src=\"https:\/\/www.filantropiacortessolari.cl\/wp-content\/uploads\/2022\/03\/memenre.jpeg\" \/><\/a>\n<\/div>\n<\/div>\n<div class=\"cmsms_text\">\n<p><a href=\"https:\/\/fundacionmeri.cl\/wp-content\/uploads\/2022\/03\/mem-en-2020-2021-1.pdf\" target=\"_blank\" rel=\"noopener noreferrer\">Annual Report 2020 &#8211; 2021 Filantrop\u00eda Cort\u00e9s Solari<\/a><\/p>\n<\/div>\n<\/div>\n<div class=\"cmsms_column one_third\">\n<div class=\"aligncenter\">\n<div class=\"cmsms_img  cmsms_image_c\">\n<a href=\"https:\/\/www.filantropiacortessolari.cl\/wp-content\/uploads\/2020\/06\/FIL_memoria-2018-2019.pdf\" target=\"_blank\"><img decoding=\"async\" src=\"https:\/\/www.filantropiacortessolari.cl\/wp-content\/uploads\/2020\/06\/fcs-annual.jpg\" \/><\/a>\n<\/div>\n<\/div>\n<div class=\"cmsms_text\">\n<p><a href=\"https:\/\/www.filantropiacortessolari.cl\/wp-content\/uploads\/2020\/06\/FIL_memoria-2018-2019.pdf\" target=\"_blank\" rel=\"noopener noreferrer\">Annual Report 2018 &#8211; 2019<\/a><\/p>\n<\/div>\n<\/div>\n<div class=\"cmsms_column one_third\">\n<div class=\"aligncenter\">\n<div class=\"cmsms_img  cmsms_image_c\">\n<a href=\"http:\/\/caserta.cl\/wp-content\/uploads\/Memoria_Filantropia_2017_final.pdf\" target=\"_blank\"><img decoding=\"async\" src=\"https:\/\/www.filantropiacortessolari.cl\/wp-content\/uploads\/2019\/08\/filantropia-1.png\" \/><\/a>\n<\/div>\n<\/div>\n<div class=\"cmsms_text\">\n<p><a href=\"http:\/\/caserta.cl\/wp-content\/uploads\/Memoria_Filantropia_2017_final.pdf\" target=\"_blank\" rel=\"noopener noreferrer\">Memoria 2017 Filantrop\u00eda Cort\u00e9s Solari<\/a><\/p>\n<\/div>\n<\/div>\n<\/div>\n<\/div>\n<\/div>\n<\/div>\n<\/div>\n<div id=\"cmsms_row_69f14224a1b228_15619282\" class=\"cmsms_row cmsms_color_scheme_default\">\n<div class=\"cmsms_row_outer_parent\">\n<div class=\"cmsms_row_outer\">\n<div class=\"cmsms_row_inner\">\n<div class=\"cmsms_row_margin\">\n<div class=\"cmsms_column one_first\">\n<div class=\"cmsms_text\">\n<h2><em>MERI FOUNDATION<\/em><\/h2>\n<\/div>\n<\/div>\n<\/div>\n<\/div>\n<\/div>\n<\/div>\n<\/div>\n<div id=\"cmsms_row_69f14224a1b664_90635536\" class=\"cmsms_row cmsms_color_scheme_default\">\n<div class=\"cmsms_row_outer_parent\">\n<div class=\"cmsms_row_outer\">\n<div class=\"cmsms_row_inner\">\n<div class=\"cmsms_row_margin\">\n<div class=\"cmsms_column one_third\">\n<div class=\"aligncenter\">\n<div class=\"cmsms_img  cmsms_image_c\">\n<a href=\"https:\/\/fundacionmeri.cl\/wp-content\/uploads\/2015\/Memoria_MERI_2015.pdf\" target=\"_blank\"><img decoding=\"async\" src=\"https:\/\/www.filantropiacortessolari.cl\/wp-content\/uploads\/2019\/08\/memoria1.jpg\" \/><\/a>\n<\/div>\n<\/div>\n<div class=\"cmsms_text\">\n<p><a href=\"https:\/\/fundacionmeri.cl\/wp-content\/uploads\/2015\/Memoria_MERI_2015.pdf\" target=\"_blank\" rel=\"noopener noreferrer\">2015 Report<\/a><\/p>\n<\/div>\n<\/div>\n<div class=\"cmsms_column one_third\">\n<div class=\"aligncenter\">\n<div class=\"cmsms_img  cmsms_image_c\">\n<a href=\"https:\/\/fundacionmeri.cl\/wp-content\/uploads\/2015\/memoria-meri-2016.pdf\" target=\"_blank\"><img decoding=\"async\" src=\"https:\/\/www.filantropiacortessolari.cl\/wp-content\/uploads\/2019\/08\/memoria2.jpg\" \/><\/a>\n<\/div>\n<\/div>\n<div class=\"cmsms_text\">\n<p><a href=\"https:\/\/fundacionmeri.cl\/wp-content\/uploads\/2015\/memoria-meri-2016.pdf\" target=\"_blank\" rel=\"noopener noreferrer\">2016 Report<\/a><\/p>\n<\/div>\n<\/div>\n<div class=\"cmsms_column one_third\">\n<div class=\"aligncenter\">\n<div class=\"cmsms_img  cmsms_image_c\">\n<a href=\"https:\/\/fundacionmeri.cl\/wp-content\/uploads\/2015\/MERI-memoria-2017_10.pdf\" target=\"_blank\"><img decoding=\"async\" src=\"https:\/\/www.filantropiacortessolari.cl\/wp-content\/uploads\/2019\/08\/memoria3.jpg\" \/><\/a>\n<\/div>\n<\/div>\n<div class=\"cmsms_text\">\n<p><a href=\"https:\/\/fundacionmeri.cl\/wp-content\/uploads\/2015\/MERI-memoria-2017_10.pdf\" target=\"_blank\" rel=\"noopener noreferrer\">2017 Report<\/a><\/p>\n<\/div>\n<\/div>\n<\/div>\n<\/div>\n<\/div>\n<\/div>\n<\/div>\n<div id=\"cmsms_row_69f14224a20d01_81598055\" class=\"cmsms_row cmsms_color_scheme_default\">\n<div class=\"cmsms_row_outer_parent\">\n<div class=\"cmsms_row_outer\">\n<div class=\"cmsms_row_inner\">\n<div class=\"cmsms_row_margin\">\n<div class=\"cmsms_column one_first\">\n<div class=\"cmsms_text\">\n<h2><em>CASERTA FOUNDATION<\/em><\/h2>\n<\/div>\n<\/div>\n<\/div>\n<\/div>\n<\/div>\n<\/div>\n<\/div>\n<div id=\"cmsms_row_69f14224a210f8_14521749\" class=\"cmsms_row cmsms_color_scheme_default\">\n<div class=\"cmsms_row_outer_parent\">\n<div class=\"cmsms_row_outer\">\n<div class=\"cmsms_row_inner\">\n<div class=\"cmsms_row_margin\">\n<div class=\"cmsms_column one_third\">\n<div class=\"aligncenter\">\n<div class=\"cmsms_img  cmsms_image_c\">\n<a href=\"https:\/\/www.filantropiacortessolari.cl\/wp-content\/uploads\/2020\/04\/CASERTA_Memoria-2014-final.pdf\" target=\"_blank\"><img decoding=\"async\" src=\"https:\/\/www.filantropiacortessolari.cl\/wp-content\/uploads\/2020\/04\/memoria2014-1.jpg\" \/><\/a>\n<\/div>\n<\/div>\n<div class=\"cmsms_text\">\n<p><a href=\"https:\/\/www.filantropiacortessolari.cl\/wp-content\/uploads\/2020\/04\/CASERTA_Memoria-2014-final.pdf\" target=\"_blank\" rel=\"noopener noreferrer\">2014 Report<\/a><\/p>\n<\/div>\n<\/div>\n<div class=\"cmsms_column one_third\">\n<div class=\"aligncenter\">\n<div class=\"cmsms_img  cmsms_image_c\">\n<a href=\"https:\/\/www.filantropiacortessolari.cl\/wp-content\/uploads\/2020\/04\/CASERTA_Memoria-2015.pdf\" target=\"_blank\"><img decoding=\"async\" src=\"https:\/\/www.filantropiacortessolari.cl\/wp-content\/uploads\/2020\/04\/memoria2015.jpg\" \/><\/a>\n<\/div>\n<\/div>\n<div class=\"cmsms_text\">\n<p><a href=\"https:\/\/www.filantropiacortessolari.cl\/wp-content\/uploads\/2020\/04\/CASERTA_Memoria-2015.pdf\" target=\"_blank\" rel=\"noopener noreferrer\">2015 Report<\/a><\/p>\n<\/div>\n<\/div>\n<div class=\"cmsms_column one_third\">\n<div class=\"aligncenter\">\n<div class=\"cmsms_img  cmsms_image_c\">\n<a href=\"\/wp-content\/uploads\/2019\/08\/Memoria-Caserta-2016-likandes-2.pdf\" target=\"_blank\"><img decoding=\"async\" src=\"https:\/\/www.filantropiacortessolari.cl\/wp-content\/uploads\/2019\/08\/memoriacaserta.jpg\" \/><\/a>\n<\/div>\n<\/div>\n<div class=\"cmsms_text\">\n<p><a href=\"http:\/\/www.filantropiacortessolari.cl\/wp-content\/uploads\/2019\/08\/Memoria-Caserta-2016-likandes-2.pdf\" target=\"_blank\" rel=\"noopener noreferrer\">2016 Report<\/a><\/p>\n<\/div>\n<\/div>\n<\/div>\n<\/div>\n<\/div>\n<\/div>\n<\/div>\n<div id=\"cmsms_row_69f14224a268e7_67235868\" class=\"cmsms_row cmsms_color_scheme_default\">\n<div class=\"cmsms_row_outer_parent\">\n<div class=\"cmsms_row_outer\">\n<div class=\"cmsms_row_inner\">\n<div class=\"cmsms_row_margin\">\n<div class=\"cmsms_column one_first\">\n<div class=\"cmsms_text\">\n<h2><em>PROJECTS<\/em><\/h2>\n<\/div>\n<\/div>\n<\/div>\n<\/div>\n<\/div>\n<\/div>\n<\/div>\n<div id=\"cmsms_row_69f14224a26eb0_10921733\" class=\"cmsms_row cmsms_color_scheme_default\">\n<div class=\"cmsms_row_outer_parent\">\n<div class=\"cmsms_row_outer\">\n<div class=\"cmsms_row_inner\">\n<div class=\"cmsms_row_margin\">\n<div class=\"cmsms_column one_third\">\n<div class=\"aligncenter\">\n<div class=\"cmsms_img  cmsms_image_c\">\n<a href=\"https:\/\/www.filantropiacortessolari.cl\/wp-content\/uploads\/2020\/12\/geoparque-inventario-geositios-V2.pdf\" target=\"_blank\"><img decoding=\"async\" src=\"https:\/\/www.filantropiacortessolari.cl\/wp-content\/uploads\/2020\/12\/cajon.jpg\" \/><\/a>\n<\/div>\n<\/div>\n<div class=\"cmsms_text\">\n<p><a href=\"https:\/\/www.filantropiacortessolari.cl\/wp-content\/uploads\/2020\/12\/geoparque-inventario-geositios-V2.pdf\" target=\"_blank\" rel=\"noopener noreferrer\">Geodiversity, Geological Heritage and Geosites of Caj\u00f3n del Maipo<\/a><\/p>\n<\/div>\n<\/div>\n<div class=\"cmsms_column one_third\">\n<\/div>\n<div class=\"cmsms_column one_third\">\n<\/div>\n<\/div>\n<\/div>\n<\/div>\n<\/div>\n<\/div>\n\n","protected":false},"excerpt":{"rendered":"","protected":false},"author":1,"featured_media":0,"parent":0,"menu_order":0,"comment_status":"closed","ping_status":"closed","template":"","meta":{"footnotes":""},"class_list":["post-778","page","type-page","status-publish","hentry"],"translation":{"provider":"WPGlobus","version":"3.0.2","language":"en","enabled_languages":["es","en"],"languages":{"es":{"title":true,"content":true,"excerpt":false},"en":{"title":true,"content":true,"excerpt":false}}},"yoast_head":"<!-- This site is optimized with the Yoast SEO plugin v27.4 - https:\/\/yoast.com\/product\/yoast-seo-wordpress\/ -->\n<title>ANNUAL REPORTS<\/title>\n<meta name=\"robots\" content=\"index, follow, max-snippet:-1, max-image-preview:large, max-video-preview:-1\" \/>\n<link rel=\"canonical\" href=\"https:\/\/www.filantropiacortessolari.cl\/memorias\/\" \/>\n<meta property=\"og:locale\" content=\"en_US\" \/>\n<meta property=\"og:type\" content=\"article\" \/>\n<meta property=\"og:title\" content=\"ANNUAL REPORTS\" \/>\n<meta property=\"og:url\" content=\"https:\/\/www.filantropiacortessolari.cl\/memorias\/\" \/>\n<meta property=\"og:site_name\" content=\"Filantrop\u00eda Cort\u00e9s Solari\" \/>\n<meta property=\"article:modified_time\" content=\"2022-06-18T20:18:40+00:00\" \/>\n<meta name=\"twitter:card\" content=\"summary_large_image\" \/>\n<meta name=\"twitter:label1\" content=\"Est. reading time\" \/>\n\t<meta name=\"twitter:data1\" content=\"9 minutes\" \/>\n<script type=\"application\/ld+json\" class=\"yoast-schema-graph\">{\"@context\":\"https:\\\/\\\/schema.org\",\"@graph\":[{\"@type\":\"WebPage\",\"@id\":\"https:\\\/\\\/www.filantropiacortessolari.cl\\\/memorias\\\/\",\"url\":\"https:\\\/\\\/www.filantropiacortessolari.cl\\\/memorias\\\/\",\"name\":\"ANNUAL REPORTS\",\"isPartOf\":{\"@id\":\"https:\\\/\\\/www.filantropiacortessolari.cl\\\/#website\"},\"datePublished\":\"2019-08-20T00:12:13+00:00\",\"dateModified\":\"2022-06-18T20:18:40+00:00\",\"breadcrumb\":{\"@id\":\"https:\\\/\\\/www.filantropiacortessolari.cl\\\/memorias\\\/#breadcrumb\"},\"inLanguage\":\"en-US\",\"potentialAction\":[{\"@type\":\"ReadAction\",\"target\":[\"https:\\\/\\\/www.filantropiacortessolari.cl\\\/memorias\\\/\"]}]},{\"@type\":\"BreadcrumbList\",\"@id\":\"https:\\\/\\\/www.filantropiacortessolari.cl\\\/memorias\\\/#breadcrumb\",\"itemListElement\":[{\"@type\":\"ListItem\",\"position\":1,\"name\":\"Portada\",\"item\":\"https:\\\/\\\/www.filantropiacortessolari.cl\\\/\"},{\"@type\":\"ListItem\",\"position\":2,\"name\":\"MEMORIAS\"}]},{\"@type\":\"WebSite\",\"@id\":\"https:\\\/\\\/www.filantropiacortessolari.cl\\\/#website\",\"url\":\"https:\\\/\\\/www.filantropiacortessolari.cl\\\/\",\"name\":\"Filantrop\u00eda Cort\u00e9s Solari\",\"description\":\"Sitio web Filantrop\u00eda Cort\u00e9s Solari\",\"potentialAction\":[{\"@type\":\"SearchAction\",\"target\":{\"@type\":\"EntryPoint\",\"urlTemplate\":\"https:\\\/\\\/www.filantropiacortessolari.cl\\\/?s={search_term_string}\"},\"query-input\":{\"@type\":\"PropertyValueSpecification\",\"valueRequired\":true,\"valueName\":\"search_term_string\"}}],\"inLanguage\":\"en-US\"}]}<\/script>\n<!-- \/ Yoast SEO plugin. -->","yoast_head_json":{"title":"ANNUAL REPORTS","robots":{"index":"index","follow":"follow","max-snippet":"max-snippet:-1","max-image-preview":"max-image-preview:large","max-video-preview":"max-video-preview:-1"},"canonical":"https:\/\/www.filantropiacortessolari.cl\/memorias\/","og_locale":"en_US","og_type":"article","og_title":"ANNUAL REPORTS","og_url":"https:\/\/www.filantropiacortessolari.cl\/memorias\/","og_site_name":"Filantrop\u00eda Cort\u00e9s Solari","article_modified_time":"2022-06-18T20:18:40+00:00","twitter_card":"summary_large_image","twitter_misc":{"Est. reading time":"9 minutes"},"schema":{"@context":"https:\/\/schema.org","@graph":[{"@type":"WebPage","@id":"https:\/\/www.filantropiacortessolari.cl\/memorias\/","url":"https:\/\/www.filantropiacortessolari.cl\/memorias\/","name":"ANNUAL REPORTS","isPartOf":{"@id":"https:\/\/www.filantropiacortessolari.cl\/#website"},"datePublished":"2019-08-20T00:12:13+00:00","dateModified":"2022-06-18T20:18:40+00:00","breadcrumb":{"@id":"https:\/\/www.filantropiacortessolari.cl\/memorias\/#breadcrumb"},"inLanguage":"en-US","potentialAction":[{"@type":"ReadAction","target":["https:\/\/www.filantropiacortessolari.cl\/memorias\/"]}]},{"@type":"BreadcrumbList","@id":"https:\/\/www.filantropiacortessolari.cl\/memorias\/#breadcrumb","itemListElement":[{"@type":"ListItem","position":1,"name":"Portada","item":"https:\/\/www.filantropiacortessolari.cl\/"},{"@type":"ListItem","position":2,"name":"MEMORIAS"}]},{"@type":"WebSite","@id":"https:\/\/www.filantropiacortessolari.cl\/#website","url":"https:\/\/www.filantropiacortessolari.cl\/","name":"Filantrop\u00eda Cort\u00e9s Solari","description":"Sitio web Filantrop\u00eda Cort\u00e9s Solari","potentialAction":[{"@type":"SearchAction","target":{"@type":"EntryPoint","urlTemplate":"https:\/\/www.filantropiacortessolari.cl\/?s={search_term_string}"},"query-input":{"@type":"PropertyValueSpecification","valueRequired":true,"valueName":"search_term_string"}}],"inLanguage":"en-US"}]}},"_links":{"self":[{"href":"https:\/\/www.filantropiacortessolari.cl\/en\/wp-json\/wp\/v2\/pages\/778","targetHints":{"allow":["GET"]}}],"collection":[{"href":"https:\/\/www.filantropiacortessolari.cl\/en\/wp-json\/wp\/v2\/pages"}],"about":[{"href":"https:\/\/www.filantropiacortessolari.cl\/en\/wp-json\/wp\/v2\/types\/page"}],"author":[{"embeddable":true,"href":"https:\/\/www.filantropiacortessolari.cl\/en\/wp-json\/wp\/v2\/users\/1"}],"replies":[{"embeddable":true,"href":"https:\/\/www.filantropiacortessolari.cl\/en\/wp-json\/wp\/v2\/comments?post=778"}],"version-history":[{"count":26,"href":"https:\/\/www.filantropiacortessolari.cl\/en\/wp-json\/wp\/v2\/pages\/778\/revisions"}],"predecessor-version":[{"id":10677,"href":"https:\/\/www.filantropiacortessolari.cl\/en\/wp-json\/wp\/v2\/pages\/778\/revisions\/10677"}],"wp:attachment":[{"href":"https:\/\/www.filantropiacortessolari.cl\/en\/wp-json\/wp\/v2\/media?parent=778"}],"curies":[{"name":"wp","href":"https:\/\/api.w.org\/{rel}","templated":true}]}}