{"id":806,"date":"2019-08-20T14:20:59","date_gmt":"2019-08-20T17:20:59","guid":{"rendered":"http:\/\/intranet.filantropiacortessolari.cl\/?page_id=806"},"modified":"2023-09-28T15:19:16","modified_gmt":"2023-09-28T18:19:16","slug":"conservacion","status":"publish","type":"page","link":"https:\/\/www.filantropiacortessolari.cl\/en\/conservacion\/","title":{"rendered":"CONSERVATION"},"content":{"rendered":"<style type=\"text\/css\"> \n#cmsms_row_69fc948bb548d2_52897484 .cmsms_row_outer_parent { \n\tpadding-top: 0px; \n} \n\n#cmsms_row_69fc948bb548d2_52897484 .cmsms_row_outer_parent { \n\tpadding-bottom: 15px; \n} \n\n#cmsms_row_69fc948bb548d2_52897484 .cmsms_row_inner.cmsms_row_fullwidth { \n\tpadding-left:0%; \n} \n#cmsms_row_69fc948bb548d2_52897484 .cmsms_row_inner.cmsms_row_fullwidth { \n\tpadding-right:0%; \n} \n \n#cmsms_row_69fc948bb57645_77445864 .cmsms_row_outer_parent { \n\tpadding-top: 0px; \n} \n\n#cmsms_row_69fc948bb57645_77445864 .cmsms_row_outer_parent { \n\tpadding-bottom: 15px; \n} \n\n \n#cmsms_row_69fc948bb57e94_55206600 .cmsms_row_outer_parent { \n\tpadding-top: 0px; \n} \n\n#cmsms_row_69fc948bb57e94_55206600 .cmsms_row_outer_parent { \n\tpadding-bottom: 50px; \n} \n\n \n#cmsms_row_69fc948bb586a0_67879250 .cmsms_row_outer_parent { \n\tpadding-top: 0px; \n} \n\n#cmsms_row_69fc948bb586a0_67879250 .cmsms_row_outer_parent { \n\tpadding-bottom: 50px; \n} \n\n<\/style><div id=\"cmsms_row_69fc948bb548d2_52897484\" class=\"cmsms_row cmsms_color_scheme_default\">\n<div class=\"cmsms_row_outer_parent\">\n<div class=\"cmsms_row_outer\">\n<div class=\"cmsms_row_inner cmsms_row_fullwidth\">\n<div class=\"cmsms_row_margin\">\n<div class=\"cmsms_column one_first\">\n<div class=\"aligncenter\">\n<div class=\"cmsms_img  cmsms_image_c\">\n<img decoding=\"async\" src=\"https:\/\/www.filantropiacortessolari.cl\/wp-content\/uploads\/2020\/04\/FIL_web-fcs_lineas_conservacion-01.jpg\" \/>\n<\/div>\n<\/div>\n<\/div>\n<\/div>\n<\/div>\n<\/div>\n<\/div>\n<\/div>\n<div id=\"cmsms_row_69fc948bb57645_77445864\" class=\"cmsms_row cmsms_color_scheme_default\">\n<div class=\"cmsms_row_outer_parent\">\n<div class=\"cmsms_row_outer\">\n<div class=\"cmsms_row_inner\">\n<div class=\"cmsms_row_margin\">\n<div class=\"cmsms_column one_first\">\n<div class=\"cmsms_text\">\n<h1>CONSERVATION &#8211; ELEMENTAL RESERVE<\/h1>\n<\/div>\n<\/div>\n<\/div>\n<\/div>\n<\/div>\n<\/div>\n<\/div>\n<div id=\"cmsms_row_69fc948bb57e94_55206600\" class=\"cmsms_row cmsms_color_scheme_default\">\n<div class=\"cmsms_row_outer_parent\">\n<div class=\"cmsms_row_outer\">\n<div class=\"cmsms_row_inner\">\n<div class=\"cmsms_row_margin\">\n<div class=\"cmsms_column one_first\">\n<div class=\"cmsms_text\">\n<h2><em>WHY<\/em><\/h2>\n<p>There is no sustainable development without sustainability.<br \/>\nFor this reason, more than ten years ago, Filantrop\u00eda Cort\u00e9s Solari implemented an Effective Conservation model in three strategic, highly diverse, and naturally rich territories in our country.<\/p>\n<h2><em>WHAT WE ARE<\/em><\/h2>\n<p>The Elemental Reserves are a network of territories for the effective conservation of Chile\u2019s natural and cultural heritage.<\/p>\n<p>They bring together scientific research, environmental education, cultural heritage, and sustainability programs.<\/p>\n<p>Through these programs, we seek to develop an effective conservation model, one that is open to the community and that can be replicated.<\/p>\n<h2><em>HOW WE DO IT<\/em><\/h2>\n<p>In each Elemental Reserve, FCS provides the Reserve and its ecosystem with:<\/p>\n<ol>\n<li>An infrastructure with minimal environmental impact, but sufficient to guarantee its preservation.<\/li>\n<li>Programs for Effective Conservation, in 4 areas: Science, Education, Culture, and Sustainability.<\/li>\n<\/ol>\n<p>Visit us at <a href=\"https:\/\/reservaelemental.cl\/\">https:\/\/reservaelemental.cl\/<\/a><\/p>\n<\/div>\n<\/div>\n<\/div>\n<\/div>\n<\/div>\n<\/div>\n<\/div>\n<div id=\"cmsms_row_69fc948bb586a0_67879250\" class=\"cmsms_row cmsms_color_scheme_default\">\n<div class=\"cmsms_row_outer_parent\">\n<div class=\"cmsms_row_outer\">\n<div class=\"cmsms_row_inner\">\n<div class=\"cmsms_row_margin\">\n<div class=\"cmsms_column one_first\">\n<div class=\"aligncenter\">\n<div class=\"cmsms_img  cmsms_image_c\">\n<img decoding=\"async\" src=\"https:\/\/www.filantropiacortessolari.cl\/wp-content\/uploads\/2019\/08\/Logo-Reserva-Elemental-RGB-01.png\" \/>\n<\/div>\n<\/div>\n<\/div>\n<\/div>\n<\/div>\n<\/div>\n<\/div>\n<\/div>\n\n","protected":false},"excerpt":{"rendered":"","protected":false},"author":1,"featured_media":0,"parent":0,"menu_order":0,"comment_status":"closed","ping_status":"closed","template":"","meta":{"footnotes":""},"class_list":["post-806","page","type-page","status-publish","hentry"],"translation":{"provider":"WPGlobus","version":"3.0.2","language":"en","enabled_languages":["es","en"],"languages":{"es":{"title":true,"content":true,"excerpt":false},"en":{"title":true,"content":true,"excerpt":false}}},"yoast_head":"<!-- This site is optimized with the Yoast SEO plugin v27.5 - https:\/\/yoast.com\/product\/yoast-seo-wordpress\/ -->\n<title>CONSERVATION<\/title>\n<meta name=\"robots\" content=\"index, follow, max-snippet:-1, max-image-preview:large, max-video-preview:-1\" \/>\n<link rel=\"canonical\" href=\"https:\/\/www.filantropiacortessolari.cl\/conservacion\/\" \/>\n<meta property=\"og:locale\" content=\"en_US\" \/>\n<meta property=\"og:type\" content=\"article\" \/>\n<meta property=\"og:title\" content=\"CONSERVATION\" \/>\n<meta property=\"og:url\" content=\"https:\/\/www.filantropiacortessolari.cl\/conservacion\/\" \/>\n<meta property=\"og:site_name\" content=\"Filantrop\u00eda Cort\u00e9s Solari\" \/>\n<meta property=\"article:modified_time\" content=\"2023-09-28T18:19:16+00:00\" \/>\n<meta name=\"twitter:card\" content=\"summary_large_image\" \/>\n<meta name=\"twitter:label1\" content=\"Est. reading time\" \/>\n\t<meta name=\"twitter:data1\" content=\"1 minute\" \/>\n<script type=\"application\/ld+json\" class=\"yoast-schema-graph\">{\"@context\":\"https:\\\/\\\/schema.org\",\"@graph\":[{\"@type\":\"WebPage\",\"@id\":\"https:\\\/\\\/www.filantropiacortessolari.cl\\\/conservacion\\\/\",\"url\":\"https:\\\/\\\/www.filantropiacortessolari.cl\\\/conservacion\\\/\",\"name\":\"CONSERVATION\",\"isPartOf\":{\"@id\":\"https:\\\/\\\/www.filantropiacortessolari.cl\\\/#website\"},\"datePublished\":\"2019-08-20T17:20:59+00:00\",\"dateModified\":\"2023-09-28T18:19:16+00:00\",\"breadcrumb\":{\"@id\":\"https:\\\/\\\/www.filantropiacortessolari.cl\\\/conservacion\\\/#breadcrumb\"},\"inLanguage\":\"en-US\",\"potentialAction\":[{\"@type\":\"ReadAction\",\"target\":[\"https:\\\/\\\/www.filantropiacortessolari.cl\\\/conservacion\\\/\"]}]},{\"@type\":\"BreadcrumbList\",\"@id\":\"https:\\\/\\\/www.filantropiacortessolari.cl\\\/conservacion\\\/#breadcrumb\",\"itemListElement\":[{\"@type\":\"ListItem\",\"position\":1,\"name\":\"Portada\",\"item\":\"https:\\\/\\\/www.filantropiacortessolari.cl\\\/\"},{\"@type\":\"ListItem\",\"position\":2,\"name\":\"CONSERVACI\u00d3N\"}]},{\"@type\":\"WebSite\",\"@id\":\"https:\\\/\\\/www.filantropiacortessolari.cl\\\/#website\",\"url\":\"https:\\\/\\\/www.filantropiacortessolari.cl\\\/\",\"name\":\"Filantrop\u00eda Cort\u00e9s Solari\",\"description\":\"Sitio web Filantrop\u00eda Cort\u00e9s Solari\",\"potentialAction\":[{\"@type\":\"SearchAction\",\"target\":{\"@type\":\"EntryPoint\",\"urlTemplate\":\"https:\\\/\\\/www.filantropiacortessolari.cl\\\/?s={search_term_string}\"},\"query-input\":{\"@type\":\"PropertyValueSpecification\",\"valueRequired\":true,\"valueName\":\"search_term_string\"}}],\"inLanguage\":\"en-US\"}]}<\/script>\n<!-- \/ Yoast SEO plugin. -->","yoast_head_json":{"title":"CONSERVATION","robots":{"index":"index","follow":"follow","max-snippet":"max-snippet:-1","max-image-preview":"max-image-preview:large","max-video-preview":"max-video-preview:-1"},"canonical":"https:\/\/www.filantropiacortessolari.cl\/conservacion\/","og_locale":"en_US","og_type":"article","og_title":"CONSERVATION","og_url":"https:\/\/www.filantropiacortessolari.cl\/conservacion\/","og_site_name":"Filantrop\u00eda Cort\u00e9s Solari","article_modified_time":"2023-09-28T18:19:16+00:00","twitter_card":"summary_large_image","twitter_misc":{"Est. reading time":"1 minute"},"schema":{"@context":"https:\/\/schema.org","@graph":[{"@type":"WebPage","@id":"https:\/\/www.filantropiacortessolari.cl\/conservacion\/","url":"https:\/\/www.filantropiacortessolari.cl\/conservacion\/","name":"CONSERVATION","isPartOf":{"@id":"https:\/\/www.filantropiacortessolari.cl\/#website"},"datePublished":"2019-08-20T17:20:59+00:00","dateModified":"2023-09-28T18:19:16+00:00","breadcrumb":{"@id":"https:\/\/www.filantropiacortessolari.cl\/conservacion\/#breadcrumb"},"inLanguage":"en-US","potentialAction":[{"@type":"ReadAction","target":["https:\/\/www.filantropiacortessolari.cl\/conservacion\/"]}]},{"@type":"BreadcrumbList","@id":"https:\/\/www.filantropiacortessolari.cl\/conservacion\/#breadcrumb","itemListElement":[{"@type":"ListItem","position":1,"name":"Portada","item":"https:\/\/www.filantropiacortessolari.cl\/"},{"@type":"ListItem","position":2,"name":"CONSERVACI\u00d3N"}]},{"@type":"WebSite","@id":"https:\/\/www.filantropiacortessolari.cl\/#website","url":"https:\/\/www.filantropiacortessolari.cl\/","name":"Filantrop\u00eda Cort\u00e9s Solari","description":"Sitio web Filantrop\u00eda Cort\u00e9s Solari","potentialAction":[{"@type":"SearchAction","target":{"@type":"EntryPoint","urlTemplate":"https:\/\/www.filantropiacortessolari.cl\/?s={search_term_string}"},"query-input":{"@type":"PropertyValueSpecification","valueRequired":true,"valueName":"search_term_string"}}],"inLanguage":"en-US"}]}},"_links":{"self":[{"href":"https:\/\/www.filantropiacortessolari.cl\/en\/wp-json\/wp\/v2\/pages\/806","targetHints":{"allow":["GET"]}}],"collection":[{"href":"https:\/\/www.filantropiacortessolari.cl\/en\/wp-json\/wp\/v2\/pages"}],"about":[{"href":"https:\/\/www.filantropiacortessolari.cl\/en\/wp-json\/wp\/v2\/types\/page"}],"author":[{"embeddable":true,"href":"https:\/\/www.filantropiacortessolari.cl\/en\/wp-json\/wp\/v2\/users\/1"}],"replies":[{"embeddable":true,"href":"https:\/\/www.filantropiacortessolari.cl\/en\/wp-json\/wp\/v2\/comments?post=806"}],"version-history":[{"count":24,"href":"https:\/\/www.filantropiacortessolari.cl\/en\/wp-json\/wp\/v2\/pages\/806\/revisions"}],"predecessor-version":[{"id":11572,"href":"https:\/\/www.filantropiacortessolari.cl\/en\/wp-json\/wp\/v2\/pages\/806\/revisions\/11572"}],"wp:attachment":[{"href":"https:\/\/www.filantropiacortessolari.cl\/en\/wp-json\/wp\/v2\/media?parent=806"}],"curies":[{"name":"wp","href":"https:\/\/api.w.org\/{rel}","templated":true}]}}