{"id":8338,"date":"2019-08-26T10:26:01","date_gmt":"2019-08-26T13:26:01","guid":{"rendered":"http:\/\/intranet.filantropiacortessolari.cl\/?page_id=8338"},"modified":"2022-06-18T17:04:29","modified_gmt":"2022-06-18T20:04:29","slug":"ceds","status":"publish","type":"page","link":"https:\/\/www.filantropiacortessolari.cl\/en\/ceds\/","title":{"rendered":"CEDS"},"content":{"rendered":"<style type=\"text\/css\"> \n#cmsms_row_69d08678760cd4_89485837 .cmsms_row_outer_parent { \n\tpadding-top: 0px; \n} \n\n#cmsms_row_69d08678760cd4_89485837 .cmsms_row_outer_parent { \n\tpadding-bottom: 20px; \n} \n\n \n#cmsms_row_69d086787653b3_84891125 .cmsms_row_outer_parent { \n\tpadding-top: 0px; \n} \n\n#cmsms_row_69d086787653b3_84891125 .cmsms_row_outer_parent { \n\tpadding-bottom: 50px; \n} \n\n \n#cmsms_icon_box_69d08678766802_43775481 { \n\tborder-width:1px; \n\tcolor:#836d56;\n\tbackground-color:#2d2d38;\n\tborder-color:#836d56;\n} \n\n#cmsms_icon_box_69d08678766802_43775481:before, \n#cmsms_icon_box_69d08678766802_43775481 .icon_box_heading:before { \n\tfont-size:0px; \n\tline-height:0px; \n\twidth:0px; \n\theight:0px; \n\tborder-width:0px; \n\t-webkit-border-radius:50%; \n\tborder-radius:50%; \n\tcolor:#836d56;\n\tbackground-color:#2d2d38;\n\tborder-color:#836d56;\n} \n\n#cmsms_icon_box_69d08678766802_43775481.cmsms_icon_heading_left, \n#cmsms_icon_box_69d08678766802_43775481.cmsms_icon_top, \n#cmsms_icon_box_69d08678766802_43775481.cmsms_icon_box_left_top { \n\tpadding:30px 20px; } \n\n#cmsms_icon_box_69d08678766802_43775481.cmsms_icon_top:before { \n\ttop:30px;} \n\n#cmsms_icon_box_69d08678766802_43775481 a:not(.cmsms_button), \n#cmsms_icon_box_69d08678766802_43775481 a:not(.cmsms_button):hover, \n#cmsms_icon_box_69d08678766802_43775481 h1, \n#cmsms_icon_box_69d08678766802_43775481 h2, \n#cmsms_icon_box_69d08678766802_43775481 h3, \n#cmsms_icon_box_69d08678766802_43775481 h4, \n#cmsms_icon_box_69d08678766802_43775481 h5, \n#cmsms_icon_box_69d08678766802_43775481 h6 { \n\tcolor:#836d56;} \n\n#cmsms_icon_box_69d08678766802_43775481 a:not(.cmsms_button) { \n\n\ttext-decoration:underline;} \n\n#cmsms_icon_box_69d08678766802_43775481 a:not(.cmsms_button):hover { \n\n\ttext-decoration:none;} \n\n#cmsms_icon_box_69d08678766802_43775481.cmsms_icon_box_left, \n#cmsms_icon_box_69d08678766802_43775481.cmsms_icon_box_left_top { \n\tpadding-left:30px; \n\tmargin-left:0px; \n\t} \n\n#cmsms_icon_box_69d08678766802_43775481.cmsms_icon_box_left:before, \n#cmsms_icon_box_69d08678766802_43775481.cmsms_icon_box_left_top:before { \n\tleft:-0px; \n\t} \n\n#cmsms_icon_box_69d08678766802_43775481.cmsms_icon_box_left:before { \n\tmargin-top:-0px; \n\t} \n\n \n#cmsms_row_69d08678766de3_66194165 .cmsms_row_outer_parent { \n\tpadding-top: 0px; \n} \n\n#cmsms_row_69d08678766de3_66194165 .cmsms_row_outer_parent { \n\tpadding-bottom: 50px; \n} \n\n<\/style><div id=\"cmsms_row_69d08678760cd4_89485837\" class=\"cmsms_row cmsms_color_scheme_default\">\n<div class=\"cmsms_row_outer_parent\">\n<div class=\"cmsms_row_outer\">\n<div class=\"cmsms_row_inner\">\n<div class=\"cmsms_row_margin\">\n<div class=\"cmsms_column one_first\">\n<div class=\"aligncenter\">\n<div class=\"cmsms_img  cmsms_image_c\">\n<img decoding=\"async\" src=\"https:\/\/www.filantropiacortessolari.cl\/wp-content\/uploads\/2020\/03\/logo-ceds.png\" \/>\n<\/div>\n<\/div>\n<div class=\"cmsms_text\">\n<p>Filantrop\u00eda Cortes Solari, in its effort to be an agent of change that promotes the Comprehensive and Sustainable Development of Chile, understands the importance of having an entity that supports the theoretical design, diagnosis, and evaluation of the programs and policies it implements.<\/p>\n<p><strong>The <\/strong><strong>Centro de Estudios para el Desarrollo Sostenible<\/strong> (Center for Sustainable Development Studies, CEDS as per its Spanish acronym) is a private research center that came into being as a result of this understanding. With an academic focus, the center seeks to generate and make available to third parties (public and private sectors, civil organizations and citizens), knowledge and information on issues related to sustainable development.<\/p>\n<p>The work of the CEDS is framed within the United Nations definition of Sustainable Development: \u201cdevelopment that meets the needs of the present without compromising the ability of future generations to meet their own needs,\u201d together with the institutional conceptual framework based on Human Development, which guides the work of FCS.<\/p>\n<\/div>\n<\/div>\n<\/div>\n<\/div>\n<\/div>\n<\/div>\n<\/div>\n<div id=\"cmsms_row_69d086787653b3_84891125\" class=\"cmsms_row cmsms_color_scheme_default\">\n<div class=\"cmsms_row_outer_parent\">\n<div class=\"cmsms_row_outer\">\n<div class=\"cmsms_row_inner\">\n<div class=\"cmsms_row_margin\">\n<div class=\"cmsms_column one_first\">\n\n<div id=\"cmsms_icon_box_69d08678766802_43775481\" class=\"cmsms_icon_box cmsms_icon_box_left box_icon_type_icon cmsms-icon-heart-7\">\n<div class=\"icon_box_inner\">\n<h2 class=\"icon_box_heading\">These are the lines of action of the CEDS<\/h2>\n<div class=\"icon_box_text\">\n<ol>\n<li><strong>Conservation and Sustainability<\/strong><\/li>\n<\/ol>\n<ul>\n<li>Climate Change<\/li>\n<li>Conservation<\/li>\n<li>Science<\/li>\n<\/ul>\n<ol start=\"2\">\n<li><strong>Education and Wellness<\/strong><\/li>\n<\/ol>\n<ul>\n<li>Education and Culture<\/li>\n<li>Wellness<\/li>\n<\/ul>\n<ol start=\"3\">\n<li><strong>Economic Development<\/strong><\/li>\n<\/ol>\n<ul>\n<li>Economic Growth<\/li>\n<li>Innovation and Competitiveness<\/li>\n<\/ul>\n<ol start=\"4\">\n<li><strong>Philanthropy<\/strong><\/li>\n<\/ol>\n<ul>\n<li>Philanthropy and Sustainable Development<\/li>\n<li>Public-Private Cooperation Strategies<\/li>\n<\/ul>\n<\/div>\n<\/div>\n<\/div>\n<\/div>\n<\/div>\n<\/div>\n<\/div>\n<\/div>\n<\/div>\n<div id=\"cmsms_row_69d08678766de3_66194165\" class=\"cmsms_row cmsms_color_scheme_default\">\n<div class=\"cmsms_row_outer_parent\">\n<div class=\"cmsms_row_outer\">\n<div class=\"cmsms_row_inner\">\n<div class=\"cmsms_row_margin\">\n<div class=\"cmsms_column one_first\">\n<div class=\"cmsms_text\">\n<p>The CEDS generates rigorous and relevant knowledge that promotes the development of the programs of the FCS\u2019 network of Foundations and Elemental Reserves, as well as public policies and initiatives aimed at sustainable development. The center provides three types of core products:<\/p>\n<ol>\n<li><strong>Studies<\/strong>: Research related to Sustainable Development, whose objective is to broaden knowledge in each of our lines of work. This also includes theoretical frameworks relevant to the institutional work of FCS.<\/li>\n<li><strong>Evaluations<\/strong>: Evaluations of the impact and results of the different programs of the FCS\u2019 network of Foundations and Elemental Reserves, in order to contribute to their design and continuous improvement.<\/li>\n<li><strong>Consulting<\/strong>: As part of our work with external institutions, we provide consulting services on ad hoc topics, as mandated by the Board of Directors and according to our clients\u2019 requirements.<\/li>\n<\/ol>\n<\/div>\n<\/div>\n<\/div>\n<\/div>\n<\/div>\n<\/div>\n<\/div>\n\n","protected":false},"excerpt":{"rendered":"","protected":false},"author":1,"featured_media":0,"parent":0,"menu_order":0,"comment_status":"closed","ping_status":"closed","template":"","meta":{"footnotes":""},"class_list":["post-8338","page","type-page","status-publish","hentry"],"translation":{"provider":"WPGlobus","version":"3.0.2","language":"en","enabled_languages":["es","en"],"languages":{"es":{"title":true,"content":true,"excerpt":false},"en":{"title":true,"content":true,"excerpt":false}}},"yoast_head":"<!-- This site is optimized with the Yoast SEO plugin v27.1.1 - https:\/\/yoast.com\/product\/yoast-seo-wordpress\/ -->\n<title>CEDS<\/title>\n<meta name=\"robots\" content=\"index, follow, max-snippet:-1, max-image-preview:large, max-video-preview:-1\" \/>\n<link rel=\"canonical\" href=\"https:\/\/www.filantropiacortessolari.cl\/ceds\/\" \/>\n<meta property=\"og:locale\" content=\"en_US\" \/>\n<meta property=\"og:type\" content=\"article\" \/>\n<meta property=\"og:title\" content=\"CEDS\" \/>\n<meta property=\"og:url\" content=\"https:\/\/www.filantropiacortessolari.cl\/ceds\/\" \/>\n<meta property=\"og:site_name\" content=\"Filantrop\u00eda Cort\u00e9s Solari\" \/>\n<meta property=\"article:modified_time\" content=\"2022-06-18T20:04:29+00:00\" \/>\n<meta name=\"twitter:card\" content=\"summary_large_image\" \/>\n<meta name=\"twitter:label1\" content=\"Est. reading time\" \/>\n\t<meta name=\"twitter:data1\" content=\"2 minutes\" \/>\n<script type=\"application\/ld+json\" class=\"yoast-schema-graph\">{\"@context\":\"https:\/\/schema.org\",\"@graph\":[{\"@type\":\"WebPage\",\"@id\":\"https:\/\/www.filantropiacortessolari.cl\/ceds\/\",\"url\":\"https:\/\/www.filantropiacortessolari.cl\/ceds\/\",\"name\":\"CEDS\",\"isPartOf\":{\"@id\":\"https:\/\/www.filantropiacortessolari.cl\/#website\"},\"datePublished\":\"2019-08-26T13:26:01+00:00\",\"dateModified\":\"2022-06-18T20:04:29+00:00\",\"breadcrumb\":{\"@id\":\"https:\/\/www.filantropiacortessolari.cl\/ceds\/#breadcrumb\"},\"inLanguage\":\"en-US\",\"potentialAction\":[{\"@type\":\"ReadAction\",\"target\":[\"https:\/\/www.filantropiacortessolari.cl\/ceds\/\"]}]},{\"@type\":\"BreadcrumbList\",\"@id\":\"https:\/\/www.filantropiacortessolari.cl\/ceds\/#breadcrumb\",\"itemListElement\":[{\"@type\":\"ListItem\",\"position\":1,\"name\":\"Portada\",\"item\":\"https:\/\/www.filantropiacortessolari.cl\/\"},{\"@type\":\"ListItem\",\"position\":2,\"name\":\"CEDS\"}]},{\"@type\":\"WebSite\",\"@id\":\"https:\/\/www.filantropiacortessolari.cl\/#website\",\"url\":\"https:\/\/www.filantropiacortessolari.cl\/\",\"name\":\"Filantrop\u00eda Cort\u00e9s Solari\",\"description\":\"Sitio web Filantrop\u00eda Cort\u00e9s Solari\",\"potentialAction\":[{\"@type\":\"SearchAction\",\"target\":{\"@type\":\"EntryPoint\",\"urlTemplate\":\"https:\/\/www.filantropiacortessolari.cl\/?s={search_term_string}\"},\"query-input\":{\"@type\":\"PropertyValueSpecification\",\"valueRequired\":true,\"valueName\":\"search_term_string\"}}],\"inLanguage\":\"en-US\"}]}<\/script>\n<!-- \/ Yoast SEO plugin. -->","yoast_head_json":{"title":"CEDS","robots":{"index":"index","follow":"follow","max-snippet":"max-snippet:-1","max-image-preview":"max-image-preview:large","max-video-preview":"max-video-preview:-1"},"canonical":"https:\/\/www.filantropiacortessolari.cl\/ceds\/","og_locale":"en_US","og_type":"article","og_title":"CEDS","og_url":"https:\/\/www.filantropiacortessolari.cl\/ceds\/","og_site_name":"Filantrop\u00eda Cort\u00e9s Solari","article_modified_time":"2022-06-18T20:04:29+00:00","twitter_card":"summary_large_image","twitter_misc":{"Est. reading time":"2 minutes"},"schema":{"@context":"https:\/\/schema.org","@graph":[{"@type":"WebPage","@id":"https:\/\/www.filantropiacortessolari.cl\/ceds\/","url":"https:\/\/www.filantropiacortessolari.cl\/ceds\/","name":"CEDS","isPartOf":{"@id":"https:\/\/www.filantropiacortessolari.cl\/#website"},"datePublished":"2019-08-26T13:26:01+00:00","dateModified":"2022-06-18T20:04:29+00:00","breadcrumb":{"@id":"https:\/\/www.filantropiacortessolari.cl\/ceds\/#breadcrumb"},"inLanguage":"en-US","potentialAction":[{"@type":"ReadAction","target":["https:\/\/www.filantropiacortessolari.cl\/ceds\/"]}]},{"@type":"BreadcrumbList","@id":"https:\/\/www.filantropiacortessolari.cl\/ceds\/#breadcrumb","itemListElement":[{"@type":"ListItem","position":1,"name":"Portada","item":"https:\/\/www.filantropiacortessolari.cl\/"},{"@type":"ListItem","position":2,"name":"CEDS"}]},{"@type":"WebSite","@id":"https:\/\/www.filantropiacortessolari.cl\/#website","url":"https:\/\/www.filantropiacortessolari.cl\/","name":"Filantrop\u00eda Cort\u00e9s Solari","description":"Sitio web Filantrop\u00eda Cort\u00e9s Solari","potentialAction":[{"@type":"SearchAction","target":{"@type":"EntryPoint","urlTemplate":"https:\/\/www.filantropiacortessolari.cl\/?s={search_term_string}"},"query-input":{"@type":"PropertyValueSpecification","valueRequired":true,"valueName":"search_term_string"}}],"inLanguage":"en-US"}]}},"_links":{"self":[{"href":"https:\/\/www.filantropiacortessolari.cl\/en\/wp-json\/wp\/v2\/pages\/8338","targetHints":{"allow":["GET"]}}],"collection":[{"href":"https:\/\/www.filantropiacortessolari.cl\/en\/wp-json\/wp\/v2\/pages"}],"about":[{"href":"https:\/\/www.filantropiacortessolari.cl\/en\/wp-json\/wp\/v2\/types\/page"}],"author":[{"embeddable":true,"href":"https:\/\/www.filantropiacortessolari.cl\/en\/wp-json\/wp\/v2\/users\/1"}],"replies":[{"embeddable":true,"href":"https:\/\/www.filantropiacortessolari.cl\/en\/wp-json\/wp\/v2\/comments?post=8338"}],"version-history":[{"count":15,"href":"https:\/\/www.filantropiacortessolari.cl\/en\/wp-json\/wp\/v2\/pages\/8338\/revisions"}],"predecessor-version":[{"id":10672,"href":"https:\/\/www.filantropiacortessolari.cl\/en\/wp-json\/wp\/v2\/pages\/8338\/revisions\/10672"}],"wp:attachment":[{"href":"https:\/\/www.filantropiacortessolari.cl\/en\/wp-json\/wp\/v2\/media?parent=8338"}],"curies":[{"name":"wp","href":"https:\/\/api.w.org\/{rel}","templated":true}]}}