{"id":9956,"date":"2020-04-06T13:31:33","date_gmt":"2020-04-06T16:31:33","guid":{"rendered":"https:\/\/www.filantropiacortessolari.cl\/?page_id=9956"},"modified":"2023-08-14T10:50:58","modified_gmt":"2023-08-14T13:50:58","slug":"publicaciones","status":"publish","type":"page","link":"https:\/\/www.filantropiacortessolari.cl\/en\/publicaciones\/","title":{"rendered":"PUBLICATIONS"},"content":{"rendered":"<style type=\"text\/css\"> \n#cmsms_row_6a0768ace5e9b5_86803233 .cmsms_row_outer_parent { \n\tpadding-top: 0px; \n} \n\n#cmsms_row_6a0768ace5e9b5_86803233 .cmsms_row_outer_parent { \n\tpadding-bottom: 50px; \n} \n\n \n#cmsms_row_6a0768ace60672_82156493 .cmsms_row_outer_parent { \n\tpadding-top: 0px; \n} \n\n#cmsms_row_6a0768ace60672_82156493 .cmsms_row_outer_parent { \n\tpadding-bottom: 50px; \n} \n\n \n#cmsms_row_6a0768ace665e0_32830234 .cmsms_row_outer_parent { \n\tpadding-top: 0px; \n} \n\n#cmsms_row_6a0768ace665e0_32830234 .cmsms_row_outer_parent { \n\tpadding-bottom: 50px; \n} \n\n \n#cmsms_row_6a0768ace6b4c2_57712142 .cmsms_row_outer_parent { \n\tpadding-top: 0px; \n} \n\n#cmsms_row_6a0768ace6b4c2_57712142 .cmsms_row_outer_parent { \n\tpadding-bottom: 50px; \n} \n\n \n#cmsms_row_6a0768ace71b73_54991486 .cmsms_row_outer_parent { \n\tpadding-top: 0px; \n} \n\n#cmsms_row_6a0768ace71b73_54991486 .cmsms_row_outer_parent { \n\tpadding-bottom: 50px; \n} \n\n<\/style><div id=\"cmsms_row_6a0768ace5e9b5_86803233\" class=\"cmsms_row cmsms_color_scheme_default\">\n<div class=\"cmsms_row_outer_parent\">\n<div class=\"cmsms_row_outer\">\n<div class=\"cmsms_row_inner\">\n<div class=\"cmsms_row_margin\">\n<div class=\"cmsms_column one_first\">\n<div class=\"cmsms_text\">\n<h2>PUBLICATIONS<\/h2>\n<\/div>\n<\/div>\n<\/div>\n<\/div>\n<\/div>\n<\/div>\n<\/div>\n<div id=\"cmsms_row_6a0768ace60672_82156493\" class=\"cmsms_row cmsms_color_scheme_default\">\n<div class=\"cmsms_row_outer_parent\">\n<div class=\"cmsms_row_outer\">\n<div class=\"cmsms_row_inner\">\n<div class=\"cmsms_row_margin\">\n<div class=\"cmsms_column one_third\">\n<div class=\"aligncenter\">\n<div class=\"cmsms_img  cmsms_image_c\">\n<a href=\"https:\/\/www.filantropiacortessolari.cl\/wp-content\/uploads\/2022\/04\/guiadelflamenco_compressed-2.pdf\" target=\"_blank\"><img decoding=\"async\" src=\"https:\/\/www.filantropiacortessolari.cl\/wp-content\/uploads\/2022\/04\/banner2.jpg\" \/><\/a>\n<\/div>\n<\/div>\n<div class=\"cmsms_text\">\n<p><a href=\"https:\/\/www.filantropiacortessolari.cl\/wp-content\/uploads\/2022\/04\/guiadelflamenco_compressed-2.pdf\" target=\"_blank\" rel=\"noopener noreferrer\">Guide to Flamingos<\/a><\/p>\n<\/div>\n<\/div>\n<div class=\"cmsms_column one_third\">\n<div class=\"aligncenter\">\n<div class=\"cmsms_img  cmsms_image_c\">\n<a href=\"\/wp-content\/uploads\/2020\/LIK_guia%20condor_vfinal%20DIGITAL.pdf\" target=\"_blank\"><img decoding=\"async\" src=\"https:\/\/www.filantropiacortessolari.cl\/wp-content\/uploads\/2020\/04\/condor.jpg\" \/><\/a>\n<\/div>\n<\/div>\n<div class=\"cmsms_text\">\n<p><a href=\"\/wp-content\/uploads\/2020\/LIK_guia%20condor_vfinal%20DIGITAL.pdf\" target=\"_blank\" rel=\"noopener noreferrer\">Guide to the Condor and other Native Birds<\/a><\/p>\n<\/div>\n<\/div>\n<div class=\"cmsms_column one_third\">\n<div class=\"aligncenter\">\n<div class=\"cmsms_img  cmsms_image_c\">\n<a href=\"https:\/\/www.filantropiacortessolari.cl\/wp-content\/uploads\/2020\/06\/Towards-a-model-for-Effective-Conservation-and-Sustainable-Development.pdf\" target=\"_blank\"><img decoding=\"async\" src=\"https:\/\/www.filantropiacortessolari.cl\/wp-content\/uploads\/2020\/06\/reserva.jpg\" \/><\/a>\n<\/div>\n<\/div>\n<div class=\"cmsms_text\">\n<p><a href=\"https:\/\/www.filantropiacortessolari.cl\/wp-content\/uploads\/2020\/06\/Towards-a-model-for-Effective-Conservation-and-Sustainable-Development.pdf\" target=\"_blank\" rel=\"noopener noreferrer\">Towards a model for Effective Conservation and Sustainable Development<\/a><\/p>\n<\/div>\n<\/div>\n<\/div>\n<\/div>\n<\/div>\n<\/div>\n<\/div>\n<div id=\"cmsms_row_6a0768ace665e0_32830234\" class=\"cmsms_row cmsms_color_scheme_default\">\n<div class=\"cmsms_row_outer_parent\">\n<div class=\"cmsms_row_outer\">\n<div class=\"cmsms_row_inner\">\n<div class=\"cmsms_row_margin\">\n<div class=\"cmsms_column one_third\">\n<div class=\"aligncenter\">\n<div class=\"cmsms_img  cmsms_image_c\">\n<a href=\"https:\/\/www.fundacionmeri.cl\/wp-content\/uploads\/2019\/03\/MERI-Gu%C3%ADa-Dulceacu%C3%ADcola.pdf\" target=\"_blank\"><img decoding=\"async\" src=\"https:\/\/www.filantropiacortessolari.cl\/wp-content\/uploads\/2020\/04\/dulceacuicola.jpg\" \/><\/a>\n<\/div>\n<\/div>\n<div class=\"cmsms_text\">\n<p><a href=\"https:\/\/www.fundacionmeri.cl\/wp-content\/uploads\/2019\/03\/MERI-Gu%C3%ADa-Dulceacu%C3%ADcola.pdf\" target=\"_blank\" rel=\"noopener noreferrer\">Navigation Route Guide: The Patagonian Water<\/a><\/p>\n<\/div>\n<\/div>\n<div class=\"cmsms_column one_third\">\n<div class=\"aligncenter\">\n<div class=\"cmsms_img  cmsms_image_c\">\n<a href=\"https:\/\/www.fundacionmeri.cl\/wp-content\/uploads\/2019\/04\/MERI-Gu%C3%ADa-Did%C3%A1ctica-de-Cet%C3%A1ceos.pdf\" target=\"_blank\"><img decoding=\"async\" src=\"https:\/\/www.filantropiacortessolari.cl\/wp-content\/uploads\/2020\/04\/guiacetaceos.jpg\" \/><\/a>\n<\/div>\n<\/div>\n<div class=\"cmsms_text\">\n<p><a href=\"https:\/\/www.fundacionmeri.cl\/wp-content\/uploads\/2019\/04\/MERI-Gu%C3%ADa-Did%C3%A1ctica-de-Cet%C3%A1ceos.pdf\" target=\"_blank\" rel=\"attachment noopener wp-att-63960 noreferrer\">Didactic Guide on Cetaceans<\/a><\/p>\n<\/div>\n<\/div>\n<div class=\"cmsms_column one_third\">\n<div class=\"aligncenter\">\n<div class=\"cmsms_img  cmsms_image_c\">\n<a href=\"https:\/\/www.fundacionmeri.cl\/wp-content\/uploads\/2019\/04\/Amenazas-del-sist-dulceacuicola_1.pdf\" target=\"_blank\"><img decoding=\"async\" src=\"https:\/\/www.filantropiacortessolari.cl\/wp-content\/uploads\/2020\/04\/afiche.jpg\" \/><\/a>\n<\/div>\n<\/div>\n<div class=\"cmsms_text\">\n<p><a href=\"https:\/\/www.fundacionmeri.cl\/wp-content\/uploads\/2019\/04\/Amenazas-del-sist-dulceacuicola_1.pdf\" target=\"_blank\" rel=\"noopener noreferrer\">Inhabitants of Patagonian Waters Poster<\/a><\/p>\n<\/div>\n<\/div>\n<\/div>\n<\/div>\n<\/div>\n<\/div>\n<\/div>\n<div id=\"cmsms_row_6a0768ace6b4c2_57712142\" class=\"cmsms_row cmsms_color_scheme_default\">\n<div class=\"cmsms_row_outer_parent\">\n<div class=\"cmsms_row_outer\">\n<div class=\"cmsms_row_inner\">\n<div class=\"cmsms_row_margin\">\n<div class=\"cmsms_column one_third\">\n<div class=\"aligncenter\">\n<div class=\"cmsms_img  cmsms_image_c\">\n<a href=\"https:\/\/www.fundacionmeri.cl\/wp-content\/uploads\/2019\/04\/Amenazas-del-sist-dulceacuicola_3.pdf\" target=\"_blank\"><img decoding=\"async\" src=\"https:\/\/www.filantropiacortessolari.cl\/wp-content\/uploads\/2020\/04\/afiche2.jpg\" \/><\/a>\n<\/div>\n<\/div>\n<div class=\"cmsms_text\">\n<p><a href=\"https:\/\/www.fundacionmeri.cl\/wp-content\/uploads\/2019\/04\/Amenazas-del-sist-dulceacuicola_3.pdf\" target=\"_blank\" rel=\"noopener noreferrer\">Threats to the Freshwater System 1: Introduced Species Poster<\/a><\/p>\n<\/div>\n<\/div>\n<div class=\"cmsms_column one_third\">\n<div class=\"aligncenter\">\n<div class=\"cmsms_img  cmsms_image_c\">\n<a href=\"https:\/\/www.fundacionmeri.cl\/wp-content\/uploads\/2019\/04\/Amenazas-del-sist-dulceacuicola_2.pdf\" target=\"_blank\"><img decoding=\"async\" src=\"https:\/\/www.filantropiacortessolari.cl\/wp-content\/uploads\/2020\/04\/afiche3.jpg\" \/><\/a>\n<\/div>\n<\/div>\n<div class=\"cmsms_text\">\n<p><a href=\"https:\/\/www.fundacionmeri.cl\/wp-content\/uploads\/2019\/04\/Amenazas-del-sist-dulceacuicola_2.pdf\" target=\"_blank\" rel=\"noopener noreferrer\">Threats to the Freshwater System 2: Human Causes Poster<\/a><\/p>\n<\/div>\n<\/div>\n<div class=\"cmsms_column one_third\">\n<div class=\"aligncenter\">\n<div class=\"cmsms_img  cmsms_image_c\">\n<a href=\"https:\/\/reservaelemental.cl\/wp-content\/uploads\/2021\/08\/Conservacio%CC%81n-efectiva.pdf\" target=\"_blank\"><img decoding=\"async\" src=\"https:\/\/www.filantropiacortessolari.cl\/wp-content\/uploads\/2021\/08\/portada-documentos-libro-conservacion-fcs.jpg\" \/><\/a>\n<\/div>\n<\/div>\n<div class=\"cmsms_text\">\n<p><a href=\"https:\/\/reservaelemental.cl\/wp-content\/uploads\/2021\/08\/Conservacio%CC%81n-efectiva.pdf\" target=\"_blank\" rel=\"noopener noreferrer\">Effective Conservation: Territorial Approach<\/a><\/p>\n<\/div>\n<\/div>\n<\/div>\n<\/div>\n<\/div>\n<\/div>\n<\/div>\n<div id=\"cmsms_row_6a0768ace71b73_54991486\" class=\"cmsms_row cmsms_color_scheme_default\">\n<div class=\"cmsms_row_outer_parent\">\n<div class=\"cmsms_row_outer\">\n<div class=\"cmsms_row_inner\">\n<div class=\"cmsms_row_margin\">\n<div class=\"cmsms_column one_third\">\n<div class=\"aligncenter\">\n<div class=\"cmsms_img  cmsms_image_c\">\n<a href=\"https:\/\/fundacionmeri.cl\/wp-content\/uploads\/2021\/01\/Reserva-Elemental_Libro-Conservacio%CC%81n-Efectiva.pdf\" target=\"_blank\"><img decoding=\"async\" src=\"https:\/\/www.filantropiacortessolari.cl\/wp-content\/uploads\/2020\/04\/reserva.jpg\" \/><\/a>\n<\/div>\n<\/div>\n<div class=\"cmsms_text\">\n<p><a href=\"https:\/\/fundacionmeri.cl\/wp-content\/uploads\/2021\/01\/Reserva-Elemental_Libro-Conservacio%CC%81n-Efectiva.pdf\" target=\"_blank\" rel=\"noopener noreferrer\">Effective Conservation for Sustainable Development<\/a><\/p>\n<\/div>\n<\/div>\n<div class=\"cmsms_column one_third\">\n<div class=\"aligncenter\">\n<div class=\"cmsms_img  cmsms_image_c\">\n<a href=\"https:\/\/www.filantropiacortessolari.cl\/wp-content\/uploads\/2020\/04\/CASERTA_Mapa-Desarrollo-Humano.pdf\" target=\"_blank\"><img decoding=\"async\" src=\"https:\/\/www.filantropiacortessolari.cl\/wp-content\/uploads\/2020\/04\/mapadesarrollohumano.jpg\" \/><\/a>\n<\/div>\n<\/div>\n<div class=\"cmsms_text\">\n<p><a href=\"https:\/\/www.filantropiacortessolari.cl\/wp-content\/uploads\/2020\/04\/CASERTA_Mapa-Desarrollo-Humano.pdf\" target=\"_blank\" rel=\"noopener noreferrer\">Map of Human Development<\/a><\/p>\n<\/div>\n<\/div>\n<div class=\"cmsms_column one_third\">\n<\/div>\n<\/div>\n<\/div>\n<\/div>\n<\/div>\n<\/div>\n\n","protected":false},"excerpt":{"rendered":"","protected":false},"author":1,"featured_media":0,"parent":0,"menu_order":0,"comment_status":"closed","ping_status":"closed","template":"","meta":{"footnotes":""},"class_list":["post-9956","page","type-page","status-publish","hentry"],"translation":{"provider":"WPGlobus","version":"3.0.2","language":"en","enabled_languages":["es","en"],"languages":{"es":{"title":true,"content":true,"excerpt":false},"en":{"title":true,"content":true,"excerpt":false}}},"yoast_head":"<!-- This site is optimized with the Yoast SEO plugin v27.5 - https:\/\/yoast.com\/product\/yoast-seo-wordpress\/ -->\n<title>PUBLICATIONS<\/title>\n<meta name=\"robots\" content=\"index, follow, max-snippet:-1, max-image-preview:large, max-video-preview:-1\" \/>\n<link rel=\"canonical\" href=\"https:\/\/www.filantropiacortessolari.cl\/publicaciones\/\" \/>\n<meta property=\"og:locale\" content=\"en_US\" \/>\n<meta property=\"og:type\" content=\"article\" \/>\n<meta property=\"og:title\" content=\"PUBLICATIONS\" \/>\n<meta property=\"og:url\" content=\"https:\/\/www.filantropiacortessolari.cl\/publicaciones\/\" \/>\n<meta property=\"og:site_name\" content=\"Filantrop\u00eda Cort\u00e9s Solari\" \/>\n<meta property=\"article:modified_time\" content=\"2023-08-14T13:50:58+00:00\" \/>\n<meta name=\"twitter:card\" content=\"summary_large_image\" \/>\n<meta name=\"twitter:label1\" content=\"Est. reading time\" \/>\n\t<meta name=\"twitter:data1\" content=\"2 minutes\" \/>\n<script type=\"application\/ld+json\" class=\"yoast-schema-graph\">{\"@context\":\"https:\\\/\\\/schema.org\",\"@graph\":[{\"@type\":\"WebPage\",\"@id\":\"https:\\\/\\\/www.filantropiacortessolari.cl\\\/publicaciones\\\/\",\"url\":\"https:\\\/\\\/www.filantropiacortessolari.cl\\\/publicaciones\\\/\",\"name\":\"PUBLICATIONS\",\"isPartOf\":{\"@id\":\"https:\\\/\\\/www.filantropiacortessolari.cl\\\/#website\"},\"datePublished\":\"2020-04-06T16:31:33+00:00\",\"dateModified\":\"2023-08-14T13:50:58+00:00\",\"breadcrumb\":{\"@id\":\"https:\\\/\\\/www.filantropiacortessolari.cl\\\/publicaciones\\\/#breadcrumb\"},\"inLanguage\":\"en-US\",\"potentialAction\":[{\"@type\":\"ReadAction\",\"target\":[\"https:\\\/\\\/www.filantropiacortessolari.cl\\\/publicaciones\\\/\"]}]},{\"@type\":\"BreadcrumbList\",\"@id\":\"https:\\\/\\\/www.filantropiacortessolari.cl\\\/publicaciones\\\/#breadcrumb\",\"itemListElement\":[{\"@type\":\"ListItem\",\"position\":1,\"name\":\"Portada\",\"item\":\"https:\\\/\\\/www.filantropiacortessolari.cl\\\/\"},{\"@type\":\"ListItem\",\"position\":2,\"name\":\"PUBLICACIONES\"}]},{\"@type\":\"WebSite\",\"@id\":\"https:\\\/\\\/www.filantropiacortessolari.cl\\\/#website\",\"url\":\"https:\\\/\\\/www.filantropiacortessolari.cl\\\/\",\"name\":\"Filantrop\u00eda Cort\u00e9s Solari\",\"description\":\"Sitio web Filantrop\u00eda Cort\u00e9s Solari\",\"potentialAction\":[{\"@type\":\"SearchAction\",\"target\":{\"@type\":\"EntryPoint\",\"urlTemplate\":\"https:\\\/\\\/www.filantropiacortessolari.cl\\\/?s={search_term_string}\"},\"query-input\":{\"@type\":\"PropertyValueSpecification\",\"valueRequired\":true,\"valueName\":\"search_term_string\"}}],\"inLanguage\":\"en-US\"}]}<\/script>\n<!-- \/ Yoast SEO plugin. -->","yoast_head_json":{"title":"PUBLICATIONS","robots":{"index":"index","follow":"follow","max-snippet":"max-snippet:-1","max-image-preview":"max-image-preview:large","max-video-preview":"max-video-preview:-1"},"canonical":"https:\/\/www.filantropiacortessolari.cl\/publicaciones\/","og_locale":"en_US","og_type":"article","og_title":"PUBLICATIONS","og_url":"https:\/\/www.filantropiacortessolari.cl\/publicaciones\/","og_site_name":"Filantrop\u00eda Cort\u00e9s Solari","article_modified_time":"2023-08-14T13:50:58+00:00","twitter_card":"summary_large_image","twitter_misc":{"Est. reading time":"2 minutes"},"schema":{"@context":"https:\/\/schema.org","@graph":[{"@type":"WebPage","@id":"https:\/\/www.filantropiacortessolari.cl\/publicaciones\/","url":"https:\/\/www.filantropiacortessolari.cl\/publicaciones\/","name":"PUBLICATIONS","isPartOf":{"@id":"https:\/\/www.filantropiacortessolari.cl\/#website"},"datePublished":"2020-04-06T16:31:33+00:00","dateModified":"2023-08-14T13:50:58+00:00","breadcrumb":{"@id":"https:\/\/www.filantropiacortessolari.cl\/publicaciones\/#breadcrumb"},"inLanguage":"en-US","potentialAction":[{"@type":"ReadAction","target":["https:\/\/www.filantropiacortessolari.cl\/publicaciones\/"]}]},{"@type":"BreadcrumbList","@id":"https:\/\/www.filantropiacortessolari.cl\/publicaciones\/#breadcrumb","itemListElement":[{"@type":"ListItem","position":1,"name":"Portada","item":"https:\/\/www.filantropiacortessolari.cl\/"},{"@type":"ListItem","position":2,"name":"PUBLICACIONES"}]},{"@type":"WebSite","@id":"https:\/\/www.filantropiacortessolari.cl\/#website","url":"https:\/\/www.filantropiacortessolari.cl\/","name":"Filantrop\u00eda Cort\u00e9s Solari","description":"Sitio web Filantrop\u00eda Cort\u00e9s Solari","potentialAction":[{"@type":"SearchAction","target":{"@type":"EntryPoint","urlTemplate":"https:\/\/www.filantropiacortessolari.cl\/?s={search_term_string}"},"query-input":{"@type":"PropertyValueSpecification","valueRequired":true,"valueName":"search_term_string"}}],"inLanguage":"en-US"}]}},"_links":{"self":[{"href":"https:\/\/www.filantropiacortessolari.cl\/en\/wp-json\/wp\/v2\/pages\/9956","targetHints":{"allow":["GET"]}}],"collection":[{"href":"https:\/\/www.filantropiacortessolari.cl\/en\/wp-json\/wp\/v2\/pages"}],"about":[{"href":"https:\/\/www.filantropiacortessolari.cl\/en\/wp-json\/wp\/v2\/types\/page"}],"author":[{"embeddable":true,"href":"https:\/\/www.filantropiacortessolari.cl\/en\/wp-json\/wp\/v2\/users\/1"}],"replies":[{"embeddable":true,"href":"https:\/\/www.filantropiacortessolari.cl\/en\/wp-json\/wp\/v2\/comments?post=9956"}],"version-history":[{"count":25,"href":"https:\/\/www.filantropiacortessolari.cl\/en\/wp-json\/wp\/v2\/pages\/9956\/revisions"}],"predecessor-version":[{"id":11503,"href":"https:\/\/www.filantropiacortessolari.cl\/en\/wp-json\/wp\/v2\/pages\/9956\/revisions\/11503"}],"wp:attachment":[{"href":"https:\/\/www.filantropiacortessolari.cl\/en\/wp-json\/wp\/v2\/media?parent=9956"}],"curies":[{"name":"wp","href":"https:\/\/api.w.org\/{rel}","templated":true}]}}